{"id":14210,"date":"2022-10-06T15:07:46","date_gmt":"2022-10-06T14:07:46","guid":{"rendered":"http:\/\/flomak.com\/de\/?page_id=14210"},"modified":"2023-03-15T06:08:02","modified_gmt":"2023-03-15T06:08:02","slug":"unternehmensrichtlinien","status":"publish","type":"page","link":"https:\/\/flomak.com\/de\/unternehmensrichtlinien\/","title":{"rendered":"Unternehmensrichtlinien"},"content":{"rendered":"<p>[vc_section full_width=&#8220;stretch_row_content&#8220; pix_over_visibility=&#8220;&#8220; css=&#8220;.vc_custom_1664959937783{margin-bottom: 50px !important;}&#8220;][vc_row full_width=&#8220;stretch_row_content_no_spaces&#8220; content_placement=&#8220;middle&#8220; pix_particles_check=&#8220;&#8220; css=&#8220;.vc_custom_1664519325962{margin-top: 0px !important;margin-bottom: 0px !important;}&#8220;][vc_column offset=&#8220;vc_hidden-md vc_hidden-sm vc_hidden-xs&#8220;]<div id=\"el1664364363834-b02f3bad-74d3\" class=\"w-100 d-block  vc_custom_1664959738779\"><\/div>[\/vc_column][\/vc_row][\/vc_section][vc_section full_width=&#8220;stretch_row&#8220; pix_over_visibility=&#8220;&#8220; css=&#8220;.vc_custom_1664868703580{background-color: #f7f7f7 !important;}&#8220;][vc_row pix_particles_check=&#8220;&#8220; css=&#8220;.vc_custom_1664965679182{padding-bottom: 50px !important;}&#8220;][vc_column offset=&#8220;vc_hidden-xs&#8220;]<div id=\"el1664523541714-f64c441e-3cc7\" class=\"w-100 d-block \"><\/div>[vc_custom_heading text=&#8220;Unternehmensrichtlinien&#8220; font_container=&#8220;tag:h1|font_size:10vh|text_align:left|color:%23000000&#8243; google_fonts=&#8220;font_family:quarto-medium%3Aregular|font_style:400%20regular%3A400%3Anormal&#8220; css_animation=&#8220;slideInLeft&#8220;]<div id=\"el1664522643767-36f65bd1-4632\" class=\"w-100 d-block \"><\/div>[\/vc_column][vc_column offset=&#8220;vc_hidden-lg vc_hidden-md vc_hidden-sm&#8220;]<div id=\"el1664523246068-489a5d63-5bc7\" class=\"w-100 d-block \"><\/div>[vc_custom_heading text=&#8220;Unternehmensrichtlinien&#8220; font_container=&#8220;tag:h1|font_size:55px|text_align:left|color:%23000000&#8243; google_fonts=&#8220;font_family:quarto-medium%3Aregular|font_style:400%20regular%3A400%3Anormal&#8220; css_animation=&#8220;slideInLeft&#8220;]<div id=\"el1664519405317-aff99e2a-a11f\" class=\"w-100 d-block \"><\/div>[\/vc_column][vc_column width=&#8220;1\/2&#8243; css=&#8220;.vc_custom_1664976677248{padding-right: 50px !important;}&#8220;][vc_custom_heading text=&#8220;Wir sind stolz auf unsere Ethikpolitik&#8220; font_container=&#8220;tag:h4|text_align:left|color:%23000000&#8243; google_fonts=&#8220;font_family:quarto-bold%3Aregular|font_style:400%20regular%3A400%3Anormal&#8220; css_animation=&#8220;slideInRight&#8220;]<div id=\"el1664520131794-1fd779c4-721f\" class=\"w-100 d-block \"><\/div>[vc_custom_heading text=&#8220;Unsere Richtlinien vermitteln ein klares Bild unserer derzeitigen Praktiken und unserer k\u00fcnftigen Ziele. Die soziale Verantwortung des Unternehmens steht im Mittelpunkt unserer T\u00e4tigkeit \u2013 wir gehen keine Kompromisse im Umgang mit Menschen oder der Umwelt ein. Wir haben Arbeitsweisen entwickelt, die mit unserem Ethos des ethischen Umgangs mit Mitarbeitern, Lieferanten und Kunden \u00fcbereinstimmen. Die nachstehenden Richtlinien wurden vom Vorstand der Flomak Group genehmigt:&#8220; font_container=&#8220;tag:p|font_size:18|text_align:left|color:%23075ca1&#8243; google_fonts=&#8220;font_family:roobertregular%3Aregular|font_style:400%20regular%3A400%3Anormal&#8220; css_animation=&#8220;slideInLeft&#8220;][\/vc_column][vc_column width=&#8220;1\/2&#8243;]<div class=\"animate-in w-100\" data-anim-type=\"fade-in-left\" data-anim-delay=\"0\"><div class=\"pix-promo-box card w-100 h-1002 bg-transparent  pix-hover-item rounded-lg position-relative overflow-hidden text-white   text-left w-100 d-block\"  ><img decoding=\"async\" src=\"https:\/\/flomak.com\/de\/wp-content\/uploads\/sites\/14\/2022\/12\/CORPORATE-POLICIES.webp\" class=\"card-img pix-bg-image pix-img-scale h-100 rounded-lg pix-opacity-10 pix-hover-opacity-10\" alt=\"\"><div class=\"card-img-overlay2 d-inline-block w-100 pix-img-overlay pix-p-20 d-flex align-items-end\" style=\"min-height:540px;\"><div class=\"w-100\"><\/div><\/div><\/div><\/div>[\/vc_column][vc_column]<div id=\"el1665067338100-3bc271e6-7b4e\" class=\"w-100 d-block \"><\/div><div class=\"pix-el-text w-100 text-center \" ><p class=\"  text-body-default text-center \" ><span class=\"text-body-default animate-in d-inline-block\" data-anim-delay=\"0\" data-anim-type=\"fade-in-up\">Von Mitarbeitern, Lieferanten und Kunden bis hin zur Umwelt und der Kommunikation, in der wir leben und arbeiten &#8211; wenn es darum geht, soziale Verantwortung in alle Flomak-Standorte auf der ganzen Welt zu integrieren, spielen unsere CSR-Richtlinien eine wichtige Rolle.<\/span><\/p><\/div><div id=\"el1665067326915-52189171-7245\" class=\"w-100 d-block \"><\/div>[\/vc_column][\/vc_row][\/vc_section][vc_section full_width=&#8220;stretch_row&#8220; pix_over_visibility=&#8220;&#8220; css=&#8220;.vc_custom_1665068780304{padding-top: 100px !important;padding-bottom: 100px !important;background-color: #ffffff !important;}&#8220;][vc_row pix_particles_check=&#8220;&#8220; css=&#8220;.vc_custom_1665068643261{margin-bottom: 15px !important;background-color: #075ca1 !important;}&#8220;][vc_column]<div id=\"el1665068487643-154cf0a7-9bf1\" class=\"w-100 d-block \"><\/div>[\/vc_column][vc_column width=&#8220;1\/3&#8243; responsive_css=&#8220;{&#8222;pix_res_sm_pr&#8222;:&#8222;15&#8222;,&#8222;pix_res_sm_pl&#8222;:&#8222;15&#8222;,&#8222;pix_res_sm_mb&#8222;:&#8222;25px&#8222;,&#8222;pix_res_md_pr&#8222;:&#8222;15&#8222;,&#8222;pix_res_md_pl&#8222;:&#8222;15&#8222;}&#8220; css=&#8220;.vc_custom_1665122892308{padding-right: 50px !important;padding-left: 50px !important;}&#8220;][vc_custom_heading text=&#8220;Richtlinie zu Vielfalt und Inklusion&#8220; font_container=&#8220;tag:h2|font_size:44px|text_align:left|color:%23ffffff&#8220; google_fonts=&#8220;font_family:quarto-medium%3Aregular|font_style:400%20regular%3A400%3Anormal&#8220; css_animation=&#8220;fadeInLeft&#8220;][\/vc_column][vc_column width=&#8220;2\/3&#8243; responsive_css=&#8220;{&#8222;pix_res_sm_pr&#8222;:&#8222;15px&#8222;,&#8222;pix_res_md_pr&#8222;:&#8222;15px&#8222;}&#8220; css=&#8220;.vc_custom_1665137798836{padding-right: 50px !important;}&#8220;]<div class=\"pix-el-text w-100  \" ><p class=\"  text-white  \" ><span class=\"text-white animate-in d-inline-block\" data-anim-delay=\"0\" data-anim-type=\"fade-in-right\">Inklusion ist f\u00fcr uns ein Muss und flie\u00dft in alle unsere Einstellungsprozesse ein. Wir bieten Transparenz und Fairness in den Bereichen Verg\u00fctung, Ausbildung, Sozialleistungen, Kompetenzentwicklung und Mitarbeiterbindung.<\/span><\/p><\/div><a  href=\"http:\/\/flomak.com\/de\/wp-content\/uploads\/sites\/14\/2022\/11\/Flomak_Group_Diversity_and_Inclusion_Policy.pdf\" class=\"btn mb-2    vc_custom_1678860420873  btn-link text-white d-block w-100  pix-hover-item   text-left    btn-md\" target=\"_blank\" rel=\"noopener\"    ><span class=\"font-weight-bold \" >Herunterladen<\/span> <i class=\"font-weight-bold pixicon-arrow-right2  pix-hover-right  ml-1\"><\/i><\/a>[\/vc_column][vc_column]<div id=\"el1665068375154-7d1a365e-98fc\" class=\"w-100 d-block \"><\/div>[\/vc_column][\/vc_row][vc_row pix_particles_check=&#8220;&#8220; css=&#8220;.vc_custom_1665068675501{margin-bottom: 15px !important;background-color: #075ca1 !important;}&#8220;][vc_column]<div id=\"el1665068510773-76030baa-18e8\" class=\"w-100 d-block \"><\/div>[\/vc_column][vc_column width=&#8220;1\/3&#8243; responsive_css=&#8220;{&#8222;pix_res_sm_pr&#8222;:&#8222;15&#8222;,&#8222;pix_res_sm_pl&#8222;:&#8222;15&#8222;,&#8222;pix_res_sm_mb&#8222;:&#8222;25px&#8222;,&#8222;pix_res_md_pr&#8222;:&#8222;15&#8222;,&#8222;pix_res_md_pl&#8222;:&#8222;15&#8222;}&#8220; css=&#8220;.vc_custom_1677245707984{padding-right: 50px !important;padding-left: 50px !important;}&#8220;][vc_custom_heading text=&#8220;Menschenrechts politik&#8220; font_container=&#8220;tag:h2|font_size:44px|text_align:left|color:%23ffffff&#8220; google_fonts=&#8220;font_family:quarto-medium%3Aregular|font_style:400%20regular%3A400%3Anormal&#8220; css_animation=&#8220;fadeInLeft&#8220;][\/vc_column][vc_column width=&#8220;2\/3&#8243; responsive_css=&#8220;{&#8222;pix_res_sm_pr&#8222;:&#8222;15px&#8222;,&#8222;pix_res_md_pr&#8222;:&#8222;15px&#8222;}&#8220; css=&#8220;.vc_custom_1677245651811{padding-right: 50px !important;}&#8220;]<div class=\"pix-el-text w-100  \" ><p class=\"  text-white  \" ><span class=\"text-white animate-in d-inline-block\" data-anim-delay=\"0\" data-anim-type=\"fade-in-right\">Menschenrechte werden in unserem gesamten Unternehmen geachtet. Wir arbeiten nur mit Partnern zusammen, die unsere ethischen Vorstellungen teilen, und wir halten uns stets an die nationalen Gesetze der L\u00e4nder, in denen wir t\u00e4tig sind.<\/span><\/p><\/div><a  href=\"http:\/\/flomak.com\/de\/wp-content\/uploads\/sites\/14\/2022\/11\/Flomak_Group_Human_Rights_Policy.pdf\" class=\"btn mb-2    vc_custom_1678860432188  btn-link text-white d-block w-100  pix-hover-item   text-left    btn-md\" target=\"_blank\" rel=\"noopener\"    ><span class=\"font-weight-bold \" >Herunterladen<\/span> <i class=\"font-weight-bold pixicon-arrow-right2  pix-hover-right  ml-1\"><\/i><\/a>[\/vc_column][vc_column]<div id=\"el1665068510780-804bf37a-9a33\" class=\"w-100 d-block \"><\/div>[\/vc_column][\/vc_row][vc_row pix_particles_check=&#8220;&#8220; css=&#8220;.vc_custom_1665068666502{margin-bottom: 15px !important;background-color: #075ca1 !important;}&#8220;][vc_column]<div id=\"el1665068547198-d2a3e86e-669b\" class=\"w-100 d-block \"><\/div>[\/vc_column][vc_column width=&#8220;1\/3&#8243; responsive_css=&#8220;{&#8222;pix_res_sm_pr&#8222;:&#8222;15&#8222;,&#8222;pix_res_sm_pl&#8222;:&#8222;15&#8222;,&#8222;pix_res_sm_mb&#8222;:&#8222;25px&#8222;,&#8222;pix_res_md_pr&#8222;:&#8222;15&#8222;,&#8222;pix_res_md_pl&#8222;:&#8222;15&#8222;}&#8220; css=&#8220;.vc_custom_1665122955770{padding-right: 50px !important;padding-left: 50px !important;}&#8220;][vc_custom_heading text=&#8220;Umweltspolitik&#8220; font_container=&#8220;tag:h2|font_size:44px|text_align:left|color:%23ffffff&#8220; google_fonts=&#8220;font_family:quarto-medium%3Aregular|font_style:400%20regular%3A400%3Anormal&#8220; css_animation=&#8220;fadeInLeft&#8220;][\/vc_column][vc_column width=&#8220;2\/3&#8243; responsive_css=&#8220;{&#8222;pix_res_sm_pr&#8222;:&#8222;15px&#8222;,&#8222;pix_res_md_pr&#8222;:&#8222;15px&#8222;}&#8220; css=&#8220;.vc_custom_1665136787421{padding-right: 50px !important;}&#8220;]<div class=\"pix-el-text w-100  \" ><p class=\"  text-white  \" ><span class=\"text-white animate-in d-inline-block\" data-anim-delay=\"0\" data-anim-type=\"fade-in-right\">Wir setzen uns f\u00fcr die Gesundheit und Langlebigkeit unseres Planeten ein. Unsere Unternehmen tun mehr als das, um umweltfreundlich zu sein, und wir erwarten das Gleiche von unseren externen Interessenvertretern.<\/span><\/p><\/div><a  href=\"http:\/\/flomak.com\/de\/wp-content\/uploads\/sites\/14\/2022\/11\/Flomak_Group_Environmental_Policy.pdf\" class=\"btn mb-2    vc_custom_1678860444110  btn-link text-white d-block w-100  pix-hover-item   text-left    btn-md\" target=\"_blank\" rel=\"noopener\"    ><span class=\"font-weight-bold \" >Herunterladen<\/span> <i class=\"font-weight-bold pixicon-arrow-right2  pix-hover-right  ml-1\"><\/i><\/a>[\/vc_column][vc_column]<div id=\"el1665068547203-1ec6424c-c51b\" class=\"w-100 d-block \"><\/div>[\/vc_column][\/vc_row][vc_row pix_particles_check=&#8220;&#8220; css=&#8220;.vc_custom_1665068682995{margin-bottom: 15px !important;background-color: #075ca1 !important;}&#8220;][vc_column]<div id=\"el1665068554752-002172a7-e8bf\" class=\"w-100 d-block \"><\/div>[\/vc_column][vc_column width=&#8220;1\/3&#8243; responsive_css=&#8220;{&#8222;pix_res_sm_pr&#8222;:&#8222;15&#8222;,&#8222;pix_res_sm_pl&#8222;:&#8222;15&#8222;,&#8222;pix_res_sm_mb&#8222;:&#8222;25px&#8222;,&#8222;pix_res_md_pr&#8222;:&#8222;15&#8222;,&#8222;pix_res_md_pl&#8222;:&#8222;15&#8222;}&#8220; css=&#8220;.vc_custom_1665122973785{padding-right: 50px !important;padding-left: 50px !important;}&#8220;][vc_custom_heading text=&#8220;Arbeitsnormen<br \/>\npolitik&#8220; font_container=&#8220;tag:h2|font_size:44px|text_align:left|color:%23ffffff&#8220; google_fonts=&#8220;font_family:quarto-medium%3Aregular|font_style:400%20regular%3A400%3Anormal&#8220; css_animation=&#8220;fadeInLeft&#8220;][\/vc_column][vc_column width=&#8220;2\/3&#8243; responsive_css=&#8220;{&#8222;pix_res_sm_pr&#8222;:&#8222;15px&#8222;,&#8222;pix_res_md_pr&#8222;:&#8222;15px&#8222;}&#8220; css=&#8220;.vc_custom_1665136826227{padding-right: 50px !important;}&#8220;]<div class=\"pix-el-text w-100  \" ><p class=\"  text-white  \" ><span class=\"text-white animate-in d-inline-block\" data-anim-delay=\"0\" data-anim-type=\"fade-in-right\">Menschen stehen im Mittelpunkt unserer T\u00e4tigkeit. Wir halten alle gesetzlichen Arbeitsnormen ein und arbeiten st\u00e4ndig daran, die Bedingungen f\u00fcr unsere Mitarbeiter zu verbessern. Jede Organisation, mit der wir zusammenarbeiten, ist verpflichtet, dasselbe zu tun.<\/span><\/p><\/div><a  href=\"http:\/\/flomak.com\/de\/wp-content\/uploads\/sites\/14\/2022\/11\/Flomak_Group_Labour_Standards_Policy.pdf\" class=\"btn mb-2    vc_custom_1678860466062  btn-link text-white d-block w-100  pix-hover-item   text-left    btn-md\" target=\"_blank\" rel=\"noopener\"    ><span class=\"font-weight-bold \" >Herunterladen<\/span> <i class=\"font-weight-bold pixicon-arrow-right2  pix-hover-right  ml-1\"><\/i><\/a>[\/vc_column][vc_column]<div id=\"el1665068554755-8c9dd0e8-e705\" class=\"w-100 d-block \"><\/div>[\/vc_column][\/vc_row][vc_row pix_particles_check=&#8220;&#8220; css=&#8220;.vc_custom_1665068461439{background-color: #075ca1 !important;}&#8220;][vc_column]<div id=\"el1665068560659-5950104c-535c\" class=\"w-100 d-block \"><\/div>[\/vc_column][vc_column width=&#8220;1\/3&#8243; responsive_css=&#8220;{&#8222;pix_res_sm_pr&#8222;:&#8222;15&#8222;,&#8222;pix_res_sm_pl&#8222;:&#8222;15&#8222;,&#8222;pix_res_sm_mb&#8222;:&#8222;25px&#8222;,&#8222;pix_res_md_pr&#8222;:&#8222;15&#8222;,&#8222;pix_res_md_pl&#8222;:&#8222;15&#8222;}&#8220; css=&#8220;.vc_custom_1665122988150{padding-right: 50px !important;padding-left: 50px !important;}&#8220;][vc_custom_heading text=&#8220;Erkl\u00e4rung zum Gesetz \u00fcber moderne Sklaverei&#8220; font_container=&#8220;tag:h2|font_size:44px|text_align:left|color:%23ffffff&#8220; google_fonts=&#8220;font_family:quarto-medium%3Aregular|font_style:400%20regular%3A400%3Anormal&#8220; css_animation=&#8220;fadeInLeft&#8220;][\/vc_column][vc_column width=&#8220;2\/3&#8243; responsive_css=&#8220;{&#8222;pix_res_sm_pr&#8222;:&#8222;15px&#8222;,&#8222;pix_res_md_pr&#8222;:&#8222;15px&#8222;}&#8220; css=&#8220;.vc_custom_1665136984019{padding-right: 50px !important;}&#8220;]<div class=\"pix-el-text w-100  \" ><p class=\"  text-white  \" ><span class=\"text-white animate-in d-inline-block\" data-anim-delay=\"0\" data-anim-type=\"fade-in-right\">In dieser Erkl\u00e4rung wird unsere Verpflichtung zur Bek\u00e4mpfung von Sklaverei und Menschenhandel dargelegt. Sie steht im Einklang mit unserem Verhaltenskodex, unseren Unternehmensrichtlinien und dem UK Modern Slavery Act (2005).<\/span><\/p><\/div><a  href=\"http:\/\/flomak.com\/de\/wp-content\/uploads\/sites\/14\/2022\/11\/Flomak_Group_Modern_Slavery_Statement.pdf\" class=\"btn mb-2    vc_custom_1678860476544  btn-link text-white d-block w-100  pix-hover-item   text-left    btn-md\" target=\"_blank\" rel=\"noopener\"    ><span class=\"font-weight-bold \" >Herunterladen<\/span> <i class=\"font-weight-bold pixicon-arrow-right2  pix-hover-right  ml-1\"><\/i><\/a>[\/vc_column][vc_column]<div id=\"el1665068560665-827b4979-2fa0\" class=\"w-100 d-block \"><\/div>[\/vc_column][\/vc_row][\/vc_section]<\/p>\n","protected":false},"excerpt":{"rendered":"[vc_section full_width=&#8220;stretch_row_content&#8220; pix_over_visibility=&#8220;&#8220; css=&#8220;.vc_custom_1664959937783{margin-bottom: 50px !important;}&#8220;][vc_row full_width=&#8220;stretch_row_content_no_spaces&#8220; content_placement=&#8220;middle&#8220; pix_particles_check=&#8220;&#8220; css=&#8220;.vc_custom_1664519325962{margin-top: 0px !important;margin-bottom: 0px !important;}&#8220;][vc_column offset=&#8220;vc_hidden-md vc_hidden-sm vc_hidden-xs&#8220;][\/vc_column][\/vc_row][\/vc_section][vc_section full_width=&#8220;stretch_row&#8220; pix_over_visibility=&#8220;&#8220; css=&#8220;.vc_custom_1664868703580{background-color: #f7f7f7 !important;}&#8220;][vc_row pix_particles_check=&#8220;&#8220; css=&#8220;.vc_custom_1664965679182{padding-bottom: 50px !important;}&#8220;][vc_column offset=&#8220;vc_hidden-xs&#8220;][vc_custom_heading text=&#8220;Unternehmensrichtlinien&#8220; font_container=&#8220;tag:h1|font_size:10vh|text_align:left|color:%23000000&#8243; google_fonts=&#8220;font_family:quarto-medium%3Aregular|font_style:400%20regular%3A400%3Anormal&#8220; css_animation=&#8220;slideInLeft&#8220;][\/vc_column][vc_column offset=&#8220;vc_hidden-lg vc_hidden-md vc_hidden-sm&#8220;][vc_custom_heading text=&#8220;Unternehmensrichtlinien&#8220; font_container=&#8220;tag:h1|font_size:55px|text_align:left|color:%23000000&#8243; google_fonts=&#8220;font_family:quarto-medium%3Aregular|font_style:400%20regular%3A400%3Anormal&#8220; css_animation=&#8220;slideInLeft&#8220;][\/vc_column][vc_column width=&#8220;1\/2&#8243; css=&#8220;.vc_custom_1664976677248{padding-right:&#8230;","protected":false},"author":2,"featured_media":0,"parent":0,"menu_order":0,"comment_status":"closed","ping_status":"closed","template":"","meta":{"om_disable_all_campaigns":false,"_monsterinsights_skip_tracking":false,"_monsterinsights_sitenote_active":false,"_monsterinsights_sitenote_note":"","_monsterinsights_sitenote_category":0,"footnotes":""},"class_list":["post-14210","page","type-page","status-publish","hentry"],"aioseo_notices":[],"_links":{"self":[{"href":"https:\/\/flomak.com\/de\/wp-json\/wp\/v2\/pages\/14210","targetHints":{"allow":["GET"]}}],"collection":[{"href":"https:\/\/flomak.com\/de\/wp-json\/wp\/v2\/pages"}],"about":[{"href":"https:\/\/flomak.com\/de\/wp-json\/wp\/v2\/types\/page"}],"author":[{"embeddable":true,"href":"https:\/\/flomak.com\/de\/wp-json\/wp\/v2\/users\/2"}],"replies":[{"embeddable":true,"href":"https:\/\/flomak.com\/de\/wp-json\/wp\/v2\/comments?post=14210"}],"version-history":[{"count":52,"href":"https:\/\/flomak.com\/de\/wp-json\/wp\/v2\/pages\/14210\/revisions"}],"predecessor-version":[{"id":15606,"href":"https:\/\/flomak.com\/de\/wp-json\/wp\/v2\/pages\/14210\/revisions\/15606"}],"wp:attachment":[{"href":"https:\/\/flomak.com\/de\/wp-json\/wp\/v2\/media?parent=14210"}],"curies":[{"name":"wp","href":"https:\/\/api.w.org\/{rel}","templated":true}]}}