{"id":14793,"date":"2022-11-07T11:56:17","date_gmt":"2022-11-07T11:56:17","guid":{"rendered":"https:\/\/flomak.com\/de\/?page_id=14793"},"modified":"2023-03-10T08:16:52","modified_gmt":"2023-03-10T08:16:52","slug":"drucklosungen","status":"publish","type":"page","link":"https:\/\/flomak.com\/de\/drucklosungen\/","title":{"rendered":"Druckl\u00f6sungen"},"content":{"rendered":"<p>[vc_section full_width=&#8220;stretch_row_content&#8220; pix_over_visibility=&#8220;&#8220; css=&#8220;.vc_custom_1664959937783{margin-bottom: 50px !important;}&#8220;][vc_row full_width=&#8220;stretch_row_content_no_spaces&#8220; content_placement=&#8220;middle&#8220; pix_particles_check=&#8220;&#8220; css=&#8220;.vc_custom_1664519325962{margin-top: 0px !important;margin-bottom: 0px !important;}&#8220;][vc_column offset=&#8220;vc_hidden-md vc_hidden-sm vc_hidden-xs&#8220;]<div id=\"el1664364363834-b02f3bad-74d3\" class=\"w-100 d-block  vc_custom_1664959738779\"><\/div>[\/vc_column][\/vc_row][\/vc_section][vc_section full_width=&#8220;stretch_row&#8220; pix_over_visibility=&#8220;&#8220; css=&#8220;.vc_custom_1664868703580{background-color: #f7f7f7 !important;}&#8220;][vc_row pix_particles_check=&#8220;&#8220; css=&#8220;.vc_custom_1664965679182{padding-bottom: 50px !important;}&#8220;][vc_column offset=&#8220;vc_hidden-xs&#8220;]<div id=\"el1664523541714-f64c441e-3cc7\" class=\"w-100 d-block \"><\/div>[vc_custom_heading text=&#8220;Druckl\u00f6sungen&#8220; font_container=&#8220;tag:h1|font_size:10vh|text_align:left|color:%23000000&#8243; google_fonts=&#8220;font_family:quarto-medium%3Aregular|font_style:400%20regular%3A400%3Anormal&#8220; css_animation=&#8220;slideInLeft&#8220;]<div id=\"el1664522643767-36f65bd1-4632\" class=\"w-100 d-block \"><\/div>[\/vc_column][vc_column offset=&#8220;vc_hidden-lg vc_hidden-md vc_hidden-sm&#8220;]<div id=\"el1664523246068-489a5d63-5bc7\" class=\"w-100 d-block \"><\/div>[vc_custom_heading text=&#8220;Druckl\u00f6sungen&#8220; font_container=&#8220;tag:h1|font_size:55px|text_align:left|color:%23000000&#8243; google_fonts=&#8220;font_family:quarto-medium%3Aregular|font_style:400%20regular%3A400%3Anormal&#8220; css_animation=&#8220;slideInLeft&#8220;]<div id=\"el1664519405317-aff99e2a-a11f\" class=\"w-100 d-block \"><\/div>[\/vc_column][vc_column width=&#8220;1\/2&#8243; css=&#8220;.vc_custom_1664976677248{padding-right: 50px !important;}&#8220;][vc_custom_heading text=&#8220;F\u00fchrende Druckmaterialien, au\u00dfergew\u00f6hnlicher Wert&#8220; font_container=&#8220;tag:h4|text_align:left|color:%23000000&#8243; google_fonts=&#8220;font_family:quarto-bold%3Aregular|font_style:400%20regular%3A400%3Anormal&#8220; css_animation=&#8220;slideInRight&#8220;]<div id=\"el1664520131794-1fd779c4-721f\" class=\"w-100 d-block \"><\/div>[vc_custom_heading text=&#8220;Flomak Druckl\u00f6sungen sind in \u00fcber 110 L\u00e4ndern erh\u00e4ltlich. Branchenf\u00fchrende Drucktechniken und Materialien haben uns ein breites Netz von Kunden und Mitarbeitern gesichert. Ein ausgezeichnetes Preis-Leistungs-Verh\u00e4ltnis verschafft uns einen Wettbewerbsvorteil. &#8220; font_container=&#8220;tag:p|font_size:18|text_align:left|color:%23075ca1&#8243; google_fonts=&#8220;font_family:roobertregular%3Aregular|font_style:400%20regular%3A400%3Anormal&#8220; css_animation=&#8220;slideInLeft&#8220;][\/vc_column][vc_column width=&#8220;1\/2&#8243;]<div id=\"el1671087094358-645a80fa-a512\" class=\"w-100 d-block  vc_custom_1671087121087\"><\/div>[\/vc_column][\/vc_row][vc_row pix_particles_check=&#8220;&#8220;][vc_column]<div class=\"pix-el-text w-100 text-center \" ><p class=\"  text-body-default text-center \" >Unsere hochwertigen Druckmaterialien und Spezialanwendungen werden in der Mode-, Automobil-, Verteidigungs-, Medizin- und Konsumg\u00fcterindustrie eingesetzt. Jeder Sektor, in dem wir t\u00e4tig sind, profitiert von effizienten Produkten, die auf seine Bed\u00fcrfnisse zugeschnitten sind. <\/p><\/div><div class=\"pix-el-text w-100  \" ><p class=\"  text-body-default  \" >Unser umfangreiches Portfolio umfasst Nahtb\u00e4nder f\u00fcr den Automobilinnenraum, wasserdichte Membranen f\u00fcr taktische und milit\u00e4rische Bekleidung und Hei\u00dfpr\u00e4gefolien f\u00fcr Modeprodukte. Flomak Druckl\u00f6sungen ist ein One-Stop-Shop f\u00fcr die funktionalen und \u00e4sthetischen Anforderungen unserer Kunden. <\/p><\/div>[\/vc_column][\/vc_row][\/vc_section]<\/p>\n","protected":false},"excerpt":{"rendered":"[vc_section full_width=&#8220;stretch_row_content&#8220; pix_over_visibility=&#8220;&#8220; css=&#8220;.vc_custom_1664959937783{margin-bottom: 50px !important;}&#8220;][vc_row full_width=&#8220;stretch_row_content_no_spaces&#8220; content_placement=&#8220;middle&#8220; pix_particles_check=&#8220;&#8220; css=&#8220;.vc_custom_1664519325962{margin-top: 0px !important;margin-bottom: 0px !important;}&#8220;][vc_column offset=&#8220;vc_hidden-md vc_hidden-sm vc_hidden-xs&#8220;][\/vc_column][\/vc_row][\/vc_section][vc_section full_width=&#8220;stretch_row&#8220; pix_over_visibility=&#8220;&#8220; css=&#8220;.vc_custom_1664868703580{background-color: #f7f7f7 !important;}&#8220;][vc_row pix_particles_check=&#8220;&#8220; css=&#8220;.vc_custom_1664965679182{padding-bottom: 50px !important;}&#8220;][vc_column offset=&#8220;vc_hidden-xs&#8220;][vc_custom_heading text=&#8220;Druckl\u00f6sungen&#8220; font_container=&#8220;tag:h1|font_size:10vh|text_align:left|color:%23000000&#8243; google_fonts=&#8220;font_family:quarto-medium%3Aregular|font_style:400%20regular%3A400%3Anormal&#8220; css_animation=&#8220;slideInLeft&#8220;][\/vc_column][vc_column offset=&#8220;vc_hidden-lg vc_hidden-md vc_hidden-sm&#8220;][vc_custom_heading text=&#8220;Druckl\u00f6sungen&#8220; font_container=&#8220;tag:h1|font_size:55px|text_align:left|color:%23000000&#8243; google_fonts=&#8220;font_family:quarto-medium%3Aregular|font_style:400%20regular%3A400%3Anormal&#8220; css_animation=&#8220;slideInLeft&#8220;][\/vc_column][vc_column width=&#8220;1\/2&#8243; css=&#8220;.vc_custom_1664976677248{padding-right:&#8230;","protected":false},"author":1,"featured_media":0,"parent":0,"menu_order":0,"comment_status":"closed","ping_status":"closed","template":"","meta":{"om_disable_all_campaigns":false,"_monsterinsights_skip_tracking":false,"_monsterinsights_sitenote_active":false,"_monsterinsights_sitenote_note":"","_monsterinsights_sitenote_category":0,"footnotes":""},"class_list":["post-14793","page","type-page","status-publish","hentry"],"aioseo_notices":[],"_links":{"self":[{"href":"https:\/\/flomak.com\/de\/wp-json\/wp\/v2\/pages\/14793","targetHints":{"allow":["GET"]}}],"collection":[{"href":"https:\/\/flomak.com\/de\/wp-json\/wp\/v2\/pages"}],"about":[{"href":"https:\/\/flomak.com\/de\/wp-json\/wp\/v2\/types\/page"}],"author":[{"embeddable":true,"href":"https:\/\/flomak.com\/de\/wp-json\/wp\/v2\/users\/1"}],"replies":[{"embeddable":true,"href":"https:\/\/flomak.com\/de\/wp-json\/wp\/v2\/comments?post=14793"}],"version-history":[{"count":11,"href":"https:\/\/flomak.com\/de\/wp-json\/wp\/v2\/pages\/14793\/revisions"}],"predecessor-version":[{"id":15573,"href":"https:\/\/flomak.com\/de\/wp-json\/wp\/v2\/pages\/14793\/revisions\/15573"}],"wp:attachment":[{"href":"https:\/\/flomak.com\/de\/wp-json\/wp\/v2\/media?parent=14793"}],"curies":[{"name":"wp","href":"https:\/\/api.w.org\/{rel}","templated":true}]}}