{"id":4,"date":"2020-06-03T04:11:08","date_gmt":"2020-06-03T03:11:08","guid":{"rendered":"https:\/\/essentials.pixfort.com\/business\/?page_id=4"},"modified":"2023-03-15T06:19:19","modified_gmt":"2023-03-15T06:19:19","slug":"homepage","status":"publish","type":"page","link":"https:\/\/flomak.com\/de\/","title":{"rendered":"Flomak Gruppe"},"content":{"rendered":"<p>[vc_section full_width=&#8220;stretch_row_content&#8220; pix_over_visibility=&#8220;&#8220; css=&#8220;.vc_custom_1666168706631{padding-top: 0px !important;}&#8220;][vc_row full_width=&#8220;stretch_row_content_no_spaces&#8220; pix_particles_check=&#8220;&#8220; css=&#8220;.vc_custom_1666168821704{padding-top: 0px !important;}&#8220;][vc_column offset=&#8220;vc_hidden-lg&#8220; css=&#8220;.vc_custom_1666168809517{padding-top: 0px !important;}&#8220;][vc_raw_html]JTVCbGF5ZXJzbGlkZXIlMjBpZCUzRCUyMjI5JTIyJTVE[\/vc_raw_html][\/vc_column][\/vc_row][\/vc_section][vc_section full_width=&#8220;stretch_row_content&#8220; pix_over_visibility=&#8220;&#8220;][vc_row full_width=&#8220;stretch_row_content_no_spaces&#8220; pix_particles_check=&#8220;&#8220;][vc_column][vc_raw_html]JTVCbGF5ZXJzbGlkZXIlMjBpZCUzRCUyMjI4JTIyJTVE[\/vc_raw_html][\/vc_column][\/vc_row][\/vc_section][vc_section full_width=&#8220;stretch_row&#8220; pix_over_visibility=&#8220;&#8220; css=&#8220;.vc_custom_1668003172893{padding-top: 75px !important;padding-bottom: 75px !important;background-color: #f7f7f7 !important;}&#8220;][vc_row pix_particles_check=&#8220;&#8220; css=&#8220;.vc_custom_1668003106540{background-color: #f7f7f7 !important;}&#8220;][vc_column width=&#8220;1\/4&#8243; css=&#8220;.vc_custom_1663914771604{padding-top: 25px !important;padding-bottom: 25px !important;}&#8220;]<div class=\"pix_numbers animate-math \"><div><h2 class=\"align-self-center text-center \"><span class=\"font-weight-bold text-heading-default\" style=\"\"><\/span><span class=\"number font-weight-bold text-heading-default\" style=\"\" data-duration=\"3000\" data-to=\"330\">0<\/span><span class=\"font-weight-bold text-heading-default\" style=\"\">+<\/span><\/h2><\/div><div class=\"w-100 text-center\"><h6 class=\"mt-0 text-primary font-weight-bold\" style=\"\">Leute<\/h6><\/div><\/div>\n[\/vc_column][vc_column width=&#8220;1\/4&#8243; css=&#8220;.vc_custom_1663914790593{padding-top: 25px !important;padding-bottom: 25px !important;}&#8220;]<div class=\"pix_numbers animate-math \"><div><h2 class=\"align-self-center text-center \"><span class=\"font-weight-bold secondary-font text-heading-default\" style=\"\"><\/span><span class=\"number font-weight-bold text-heading-default\" style=\"\" data-duration=\"3000\" data-to=\"4\">0<\/span><span class=\"font-weight-bold text-heading-default\" style=\"\"><\/span><\/h2><\/div><div class=\"w-100 text-center\"><h6 class=\"mt-0 text-primary font-weight-bold\" style=\"\">Branchen<\/h6><\/div><\/div>\n[\/vc_column][vc_column width=&#8220;1\/4&#8243; css=&#8220;.vc_custom_1663914800682{padding-top: 25px !important;padding-bottom: 25px !important;}&#8220;]<div class=\"pix_numbers animate-math \"><div><h2 class=\"align-self-center text-center \"><span class=\"font-weight-bold secondary-font text-heading-default\" style=\"\"><\/span><span class=\"number font-weight-bold text-heading-default\" style=\"\" data-duration=\"3000\" data-to=\"20\">0<\/span><span class=\"font-weight-bold text-heading-default\" style=\"\">+<\/span><\/h2><\/div><div class=\"w-100 text-center\"><h6 class=\"mt-0 text-primary font-weight-bold\" style=\"\">Jahre des Wachstums<\/h6><\/div><\/div>\n[\/vc_column][vc_column width=&#8220;1\/4&#8243; css=&#8220;.vc_custom_1663914810213{padding-top: 25px !important;padding-bottom: 25px !important;}&#8220;]<div class=\"pix_numbers animate-math \"><div><h2 class=\"align-self-center text-center \"><span class=\"font-weight-bold secondary-font text-heading-default\" style=\"\"><\/span><span class=\"number font-weight-bold text-heading-default\" style=\"\" data-duration=\"3000\" data-to=\"60\">0<\/span><span class=\"font-weight-bold text-heading-default\" style=\"\">+<\/span><\/h2><\/div><div class=\"w-100 text-center\"><h6 class=\"mt-0 text-primary font-weight-bold\" style=\"\">Verbraucherm\u00e4rkte<\/h6><\/div><\/div>\n[\/vc_column][\/vc_row][\/vc_section][vc_section full_width=&#8220;stretch_row&#8220; pix_over_visibility=&#8220;&#8220; css=&#8220;.vc_custom_1664261793880{background-color: #ffffff !important;}&#8220;][vc_row content_placement=&#8220;middle&#8220; pix_particles_check=&#8220;&#8220; css=&#8220;.vc_custom_1663850483517{padding-top: 75px !important;padding-bottom: 75px !important;}&#8220;][vc_column width=&#8220;1\/2&#8243; css=&#8220;.vc_custom_1670833693507{padding-top: 30px !important;padding-bottom: 30px !important;}&#8220;]<div id=\"el1671086128034-8b73d61d-acad\" class=\"w-100 d-block  vc_custom_1671086162081\"><\/div>[\/vc_column][vc_column width=&#8220;1\/2&#8243;][vc_custom_heading text=&#8220;Business f\u00fcr einen besseren Planeten&#8220; font_container=&#8220;tag:h4|text_align:left&#8220; google_fonts=&#8220;font_family:quarto-bold%3Aregular|font_style:400%20regular%3A400%3Anormal&#8220;]<div id=\"el1664275653671-7240dfac-436c\" class=\"w-100 d-block \"><\/div><div class=\"pix-el-text w-100   vc_custom_1677246588486\" ><div class=\"d-inline-block\" style=\"max-width:600px;\"><p class=\"text-18  text-body-default  \" >Wir streben nach Spitzenleistungen in allen Bereichen unserer T\u00e4tigkeit. Wir setzen die Ziele f\u00fcr nachhaltige Entwicklung der Vereinten Nationen um, die Teil eines umfassenderen Plans zur Schaffung von \u201eFrieden und Wohlstand f\u00fcr die Menschen und den Planeten, jetzt und in Zukunft\u201c sind. Daher reduzieren wir kontinuierlich unseren CO2-Fu\u00dfabdruck.<\/p><\/div><\/div>[vc_row_inner][vc_column_inner width=&#8220;1\/2&#8243;]<a  href=\"https:\/\/flomak.com\/de\/a-better-planet\/\" class=\"btn mb-2     btn-primary d-inline-block      btn-md\"     ><span class=\"font-weight-bold \" >Mehr Erfahren<\/span><\/a>[\/vc_column_inner][\/vc_row_inner][\/vc_column][\/vc_row][\/vc_section][vc_section full_width=&#8220;stretch_row&#8220; pix_over_visibility=&#8220;&#8220; pix_visibility=&#8220;1&#8243; css=&#8220;.vc_custom_1664261566841{padding-top: 80px !important;padding-bottom: 80px !important;background-color: #f8f9fa !important;}&#8220; b_custom_height=&#8220;100px&#8220;][vc_row pix_particles_check=&#8220;&#8220;][vc_column][vc_custom_heading text=&#8220;Unsere Sektoren&#8220; font_container=&#8220;tag:h4|text_align:center|color:%23000000&#8243; google_fonts=&#8220;font_family:quarto-bold%3Aregular|font_style:400%20regular%3A400%3Anormal&#8220; link=&#8220;url:https%3A%2F%2Fflomak.com\/de%2Four-sectors%2F&#8220;][\/vc_column][\/vc_row][vc_row pix_particles_check=&#8220;&#8220;][vc_column]<div id=\"el1663853965748-a1cc257f-76cf\" class=\"w-100 d-block \"><\/div>[\/vc_column][\/vc_row][vc_row pix_particles_check=&#8220;&#8220; css=&#8220;.vc_custom_1592306621353{padding-bottom: 60px !important;}&#8220;][vc_column width=&#8220;1\/4&#8243;]<a href=\"https:\/\/flomak.com\/de\/textil\/\" ><div id=\"1663832591051-129aa342-13d4\" class=\"media  vc_custom_1678446916239\"><div class=\"feature_img  mr-3 animate-in\" data-anim-type=\"fade-in-up\" data-anim-delay=\"\" style=\"width:50px;height:auto;display:inline-block;position:relative;\"><img decoding=\"async\" style=\"width:50px;height:50px;\" class=\"img-fluid2 pix-fit-cover \" src=\"https:\/\/flomak.com\/de\/wp-content\/uploads\/sites\/14\/2022\/07\/mavi-3.svg\" alt=\"Textil\"><\/div><div class=\"media-body text-left\"><h6 class=\"font-weight-bold  secondary-font text-heading-default animate-in \" style=\"\" data-anim-type=\"fade-in-up\" data-anim-delay=\"100\">Textil<\/h6><div class=\"text-body-default      animate-in\" style=\"padding-top:10px;\" data-anim-type=\"fade-in-up\" data-anim-delay=\"200\">Hochleistungsbekleidung der n\u00e4chsten Generation mit Exporten in 15 L\u00e4nder auf 3 Kontinenten.<\/div><\/div><\/div><\/a>[\/vc_column][vc_column width=&#8220;1\/4&#8243;]<a href=\"https:\/\/flomak.com\/de\/drucklosungen\/\" ><div id=\"1663832591307-42b8e87f-9964\" class=\"media  vc_custom_1678446930125\"><div class=\"feature_img  mr-3 animate-in\" data-anim-type=\"fade-in-up\" data-anim-delay=\"\" style=\"width:50px;height:auto;display:inline-block;position:relative;\"><img decoding=\"async\" style=\"width:50px;height:50px;\" class=\"img-fluid2 pix-fit-cover \" src=\"https:\/\/flomak.com\/de\/wp-content\/uploads\/sites\/14\/2022\/07\/mavi-1.svg\" alt=\"Druckl\u00f6sungen\"><\/div><div class=\"media-body text-left\"><h6 class=\"font-weight-bold  secondary-font text-heading-default animate-in \" style=\"\" data-anim-type=\"fade-in-up\" data-anim-delay=\"100\">Druckl\u00f6sungen<\/h6><div class=\"text-body-default      animate-in\" style=\"padding-top:10px;\" data-anim-type=\"fade-in-up\" data-anim-delay=\"200\">Modernste Druckmaterialien und Applikationen, die in \u00fcber 110 L\u00e4ndern verbreitet werden.<\/div><\/div><\/div><\/a>[\/vc_column][vc_column width=&#8220;1\/4&#8243;]<a href=\"https:\/\/flomak.com\/de\/personliche-schutzausrustung\/\" ><div id=\"1663832591559-42b7fa64-1628\" class=\"media  vc_custom_1678446940789\"><div class=\"feature_img  mr-3 animate-in\" data-anim-type=\"fade-in-up\" data-anim-delay=\"\" style=\"width:50px;height:auto;display:inline-block;position:relative;\"><img decoding=\"async\" style=\"width:50px;height:50px;\" class=\"img-fluid2 pix-fit-cover \" src=\"https:\/\/flomak.com\/de\/wp-content\/uploads\/sites\/14\/2022\/07\/mavi-2.svg\" alt=\"Pers\u00f6nliche Schutzausr\u00fcstung\"><\/div><div class=\"media-body text-left\"><h6 class=\"font-weight-bold  secondary-font text-heading-default animate-in \" style=\"\" data-anim-type=\"fade-in-up\" data-anim-delay=\"100\">Pers\u00f6nliche Schutzausr\u00fcstung<\/h6><div class=\"text-body-default      animate-in\" style=\"padding-top:10px;\" data-anim-type=\"fade-in-up\" data-anim-delay=\"200\">Schutzkleidung von Kopf bis Fu\u00df, die jedes Jahr von \u00fcber 15 Millionen Arbeitnehmern getragen wird.<\/div><\/div><\/div><\/a>[\/vc_column][vc_column width=&#8220;1\/4&#8243;]<a href=\"https:\/\/flomak.com\/de\/industriechemikalien\/\" ><div id=\"1663853311423-6cf65dbe-90f6\" class=\"media  vc_custom_1678446949529\"><div class=\"feature_img  mr-3 animate-in\" data-anim-type=\"fade-in-up\" data-anim-delay=\"\" style=\"width:50px;height:auto;display:inline-block;position:relative;\"><img decoding=\"async\" style=\"width:50px;height:50px;\" class=\"img-fluid2 pix-fit-cover \" src=\"https:\/\/flomak.com\/de\/wp-content\/uploads\/sites\/14\/2022\/07\/mavi4.svg\" alt=\"Industriechemikalien\"><\/div><div class=\"media-body text-left\"><h6 class=\"font-weight-bold  secondary-font text-heading-default animate-in \" style=\"\" data-anim-type=\"fade-in-up\" data-anim-delay=\"100\">Industriechemikalien<\/h6><div class=\"text-body-default      animate-in\" style=\"padding-top:10px;\" data-anim-type=\"fade-in-up\" data-anim-delay=\"200\">\u00dcberlegene Chemikalien f\u00fcr die Textil- und Holzverarbeitungsindustrie.<\/div><\/div><\/div><\/a>[\/vc_column][\/vc_row][vc_row full_width=&#8220;stretch_row&#8220; content_placement=&#8220;middle&#8220; pix_particles_check=&#8220;&#8220;][vc_column content_align=&#8220;text-center&#8220; offset=&#8220;vc_hidden-md vc_hidden-sm vc_hidden-xs&#8220;]<div class=\"d-inline-block \" ><a href=\"https:\/\/flomak.com\/de\/unsere-sektoren\/\"  class=\"pix-img-el    scale-sm text-center d-inline-block  rounded-0\" ><img fetchpriority=\"high\" decoding=\"async\" class=\"pix-lazy2 card-img2 rounded-0 h-1002\" src=\"https:\/\/flomak.com\/de\/wp-content\/uploads\/sites\/14\/2023\/03\/almanca.svg\" width=\"2346\" height=\"195\" alt=\"\" style=\"width:1200px;max-height:120px;\"\/><\/a><\/div>[\/vc_column][vc_column offset=&#8220;vc_hidden-lg&#8220;]<div class=\"pix-element-div w-100 text-center\"><h4 class=\"pix-badge-element d-inline-block mr-1 \"  ><span class=\"badge font-weight-bold secondary-font badge-pill bg-gradient-primary  vc_custom_1677246153436  \" style=\" \"><span class=\"text-white\" style=\"\">GRUPPENSYNERG\u0130E RUNDUM<\/span><\/span><\/h4><\/div>[\/vc_column][\/vc_row][\/vc_section][vc_section full_width=&#8220;stretch_row&#8220; pix_over_visibility=&#8220;&#8220; css=&#8220;.vc_custom_1668003201944{background-color: #ffffff !important;}&#8220;][vc_row pix_particles_check=&#8220;&#8220;][vc_column]<div id=\"el1663859023600-3fdf5ff2-4d2c\" class=\"w-100 d-block  vc_custom_1664193474304\"><\/div>[vc_custom_heading text=&#8220;Unsere Aufgabe ist es, bahnbrechende Produkte zu entwickeln, die das Leben der Menschen positiv beeinflussen.&#8220; font_container=&#8220;tag:h3|text_align:center&#8220; google_fonts=&#8220;font_family:quarto-light%3Aregular|font_style:400%20regular%3A400%3Anormal&#8220;]<div id=\"el1663859008120-83d3b37e-c2d5\" class=\"w-100 d-block \"><\/div><div class=\"pix-el-text w-100 text-center  vc_custom_1664276884232\" ><p class=\"  text-heading-default text-center \" >Alaattin Saz<\/p><\/div><div class=\"pix-el-text w-100 text-center \" ><p class=\"text-sm  text-body-default text-center \" >Vorstandsvorsitzender<\/p><\/div><div id=\"el1663859194086-0facef7c-b54b\" class=\"w-100 d-block  vc_custom_1664193484436\"><\/div><div id=\"el1664261896298-2bd912c0-73a9\" class=\"w-100 d-block \"><\/div>[\/vc_column][\/vc_row][\/vc_section][vc_section full_width=&#8220;stretch_row&#8220; pix_over_visibility=&#8220;&#8220; responsive_css=&#8220;{&#8222;pix_res_sm_pt&#8222;:&#8222;50&#8222;,&#8222;pix_res_md_pt&#8222;:&#8222;50&#8222;}&#8220; css=&#8220;.vc_custom_1668003208885{padding-top: 75px !important;background-color: #f7f7f7 !important;}&#8220;][vc_row content_placement=&#8220;middle&#8220; pix_particles_check=&#8220;&#8220; css=&#8220;.vc_custom_1663916370242{padding-top: 0px !important;padding-bottom: 0px !important;}&#8220;][vc_column width=&#8220;1\/2&#8243; css=&#8220;.vc_custom_1664261977487{padding-top: 30px !important;padding-bottom: 75px !important;}&#8220;]<div class=\"d-inline-block w-100 pix-h-auto \"><div  style=\"\" class=\"  text-left d-inline-block rounded-0\"  ><video class=\"pix-video-bg-element d-block pix-bg-image2 rounded-0 bg-video\" width=\"100%\"  preload=\"metadata\" loop  muted playsinline>\n\t\t\t\t\t\t\t<source src=\"https:\/\/flomak.com\/de\/wp-content\/uploads\/sites\/14\/2022\/11\/istockphoto-1214987373-640_adpp_is_3.mp4\" type=\"video\/mp4\" \/>\n\t\t\t\t\t\t\t<\/video><\/div><\/div>[\/vc_column][vc_column width=&#8220;1\/2&#8243; content_align=&#8220;text-center&#8220; responsive_css=&#8220;{&#8222;pix_res_sm_pb&#8222;:&#8222;25&#8222;,&#8222;pix_res_md_pb&#8222;:&#8222;25&#8222;}&#8220;][vc_custom_heading text=&#8220;Gemeinsam in die Zukunft&#8220; font_container=&#8220;tag:h4|text_align:left&#8220; google_fonts=&#8220;font_family:quarto-bold%3Aregular|font_style:400%20regular%3A400%3Anormal&#8220;]<div id=\"el1669052431693-9630133c-8b9f\" class=\"w-100 d-block \"><\/div><div class=\"pix-el-text w-100 text-left  vc_custom_1677246506072\" ><p class=\"text-18  text-body-default text-left \" >Wir erweitern st\u00e4ndig unser Partnernetz, das unsere Begeisterung f\u00fcr weltweit f\u00fchrende Technologien und unsere Vision einer nachhaltigen Produktion teilt.<br \/>\nKontaktieren Sie uns, um mehr \u00fcber eine Partnerschaft mit der Flomak Group zu erfahren.<\/p><\/div>[vc_row_inner][vc_column_inner width=&#8220;1\/2&#8243;]<a  href=\"mailto:info@flomak.com\" class=\"btn mb-2     btn-primary d-inline-block      btn-md\"     ><i class=\"font-weight-bold pixicon-email-1   mr-1\"><\/i> <span class=\"font-weight-bold \" >Kontaktieren Sie uns<\/span><\/a>[\/vc_column_inner][\/vc_row_inner][\/vc_column][\/vc_row][\/vc_section][vc_section full_width=&#8220;stretch_row&#8220; pix_over_visibility=&#8220;&#8220; css=&#8220;.vc_custom_1664277452046{padding-top: 40px !important;background-color: #075ca1 !important;}&#8220;][vc_row pix_particles_check=&#8220;&#8220; css=&#8220;.vc_custom_1592257122949{padding-bottom: 40px !important;}&#8220;][vc_column content_align=&#8220;text-center&#8220;]<a class=\"d-inline-block \"  href=\"mailto:info@flomak.com\" target=\"\"><div id=\"duo-icon-221396\" class=\"pix-icon d-inline-block \"><div class=\"mr-32 d-inline-block text-secondary \"   style=\"width:64.8px;height:64.8px;position:relative;line-height:64.8px;text-align:center;\"><svg width=\"100%\" height=\"100%\" viewBox=\"0 0 24 24\" version=\"1.1\" xmlns=\"http:\/\/www.w3.org\/2000\/svg\" xmlns:xlink=\"http:\/\/www.w3.org\/1999\/xlink\"> <defs><\/defs> <g stroke=\"none\" stroke-width=\"1\" fill=\"none\" fill-rule=\"evenodd\"> <path d=\"M5,6 L19,6 C20.1045695,6 21,6.8954305 21,8 L21,17 C21,18.1045695 20.1045695,19 19,19 L5,19 C3.8954305,19 3,18.1045695 3,17 L3,8 C3,6.8954305 3.8954305,6 5,6 Z M18.1444251,7.83964668 L12,11.1481833 L5.85557487,7.83964668 C5.4908718,7.6432681 5.03602525,7.77972206 4.83964668,8.14442513 C4.6432681,8.5091282 4.77972206,8.96397475 5.14442513,9.16035332 L11.6444251,12.6603533 C11.8664074,12.7798822 12.1335926,12.7798822 12.3555749,12.6603533 L18.8555749,9.16035332 C19.2202779,8.96397475 19.3567319,8.5091282 19.1603533,8.14442513 C18.9639747,7.77972206 18.5091282,7.6432681 18.1444251,7.83964668 Z\" fill=\"#000000\"><\/path> <\/g> <\/svg><\/div><\/div><\/a>[vc_custom_heading text=&#8220;Wie k\u00f6nnen wir Ihnen helfen?&#8220; font_container=&#8220;tag:h3|text_align:center|color:%23ffffff&#8220; google_fonts=&#8220;font_family:quarto-medium%3Aregular|font_style:400%20regular%3A400%3Anormal&#8220;][vc_custom_heading text=&#8220;Kontaktieren Sie uns.&#8220; font_container=&#8220;tag:p|font_size:18px|text_align:center|color:%23ffffff&#8220; google_fonts=&#8220;font_family:roobertregular%3Aregular|font_style:400%20regular%3A400%3Anormal&#8220; link=&#8220;url:mailto%3Ainfo%40flomak.com&#8220;][\/vc_column][\/vc_row][\/vc_section][vc_section pix_over_visibility=&#8220;&#8220;][vc_row pix_particles_check=&#8220;&#8220;][vc_column][\/vc_column][\/vc_row][\/vc_section]<\/p>\n","protected":false},"excerpt":{"rendered":"[vc_section full_width=&#8220;stretch_row_content&#8220; pix_over_visibility=&#8220;&#8220; css=&#8220;.vc_custom_1666168706631{padding-top: 0px !important;}&#8220;][vc_row full_width=&#8220;stretch_row_content_no_spaces&#8220; pix_particles_check=&#8220;&#8220; css=&#8220;.vc_custom_1666168821704{padding-top: 0px !important;}&#8220;][vc_column offset=&#8220;vc_hidden-lg&#8220; css=&#8220;.vc_custom_1666168809517{padding-top: 0px !important;}&#8220;][vc_raw_html]JTVCbGF5ZXJzbGlkZXIlMjBpZCUzRCUyMjI5JTIyJTVE[\/vc_raw_html][\/vc_column][\/vc_row][\/vc_section][vc_section full_width=&#8220;stretch_row_content&#8220; pix_over_visibility=&#8220;&#8220;][vc_row full_width=&#8220;stretch_row_content_no_spaces&#8220; pix_particles_check=&#8220;&#8220;][vc_column][vc_raw_html]JTVCbGF5ZXJzbGlkZXIlMjBpZCUzRCUyMjI4JTIyJTVE[\/vc_raw_html][\/vc_column][\/vc_row][\/vc_section][vc_section full_width=&#8220;stretch_row&#8220; pix_over_visibility=&#8220;&#8220; css=&#8220;.vc_custom_1668003172893{padding-top: 75px !important;padding-bottom: 75px !important;background-color: #f7f7f7 !important;}&#8220;][vc_row pix_particles_check=&#8220;&#8220; css=&#8220;.vc_custom_1668003106540{background-color: #f7f7f7 !important;}&#8220;][vc_column width=&#8220;1\/4&#8243; css=&#8220;.vc_custom_1663914771604{padding-top: 25px !important;padding-bottom: 25px !important;}&#8220;][\/vc_column][vc_column width=&#8220;1\/4&#8243; css=&#8220;.vc_custom_1663914790593{padding-top:&#8230;","protected":false},"author":1,"featured_media":15447,"parent":0,"menu_order":0,"comment_status":"closed","ping_status":"closed","template":"","meta":{"om_disable_all_campaigns":false,"_monsterinsights_skip_tracking":false,"_monsterinsights_sitenote_active":false,"_monsterinsights_sitenote_note":"","_monsterinsights_sitenote_category":0,"footnotes":""},"class_list":["post-4","page","type-page","status-publish","has-post-thumbnail","hentry"],"aioseo_notices":[],"_links":{"self":[{"href":"https:\/\/flomak.com\/de\/wp-json\/wp\/v2\/pages\/4","targetHints":{"allow":["GET"]}}],"collection":[{"href":"https:\/\/flomak.com\/de\/wp-json\/wp\/v2\/pages"}],"about":[{"href":"https:\/\/flomak.com\/de\/wp-json\/wp\/v2\/types\/page"}],"author":[{"embeddable":true,"href":"https:\/\/flomak.com\/de\/wp-json\/wp\/v2\/users\/1"}],"replies":[{"embeddable":true,"href":"https:\/\/flomak.com\/de\/wp-json\/wp\/v2\/comments?post=4"}],"version-history":[{"count":231,"href":"https:\/\/flomak.com\/de\/wp-json\/wp\/v2\/pages\/4\/revisions"}],"predecessor-version":[{"id":15609,"href":"https:\/\/flomak.com\/de\/wp-json\/wp\/v2\/pages\/4\/revisions\/15609"}],"wp:featuredmedia":[{"embeddable":true,"href":"https:\/\/flomak.com\/de\/wp-json\/wp\/v2\/media\/15447"}],"wp:attachment":[{"href":"https:\/\/flomak.com\/de\/wp-json\/wp\/v2\/media?parent=4"}],"curies":[{"name":"wp","href":"https:\/\/api.w.org\/{rel}","templated":true}]}}