{"id":13712,"date":"2022-09-28T13:22:21","date_gmt":"2022-09-28T12:22:21","guid":{"rendered":"http:\/\/flomak.com\/es\/?page_id=13712"},"modified":"2023-04-03T13:10:09","modified_gmt":"2023-04-03T12:10:09","slug":"nuestra-empresa","status":"publish","type":"page","link":"https:\/\/flomak.com\/es\/nuestra-empresa\/","title":{"rendered":"Nuestra empresa"},"content":{"rendered":"<p>[vc_section full_width=\u00bbstretch_row_content\u00bb pix_over_visibility=\u00bb\u00bb][vc_row full_width=\u00bbstretch_row_content_no_spaces\u00bb content_placement=\u00bbmiddle\u00bb pix_particles_check=\u00bb\u00bb][vc_column offset=\u00bbvc_hidden-md vc_hidden-sm vc_hidden-xs\u00bb]<div id=\"el1664364363834-b02f3bad-74d3\" class=\"w-100 d-block  vc_custom_1664523398279\"><\/div>[\/vc_column][\/vc_row][\/vc_section][vc_section full_width=\u00bbstretch_row\u00bb pix_over_visibility=\u00bb\u00bb css=\u00bb.vc_custom_1664868703580{background-color: #f7f7f7 !important;}\u00bb][vc_row pix_particles_check=\u00bb\u00bb css=\u00bb.vc_custom_1664965679182{padding-bottom: 50px !important;}\u00bb][vc_column offset=\u00bbvc_hidden-xs\u00bb css=\u00bb.vc_custom_1668058407778{margin-top: 0px !important;margin-left: -10px !important;}\u00bb]<div id=\"el1664523541714-f64c441e-3cc7\" class=\"w-100 d-block \"><\/div>[vc_custom_heading text=\u00bbNuestra empresa\u00bb font_container=\u00bbtag:h1|font_size:10vh|text_align:left|color:%23000000&#8243; google_fonts=\u00bbfont_family:quarto-medium%3Aregular|font_style:400%20regular%3A400%3Anormal\u00bb css_animation=\u00bbslideInLeft\u00bb]<div id=\"el1664522643767-36f65bd1-4632\" class=\"w-100 d-block \"><\/div>[\/vc_column][vc_column offset=\u00bbvc_hidden-lg vc_hidden-md vc_hidden-sm\u00bb css=\u00bb.vc_custom_1668058427285{margin-top: 0px !important;margin-left: -5px !important;}\u00bb]<div id=\"el1664523246068-489a5d63-5bc7\" class=\"w-100 d-block \"><\/div>[vc_custom_heading text=\u00bbNuestra empresa\u00bb font_container=\u00bbtag:h1|font_size:55px|text_align:left|color:%23000000&#8243; google_fonts=\u00bbfont_family:quarto-medium%3Aregular|font_style:400%20regular%3A400%3Anormal\u00bb css_animation=\u00bbslideInLeft\u00bb]<div id=\"el1664519405317-aff99e2a-a11f\" class=\"w-100 d-block \"><\/div>[\/vc_column][vc_column width=\u00bb1\/2&#8243; css=\u00bb.vc_custom_1664976677248{padding-right: 50px !important;}\u00bb][vc_custom_heading text=\u00bbEmpresa familiar, jugador global\u00bb font_container=\u00bbtag:h4|text_align:left|color:%23000000&#8243; google_fonts=\u00bbfont_family:quarto-bold%3Aregular|font_style:400%20regular%3A400%3Anormal\u00bb css_animation=\u00bbslideInRight\u00bb]<div id=\"el1664520131794-1fd779c4-721f\" class=\"w-100 d-block \"><\/div>[vc_custom_heading text=\u00bbLas empresas de Flomak Group colaboran para revolucionar los sectores que nos apasionan. Nuestro colectivo familiar viene creando soluciones innovadoras, sostenibles y rentables para m\u00faltiples sectores desde 2003.\u00bb font_container=\u00bbtag:p|font_size:18|text_align:left|color:%23075ca1&#8243; google_fonts=\u00bbfont_family:roobertregular%3Aregular|font_style:400%20regular%3A400%3Anormal\u00bb css_animation=\u00bbslideInLeft\u00bb][\/vc_column][vc_column width=\u00bb1\/2&#8243;]<div id=\"el1670833734788-611bee12-564f\" class=\"w-100 d-block  vc_custom_1671086393671\"><\/div>[\/vc_column][\/vc_row][\/vc_section][vc_section full_width=\u00bbstretch_row\u00bb pix_over_visibility=\u00bb\u00bb css=\u00bb.vc_custom_1664261793880{background-color: #ffffff !important;}\u00bb][vc_row pix_particles_check=\u00bb\u00bb][vc_column offset=\u00bbvc_hidden-xs\u00bb]<div id=\"el1664977309525-96afa46c-8c72\" class=\"w-100 d-block \"><\/div><div  class=\"pix-heading-el text-center \"><div><div class=\"slide-in-container\"><h6 class=\"text-primary font-weight-bold animate-in heading-text el-title_custom_color mb-12\" style=\"\" data-anim-type=\"fade-in-up\" data-anim-delay=\"0\">Una misi\u00f3n<\/h6><\/div><\/div><\/div><div id=\"el1664974565128-abc23616-9187\" class=\"w-100 d-block \"><\/div>[\/vc_column][\/vc_row][vc_row content_placement=\u00bbmiddle\u00bb pix_particles_check=\u00bb\u00bb][vc_column width=\u00bb1\/2&#8243; css=\u00bb.vc_custom_1664980823704{padding-right: 50px !important;padding-left: 50px !important;}\u00bb offset=\u00bbvc_hidden-xs\u00bb][vc_custom_heading text=\u00bbCreamos productos innovadores<br \/>\nque influyen positivamente en la vida de las personas.\u00bb font_container=\u00bbtag:h4|text_align:left\u00bb google_fonts=\u00bbfont_family:quarto-medium%3Aregular|font_style:400%20regular%3A400%3Anormal\u00bb css_animation=\u00bbright-to-left\u00bb][\/vc_column][vc_column width=\u00bb1\/2&#8243; css=\u00bb.vc_custom_1664980829998{border-left-width: 1px !important;padding-right: 50px !important;padding-left: 50px !important;border-left-color: #075ca1 !important;border-left-style: solid !important;}\u00bb offset=\u00bbvc_hidden-xs\u00bb][vc_single_image image=\u00bb15505&#8243; img_size=\u00bb600&#215;340&#8243; css_animation=\u00bbleft-to-right\u00bb][\/vc_column][vc_column offset=\u00bbvc_hidden-xs\u00bb]<div id=\"el1664974520471-9fe78088-9f24\" class=\"w-100 d-block \"><\/div><div  class=\"pix-heading-el text-center \"><div><div class=\"slide-in-container\"><h6 class=\"text-primary font-weight-bold animate-in heading-text el-title_custom_color mb-12\" style=\"\" data-anim-type=\"fade-in-up\" data-anim-delay=\"0\">Una empresa<\/h6><\/div><\/div><\/div><div id=\"el1664975263891-865d2717-c1fc\" class=\"w-100 d-block \"><\/div>[\/vc_column][\/vc_row][vc_row content_placement=\u00bbmiddle\u00bb pix_particles_check=\u00bb\u00bb][vc_column width=\u00bb1\/2&#8243; css=\u00bb.vc_custom_1664980842045{border-right-width: 1px !important;padding-right: 50px !important;padding-left: 50px !important;border-right-color: #075ca1 !important;border-right-style: solid !important;}\u00bb offset=\u00bbvc_hidden-xs\u00bb][vc_single_image image=\u00bb15506&#8243; img_size=\u00bb600&#215;340&#8243; css_animation=\u00bbright-to-left\u00bb][\/vc_column][vc_column width=\u00bb1\/2&#8243; css=\u00bb.vc_custom_1664980847207{padding-right: 50px !important;padding-left: 50px !important;}\u00bb offset=\u00bbvc_hidden-xs\u00bb][vc_custom_heading text=\u00bbNos componemos de empresas adaptables y de<br \/>\nvanguardia capaces de colaborar con facilidad y eficacia.\u00bb font_container=\u00bbtag:h4|text_align:left\u00bb google_fonts=\u00bbfont_family:quarto-medium%3Aregular|font_style:400%20regular%3A400%3Anormal\u00bb css_animation=\u00bbleft-to-right\u00bb][\/vc_column][vc_column offset=\u00bbvc_hidden-xs\u00bb]<div id=\"el1664977109618-5e86d37e-92af\" class=\"w-100 d-block \"><\/div>[\/vc_column][\/vc_row][vc_row content_placement=\u00bbmiddle\u00bb pix_particles_check=\u00bb\u00bb][vc_column offset=\u00bbvc_hidden-xs\u00bb]<div  class=\"pix-heading-el text-center \"><div><div class=\"slide-in-container\"><h6 class=\"text-primary font-weight-bold heading-text el-title_custom_color mb-12\" style=\"\" data-anim-type=\"\" data-anim-delay=\"0\">Nuestros valores<\/h6><\/div><\/div><\/div><div id=\"el1664974255218-2659ebfa-ad6a\" class=\"w-100 d-block \"><\/div>[\/vc_column][\/vc_row][vc_row content_placement=\u00bbmiddle\u00bb pix_particles_check=\u00bb\u00bb][vc_column width=\u00bb1\/2&#8243; css=\u00bb.vc_custom_1664980880303{padding-right: 50px !important;padding-left: 50px !important;}\u00bb offset=\u00bbvc_hidden-xs\u00bb][vc_custom_heading text=\u00bbLos valores que compartimos y nuestra dedicaci\u00f3n a seguir pr\u00e1cticas \u00e9ticas son los elementos que conectan nuestras empresas\u00bb font_container=\u00bbtag:h4|text_align:left\u00bb google_fonts=\u00bbfont_family:quarto-medium%3Aregular|font_style:400%20regular%3A400%3Anormal\u00bb css_animation=\u00bbright-to-left\u00bb][\/vc_column][vc_column width=\u00bb1\/2&#8243; css=\u00bb.vc_custom_1664980885091{border-left-width: 1px !important;padding-right: 50px !important;padding-left: 50px !important;border-left-color: #075ca1 !important;border-left-style: solid !important;}\u00bb offset=\u00bbvc_hidden-xs\u00bb][vc_single_image image=\u00bb15603&#8243; img_size=\u00bb600&#215;340&#8243; css_animation=\u00bbleft-to-right\u00bb][\/vc_column][vc_column offset=\u00bbvc_hidden-xs\u00bb]<div id=\"el1664977640152-971f7a87-88ed\" class=\"w-100 d-block \"><\/div><div  class=\"pix-heading-el text-center \"><div><div class=\"slide-in-container\"><h6 class=\"text-primary font-weight-bold animate-in heading-text el-title_custom_color mb-12\" style=\"\" data-anim-type=\"fade-in-up\" data-anim-delay=\"0\">Nuestro legado<\/h6><\/div><\/div><\/div><div id=\"el1664977640153-b7965782-e8f7\" class=\"w-100 d-block \"><\/div>[\/vc_column][\/vc_row][vc_row content_placement=\u00bbmiddle\u00bb pix_particles_check=\u00bb\u00bb][vc_column width=\u00bb1\/2&#8243; css=\u00bb.vc_custom_1664980898088{border-right-width: 1px !important;padding-right: 50px !important;padding-left: 50px !important;border-right-color: #075ca1 !important;border-right-style: solid !important;}\u00bb offset=\u00bbvc_hidden-xs\u00bb][vc_single_image image=\u00bb15508&#8243; img_size=\u00bb600&#215;340&#8243; css_animation=\u00bbright-to-left\u00bb][\/vc_column][vc_column width=\u00bb1\/2&#8243; css=\u00bb.vc_custom_1664980903432{padding-right: 50px !important;padding-left: 50px !important;}\u00bb offset=\u00bbvc_hidden-xs\u00bb][vc_custom_heading text=\u00bbIniciamos nuestra trayectoria centr\u00e1ndonos en la ingenier\u00eda, pero<br \/>\nnos hemos ampliado para innovar en m\u00faltiples sectores.\u00bb font_container=\u00bbtag:h4|text_align:left\u00bb google_fonts=\u00bbfont_family:quarto-medium%3Aregular|font_style:400%20regular%3A400%3Anormal\u00bb css_animation=\u00bbleft-to-right\u00bb][\/vc_column][vc_column offset=\u00bbvc_hidden-xs\u00bb]<div id=\"el1664977729755-d4d26ca8-338c\" class=\"w-100 d-block \"><\/div>[\/vc_column][\/vc_row][\/vc_section][vc_section full_width=\u00bbstretch_row\u00bb pix_over_visibility=\u00bb\u00bb responsive_css=\u00bb{\u00abpix_res_sm_pt\u00ab:\u00ab80px\u00ab,\u00abpix_res_sm_pb\u00ab:\u00ab80px\u00ab}\u00bb css=\u00bb.vc_custom_1669383144424{background-color: #ffffff !important;}\u00bb][vc_row pix_particles_check=\u00bb\u00bb][vc_column offset=\u00bbvc_hidden-lg vc_hidden-md vc_hidden-sm\u00bb][vc_custom_heading text=\u00bbUna misi\u00f3n\u00bb font_container=\u00bbtag:h6|text_align:center|color:%23075ca1&#8243; google_fonts=\u00bbfont_family:roobermedium%3Aregular|font_style:400%20regular%3A400%3Anormal\u00bb]<div id=\"el1667475337812-4322e9ca-eee8\" class=\"w-100 d-block \"><\/div>[\/vc_column][\/vc_row][vc_row pix_particles_check=\u00bb\u00bb][vc_column width=\u00bb1\/2&#8243; css=\u00bb.vc_custom_1670834583686{border-right-width: 1px !important;border-right-color: #075ca1 !important;border-right-style: solid !important;}\u00bb offset=\u00bbvc_hidden-lg vc_hidden-md vc_hidden-sm vc_col-xs-6&#8243;]<div id=\"el1667466309367-86f289ab-c4cf\" class=\"w-100 d-block \"><\/div>[\/vc_column][vc_column width=\u00bb1\/2&#8243; offset=\u00bbvc_hidden-lg vc_hidden-md vc_hidden-sm vc_col-xs-6&#8243;]<div id=\"el1667466259779-0fd7393f-7c7a\" class=\"w-100 d-block \"><\/div>[\/vc_column][vc_column offset=\u00bbvc_hidden-lg vc_hidden-md vc_hidden-sm\u00bb]<div id=\"el1667466350735-ac241f7f-b650\" class=\"w-100 d-block \"><\/div>[\/vc_column][\/vc_row][vc_row pix_particles_check=\u00bb\u00bb][vc_column css=\u00bb.vc_custom_1667469927561{padding-right: 50px !important;padding-left: 50px !important;}\u00bb offset=\u00bbvc_hidden-lg vc_hidden-md vc_hidden-sm\u00bb][vc_custom_heading text=\u00bbCreamos productos innovadores<br \/>\nque influyen positivamente en la vida de las personas.\u00bb font_container=\u00bbtag:h6|text_align:center\u00bb google_fonts=\u00bbfont_family:roobermedium%3Aregular|font_style:400%20regular%3A400%3Anormal\u00bb css=\u00bb.vc_custom_1679494840050{padding-top: 25% !important;padding-bottom: 25% !important;}\u00bb][vc_single_image image=\u00bb15505&#8243; img_size=\u00bb600&#215;340&#8243; css_animation=\u00bbright-to-left\u00bb][\/vc_column][vc_column css=\u00bb.vc_custom_1667469918376{padding-right: 50px !important;padding-left: 50px !important;}\u00bb offset=\u00bbvc_hidden-lg vc_hidden-md vc_hidden-sm\u00bb][vc_single_image image=\u00bb15953&#8243; img_size=\u00bb600&#215;340&#8243;][\/vc_column][\/vc_row][vc_row pix_particles_check=\u00bb\u00bb][vc_column offset=\u00bbvc_hidden-lg vc_hidden-md vc_hidden-sm\u00bb]<div id=\"el1667475358865-d968b3e9-09d6\" class=\"w-100 d-block \"><\/div>[vc_custom_heading text=\u00bbUna empresa\u00bb font_container=\u00bbtag:h6|text_align:center|color:%23075ca1&#8243; google_fonts=\u00bbfont_family:roobermedium%3Aregular|font_style:400%20regular%3A400%3Anormal\u00bb]<div id=\"el1667475358866-ac5ce9a7-8103\" class=\"w-100 d-block \"><\/div>[\/vc_column][\/vc_row][vc_row pix_particles_check=\u00bb\u00bb][vc_column width=\u00bb1\/2&#8243; css=\u00bb.vc_custom_1670834713148{border-right-width: 1px !important;border-right-color: #075ca1 !important;border-right-style: solid !important;}\u00bb offset=\u00bbvc_hidden-lg vc_hidden-md vc_hidden-sm vc_col-xs-6&#8243;]<div id=\"el1667469266032-be9b71c5-37be\" class=\"w-100 d-block \"><\/div>[\/vc_column][vc_column width=\u00bb1\/2&#8243; offset=\u00bbvc_hidden-lg vc_hidden-md vc_hidden-sm vc_col-xs-6&#8243;]<div id=\"el1667469266034-eb5f34b5-1286\" class=\"w-100 d-block \"><\/div>[\/vc_column][vc_column offset=\u00bbvc_hidden-lg vc_hidden-md vc_hidden-sm\u00bb]<div id=\"el1667469266034-04cfee48-3f16\" class=\"w-100 d-block \"><\/div>[\/vc_column][\/vc_row][vc_row pix_particles_check=\u00bb\u00bb][vc_column offset=\u00bbvc_hidden-lg vc_hidden-md vc_hidden-sm\u00bb]<div id=\"el1667475652273-52dfdf81-f074\" class=\"w-100 d-block \"><\/div>[\/vc_column][\/vc_row][vc_row pix_particles_check=\u00bb\u00bb][vc_column css=\u00bb.vc_custom_1667469846681{padding-right: 50px !important;padding-left: 50px !important;}\u00bb offset=\u00bbvc_hidden-lg vc_hidden-md vc_hidden-sm\u00bb][vc_custom_heading text=\u00bbNos componemos de empresas adaptables y de<br \/>\nvanguardia capaces de colaborar con facilidad y eficacia.\u00bb font_container=\u00bbtag:h6|text_align:center\u00bb google_fonts=\u00bbfont_family:roobermedium%3Aregular|font_style:400%20regular%3A400%3Anormal\u00bb css=\u00bb.vc_custom_1679494856050{padding-top: 25% !important;padding-bottom: 25% !important;}\u00bb][vc_single_image image=\u00bb15506&#8243; img_size=\u00bb600&#215;340&#8243; css_animation=\u00bbright-to-left\u00bb][vc_single_image image=\u00bb15871&#8243; img_size=\u00bb600&#215;340&#8243;][\/vc_column][vc_column css=\u00bb.vc_custom_1667469830791{padding-right: 50px !important;padding-left: 50px !important;}\u00bb offset=\u00bbvc_hidden-lg vc_hidden-md vc_hidden-sm\u00bb][\/vc_column][\/vc_row][vc_row pix_particles_check=\u00bb\u00bb][vc_column offset=\u00bbvc_hidden-lg vc_hidden-md vc_hidden-sm\u00bb]<div id=\"el1667475451938-aa3d2d7b-c609\" class=\"w-100 d-block \"><\/div>[vc_custom_heading text=\u00bbNuestros valores\u00bb font_container=\u00bbtag:h6|text_align:center|color:%23075ca1&#8243; google_fonts=\u00bbfont_family:roobermedium%3Aregular|font_style:400%20regular%3A400%3Anormal\u00bb]<div id=\"el1667475451939-5fb8f21d-8e40\" class=\"w-100 d-block \"><\/div>[\/vc_column][\/vc_row][vc_row pix_particles_check=\u00bb\u00bb][vc_column width=\u00bb1\/2&#8243; css=\u00bb.vc_custom_1670834784923{border-right-width: 1px !important;border-right-color: #075ca1 !important;border-right-style: solid !important;}\u00bb offset=\u00bbvc_hidden-lg vc_hidden-md vc_hidden-sm vc_col-xs-6&#8243;]<div id=\"el1667469283607-6f76db3f-2b9e\" class=\"w-100 d-block \"><\/div>[\/vc_column][vc_column width=\u00bb1\/2&#8243; offset=\u00bbvc_hidden-lg vc_hidden-md vc_hidden-sm vc_col-xs-6&#8243;]<div id=\"el1667469283608-92f700e6-43ab\" class=\"w-100 d-block \"><\/div>[\/vc_column][vc_column offset=\u00bbvc_hidden-lg vc_hidden-md vc_hidden-sm\u00bb]<div id=\"el1667469283609-8e66945c-5663\" class=\"w-100 d-block \"><\/div>[\/vc_column][\/vc_row][vc_row pix_particles_check=\u00bb\u00bb][vc_column css=\u00bb.vc_custom_1667469743781{padding-right: 50px !important;padding-left: 50px !important;}\u00bb offset=\u00bbvc_hidden-lg vc_hidden-md vc_hidden-sm\u00bb][vc_custom_heading text=\u00bbLos valores que compartimos y nuestra dedicaci\u00f3n a seguir pr\u00e1cticas \u00e9ticas son los elementos que conectan nuestras empresas\u00bb font_container=\u00bbtag:h6|text_align:center\u00bb google_fonts=\u00bbfont_family:roobermedium%3Aregular|font_style:400%20regular%3A400%3Anormal\u00bb css=\u00bb.vc_custom_1679494883834{padding-top: 25% !important;padding-bottom: 25% !important;}\u00bb][vc_single_image image=\u00bb15507&#8243; img_size=\u00bb600&#215;340&#8243; css_animation=\u00bbleft-to-right\u00bb][\/vc_column][vc_column css=\u00bb.vc_custom_1667469724855{padding-right: 50px !important;padding-left: 50px !important;}\u00bb offset=\u00bbvc_hidden-lg vc_hidden-md vc_hidden-sm\u00bb][vc_single_image image=\u00bb16651&#8243; img_size=\u00bb600&#215;340&#8243;][\/vc_column][\/vc_row][vc_row pix_particles_check=\u00bb\u00bb][vc_column offset=\u00bbvc_hidden-lg vc_hidden-md vc_hidden-sm\u00bb]<div id=\"el1667475564575-85638373-3943\" class=\"w-100 d-block \"><\/div>[vc_custom_heading text=\u00bbNuestro legado\u00bb font_container=\u00bbtag:h6|text_align:center|color:%23075ca1&#8243; google_fonts=\u00bbfont_family:roobermedium%3Aregular|font_style:400%20regular%3A400%3Anormal\u00bb]<div id=\"el1667475564576-da6c10c0-107e\" class=\"w-100 d-block \"><\/div>[\/vc_column][\/vc_row][vc_row pix_particles_check=\u00bb\u00bb][vc_column width=\u00bb1\/2&#8243; css=\u00bb.vc_custom_1670834816434{border-right-width: 1px !important;border-right-color: #075ca1 !important;border-right-style: solid !important;}\u00bb offset=\u00bbvc_hidden-lg vc_hidden-md vc_hidden-sm vc_col-xs-6&#8243;]<div id=\"el1667469533314-09f2c89a-9a05\" class=\"w-100 d-block \"><\/div>[\/vc_column][vc_column width=\u00bb1\/2&#8243; offset=\u00bbvc_hidden-lg vc_hidden-md vc_hidden-sm vc_col-xs-6&#8243;]<div id=\"el1667469533315-f4e0a008-4e56\" class=\"w-100 d-block \"><\/div>[\/vc_column][vc_column offset=\u00bbvc_hidden-lg vc_hidden-md vc_hidden-sm\u00bb]<div id=\"el1667469533317-ab05069a-f11c\" class=\"w-100 d-block \"><\/div>[\/vc_column][\/vc_row][vc_row pix_particles_check=\u00bb\u00bb][vc_column css=\u00bb.vc_custom_1667469743781{padding-right: 50px !important;padding-left: 50px !important;}\u00bb offset=\u00bbvc_hidden-lg vc_hidden-md vc_hidden-sm\u00bb][vc_custom_heading text=\u00bbIniciamos nuestra trayectoria centr\u00e1ndonos en la ingenier\u00eda, pero<br \/>\nnos hemos ampliado para innovar en m\u00faltiples sectores.\u00bb font_container=\u00bbtag:h6|text_align:center\u00bb google_fonts=\u00bbfont_family:roobermedium%3Aregular|font_style:400%20regular%3A400%3Anormal\u00bb css=\u00bb.vc_custom_1679494899826{padding-top: 25% !important;padding-bottom: 25% !important;}\u00bb][vc_single_image image=\u00bb15508&#8243; img_size=\u00bb600&#215;340&#8243; css_animation=\u00bbright-to-left\u00bb][\/vc_column][vc_column css=\u00bb.vc_custom_1667469724855{padding-right: 50px !important;padding-left: 50px !important;}\u00bb offset=\u00bbvc_hidden-lg vc_hidden-md vc_hidden-sm\u00bb][vc_single_image image=\u00bb15918&#8243; img_size=\u00bb600&#215;340&#8243;][\/vc_column][\/vc_row][\/vc_section][vc_section full_width=\u00bbstretch_row\u00bb pix_over_visibility=\u00bb\u00bb css=\u00bb.vc_custom_1665125364554{background-color: #ffffff !important;}\u00bb][vc_row content_placement=\u00bbmiddle\u00bb pix_particles_check=\u00bb\u00bb css=\u00bb.vc_custom_1665125398316{padding-top: 75px !important;padding-bottom: 75px !important;}\u00bb][vc_column width=\u00bb1\/2&#8243; responsive_css=\u00bb{\u00abpix_res_sm_mb\u00ab:\u00ab15\u00ab,\u00abpix_res_md_mb\u00ab:\u00ab15\u00ab}\u00bb]<div class=\"pix-promo-box card w-100 h-1002 bg-transparent  pix-hover-item rounded-lg position-relative overflow-hidden text-white   text-left w-100 d-block\"  ><img decoding=\"async\" src=\"https:\/\/flomak.com\/es\/wp-content\/uploads\/sites\/13\/2022\/12\/Our-Firm-Planet-Friendly-Prosperous-copy.webp\" class=\"card-img pix-bg-image pix-img-scale h-100 rounded-lg pix-opacity-10 pix-hover-opacity-10\" alt=\"\"><div class=\"card-img-overlay2 d-inline-block w-100 pix-img-overlay pix-p-20 d-flex align-items-end\" style=\"min-height:540px;\"><div class=\"w-100\"><\/div><\/div><\/div>[\/vc_column][vc_column width=\u00bb1\/2&#8243;][vc_custom_heading text=\u00bbRespetuoso con el planeta y pr\u00f3spero\u00bb font_container=\u00bbtag:h4|text_align:left\u00bb google_fonts=\u00bbfont_family:quarto-bold%3Aregular|font_style:400%20regular%3A400%3Anormal\u00bb css_animation=\u00bbfadeInLeft\u00bb]<div id=\"el1667897774732-90558556-b8cc\" class=\"w-100 d-block \"><\/div><div class=\"pix-el-text w-100   vc_custom_1679494918585\" ><div class=\"d-inline-block\" style=\"max-width:600px;\"><p class=\"text-18  text-body-default  \" ><span class=\"text-body-default animate-in d-inline-block\" data-anim-delay=\"0\" data-anim-type=\"fade-in-right\">Flomak Group adopta un enfoque empresarial basado en la sostenibilidad. La clave de nuestro \u00e9xito reside en nuestra \u00e9tica medioambientalmente responsable, la cual nos ha permitido establecer una red s\u00f3lida de agentes del cambio que act\u00faan con rentabilidad y \u00e9tica en mente<\/span><\/p><\/div><\/div>[vc_row_inner][vc_column_inner width=\u00bb1\/2&#8243;]<a  href=\"https:\/\/flomak.com\/es\/un-planeta-mejor\/\" class=\"btn mb-2     btn-primary d-inline-block      btn-md\"     ><span class=\"font-weight-bold \" >Descubrir<\/span><\/a>[\/vc_column_inner][\/vc_row_inner][\/vc_column][vc_column][\/vc_column][\/vc_row][\/vc_section]<\/p>\n","protected":false},"excerpt":{"rendered":"[vc_section full_width=\u00bbstretch_row_content\u00bb pix_over_visibility=\u00bb\u00bb][vc_row full_width=\u00bbstretch_row_content_no_spaces\u00bb content_placement=\u00bbmiddle\u00bb pix_particles_check=\u00bb\u00bb][vc_column offset=\u00bbvc_hidden-md vc_hidden-sm vc_hidden-xs\u00bb][\/vc_column][\/vc_row][\/vc_section][vc_section full_width=\u00bbstretch_row\u00bb pix_over_visibility=\u00bb\u00bb css=\u00bb.vc_custom_1664868703580{background-color: #f7f7f7 !important;}\u00bb][vc_row pix_particles_check=\u00bb\u00bb css=\u00bb.vc_custom_1664965679182{padding-bottom: 50px !important;}\u00bb][vc_column offset=\u00bbvc_hidden-xs\u00bb css=\u00bb.vc_custom_1668058407778{margin-top: 0px !important;margin-left: -10px !important;}\u00bb][vc_custom_heading text=\u00bbNuestra empresa\u00bb font_container=\u00bbtag:h1|font_size:10vh|text_align:left|color:%23000000&#8243; google_fonts=\u00bbfont_family:quarto-medium%3Aregular|font_style:400%20regular%3A400%3Anormal\u00bb css_animation=\u00bbslideInLeft\u00bb][\/vc_column][vc_column offset=\u00bbvc_hidden-lg vc_hidden-md vc_hidden-sm\u00bb css=\u00bb.vc_custom_1668058427285{margin-top: 0px !important;margin-left: -5px !important;}\u00bb][vc_custom_heading text=\u00bbNuestra empresa\u00bb font_container=\u00bbtag:h1|font_size:55px|text_align:left|color:%23000000&#8243;&#8230;","protected":false},"author":1,"featured_media":0,"parent":0,"menu_order":0,"comment_status":"closed","ping_status":"closed","template":"","meta":{"om_disable_all_campaigns":false,"_monsterinsights_skip_tracking":false,"_monsterinsights_sitenote_active":false,"_monsterinsights_sitenote_note":"","_monsterinsights_sitenote_category":0,"footnotes":""},"class_list":["post-13712","page","type-page","status-publish","hentry"],"aioseo_notices":[],"_links":{"self":[{"href":"https:\/\/flomak.com\/es\/wp-json\/wp\/v2\/pages\/13712","targetHints":{"allow":["GET"]}}],"collection":[{"href":"https:\/\/flomak.com\/es\/wp-json\/wp\/v2\/pages"}],"about":[{"href":"https:\/\/flomak.com\/es\/wp-json\/wp\/v2\/types\/page"}],"author":[{"embeddable":true,"href":"https:\/\/flomak.com\/es\/wp-json\/wp\/v2\/users\/1"}],"replies":[{"embeddable":true,"href":"https:\/\/flomak.com\/es\/wp-json\/wp\/v2\/comments?post=13712"}],"version-history":[{"count":248,"href":"https:\/\/flomak.com\/es\/wp-json\/wp\/v2\/pages\/13712\/revisions"}],"predecessor-version":[{"id":15604,"href":"https:\/\/flomak.com\/es\/wp-json\/wp\/v2\/pages\/13712\/revisions\/15604"}],"wp:attachment":[{"href":"https:\/\/flomak.com\/es\/wp-json\/wp\/v2\/media?parent=13712"}],"curies":[{"name":"wp","href":"https:\/\/api.w.org\/{rel}","templated":true}]}}