{"id":14242,"date":"2022-10-07T06:25:36","date_gmt":"2022-10-07T05:25:36","guid":{"rendered":"http:\/\/flomak.com\/fr\/?page_id=14242"},"modified":"2023-03-23T05:41:49","modified_gmt":"2023-03-23T05:41:49","slug":"carrieres","status":"publish","type":"page","link":"https:\/\/flomak.com\/fr\/carrieres\/","title":{"rendered":"Carri\u00e8res"},"content":{"rendered":"<p>[vc_section full_width=\u00a0\u00bbstretch_row_content\u00a0\u00bb pix_over_visibility=\u00a0\u00bb\u00a0\u00bb css=\u00a0\u00bb.vc_custom_1664959937783{margin-bottom: 50px !important;}\u00a0\u00bb][vc_row full_width=\u00a0\u00bbstretch_row_content_no_spaces\u00a0\u00bb content_placement=\u00a0\u00bbmiddle\u00a0\u00bb pix_particles_check=\u00a0\u00bb\u00a0\u00bb css=\u00a0\u00bb.vc_custom_1664519325962{margin-top: 0px !important;margin-bottom: 0px !important;}\u00a0\u00bb][vc_column offset=\u00a0\u00bbvc_hidden-md vc_hidden-sm vc_hidden-xs\u00a0\u00bb]<div id=\"el1664364363834-b02f3bad-74d3\" class=\"w-100 d-block  vc_custom_1664959738779\"><\/div>[\/vc_column][\/vc_row][\/vc_section][vc_section full_width=\u00a0\u00bbstretch_row\u00a0\u00bb pix_over_visibility=\u00a0\u00bb\u00a0\u00bb css=\u00a0\u00bb.vc_custom_1665120245453{background-color: #f7f7f7 !important;}\u00a0\u00bb][vc_row pix_particles_check=\u00a0\u00bb\u00a0\u00bb css=\u00a0\u00bb.vc_custom_1664965679182{padding-bottom: 50px !important;}\u00a0\u00bb][vc_column offset=\u00a0\u00bbvc_hidden-xs\u00a0\u00bb]<div id=\"el1664523541714-f64c441e-3cc7\" class=\"w-100 d-block \"><\/div>[vc_custom_heading text=\u00a0\u00bbCarri\u00e8res\u00a0\u00bb font_container=\u00a0\u00bbtag:h1|font_size:10vh|text_align:left|color:%23000000&Prime; google_fonts=\u00a0\u00bbfont_family:quarto-medium%3Aregular|font_style:400%20regular%3A400%3Anormal\u00a0\u00bb css_animation=\u00a0\u00bbslideInLeft\u00a0\u00bb]<div id=\"el1664522643767-36f65bd1-4632\" class=\"w-100 d-block \"><\/div>[\/vc_column][vc_column offset=\u00a0\u00bbvc_hidden-lg vc_hidden-md vc_hidden-sm\u00a0\u00bb]<div id=\"el1664523246068-489a5d63-5bc7\" class=\"w-100 d-block \"><\/div>[vc_custom_heading text=\u00a0\u00bbCarri\u00e8res\u00a0\u00bb font_container=\u00a0\u00bbtag:h1|font_size:55px|text_align:left|color:%23000000&Prime; google_fonts=\u00a0\u00bbfont_family:quarto-medium%3Aregular|font_style:400%20regular%3A400%3Anormal\u00a0\u00bb css_animation=\u00a0\u00bbslideInLeft\u00a0\u00bb]<div id=\"el1664519405317-aff99e2a-a11f\" class=\"w-100 d-block \"><\/div>[\/vc_column][vc_column width=\u00a0\u00bb1\/2&Prime; css=\u00a0\u00bb.vc_custom_1664976677248{padding-right: 50px !important;}\u00a0\u00bb][vc_custom_heading text=\u00a0\u00bbCroissance Mondiale, Responsabilit\u00e9 Mondiale\u00a0\u00bb font_container=\u00a0\u00bbtag:h4|text_align:left|color:%23000000&Prime; google_fonts=\u00a0\u00bbfont_family:quarto-bold%3Aregular|font_style:400%20regular%3A400%3Anormal\u00a0\u00bb css_animation=\u00a0\u00bbslideInRight\u00a0\u00bb]<div id=\"el1664520131794-1fd779c4-721f\" class=\"w-100 d-block \"><\/div>[vc_custom_heading text=\u00a0\u00bbLe Groupe Flomak est un collectif d&rsquo;entreprises familiales qui dessert plusieurs secteurs d&rsquo;activit\u00e9 dans le monde entier.\u00a0\u00bb font_container=\u00a0\u00bbtag:p|font_size:18|text_align:left|color:%23075ca1&Prime; google_fonts=\u00a0\u00bbfont_family:roobertregular%3Aregular|font_style:400%20regular%3A400%3Anormal\u00a0\u00bb css_animation=\u00a0\u00bbslideInLeft\u00a0\u00bb][\/vc_column][vc_column width=\u00a0\u00bb1\/2&Prime;]<div class=\"animate-in w-100\" data-anim-type=\"fade-in-left\" data-anim-delay=\"0\"><div class=\"pix-promo-box card w-100 h-1002 bg-transparent  pix-hover-item rounded-lg position-relative overflow-hidden text-white   text-left w-100 d-block\"  ><img decoding=\"async\" src=\"https:\/\/flomak.com\/fr\/wp-content\/uploads\/sites\/12\/2022\/12\/careers3-scaled.webp\" class=\"card-img pix-bg-image pix-img-scale h-100 rounded-lg pix-opacity-10 pix-hover-opacity-10\" alt=\"\"><div class=\"card-img-overlay2 d-inline-block w-100 pix-img-overlay pix-p-20 d-flex align-items-end\" style=\"min-height:540px;\"><div class=\"w-100\"><\/div><\/div><\/div><\/div>[\/vc_column][\/vc_row][\/vc_section][vc_section full_width=\u00a0\u00bbstretch_row\u00a0\u00bb pix_over_visibility=\u00a0\u00bb\u00a0\u00bb css=\u00a0\u00bb.vc_custom_1665120268039{background-color: #f7f7f7 !important;}\u00a0\u00bb][vc_row pix_particles_check=\u00a0\u00bb\u00a0\u00bb][vc_column width=\u00a0\u00bb1\/12&Prime; css=\u00a0\u00bb.vc_custom_1665066420185{margin-bottom: 25px !important;}\u00a0\u00bb]<div id=\"el1665122597655-5277aac6-57b1\" class=\"w-100 d-block \"><\/div>[\/vc_column][vc_column width=\u00a0\u00bb9\/12&Prime;][vc_custom_heading text=\u00a0\u00bbNotre prosp\u00e9rit\u00e9 est directement li\u00e9e au bien-\u00eatre de notre population. Nous d\u00e9fendrons toujours l&rsquo;\u00e9galit\u00e9, l&rsquo;inclusion et la diversit\u00e9 dans tous les secteurs et pays o\u00f9 nous op\u00e9rons.\u00a0\u00bb font_container=\u00a0\u00bbtag:p|font_size:16px|text_align:center|line_height:1.2&Prime; css_animation=\u00a0\u00bbfadeInUp\u00a0\u00bb css=\u00a0\u00bb.vc_custom_1679484567491{margin-bottom: 30px !important;}\u00a0\u00bb][vc_custom_heading text=\u00a0\u00bbNous cherchons \u00e0 attirer des talents aussi passionn\u00e9s que nous par la production des meilleurs produits. Pour en savoir plus sur la Culture de Flomak, consultez notre page Culture et Valeurs.\u00a0\u00bb font_container=\u00a0\u00bbtag:p|font_size:16px|text_align:center|line_height:1.2&Prime; css_animation=\u00a0\u00bbfadeInUp\u00a0\u00bb link=\u00a0\u00bburl:https%3A%2F%2Fflomak.com\/fr%2Fculture-values%2F|title:Culture%20%26%20Values\u00a0\u00bb][vc_custom_heading text=\u00a0\u00bbSi vous souhaitez rejoindre l&rsquo;\u00e9quipe Flomak, veuillez envoyer une copie de votre CV \u00e0 ik@flomak.com.\u00a0\u00bb font_container=\u00a0\u00bbtag:p|font_size:16px|text_align:center|line_height:1.2&Prime; css_animation=\u00a0\u00bbfadeInUp\u00a0\u00bb link=\u00a0\u00bburl:mailto%3Aik%40flomak.com\/fr\u00a0\u00bb][\/vc_column][\/vc_row][\/vc_section][vc_section pix_over_visibility=\u00a0\u00bb\u00a0\u00bb][vc_row full_width=\u00a0\u00bbstretch_row\u00a0\u00bb pix_particles_check=\u00a0\u00bb\u00a0\u00bb css=\u00a0\u00bb.vc_custom_1593042247521{padding-top: 80px !important;padding-bottom: 80px !important;}\u00a0\u00bb][vc_column width=\u00a0\u00bb1\/4&Prime; css=\u00a0\u00bb.vc_custom_1668761204411{border-right-width: 5px !important;border-left-width: 5px !important;padding-right: 60px !important;padding-bottom: 75px !important;padding-left: 60px !important;background-color: #075ca1 !important;border-left-color: #f7f7f7 !important;border-left-style: solid !important;border-right-color: #f7f7f7 !important;border-right-style: solid !important;}\u00a0\u00bb]<div class=\"pix_numbers animate-math \"><div><h3 class=\"align-self-center text-center \"><span class=\"font-weight-bold secondary-font text-white\" style=\"\"><\/span><span class=\"number font-weight-bold secondary-font text-white\" style=\"\" data-duration=\"2000\" data-to=\"330\">0<\/span><span class=\"font-weight-bold secondary-font text-white\" style=\"\"><\/span><\/h3><\/div><div class=\"w-100 text-center\"><h6 class=\"mt-0 text-white font-weight-bold secondary-font\" style=\"\">Employ\u00e9s du Groupe Flomak<\/h6><\/div><\/div>\n[\/vc_column][vc_column width=\u00a0\u00bb1\/4&Prime; responsive_css=\u00a0\u00bb{\u00ab\u00a0pix_res_sm_mt\u00ab\u00a0:\u00ab\u00a010px\u00ab\u00a0,\u00ab\u00a0pix_res_sm_mr\u00ab\u00a0:\u00ab\u00a00\u00ab\u00a0,\u00ab\u00a0pix_res_sm_ml\u00ab\u00a0:\u00ab\u00a00\u00ab\u00a0}\u00a0\u00bb css=\u00a0\u00bb.vc_custom_1679550005823{border-right-width: 5px !important;border-left-width: 5px !important;padding-right: 60px !important;padding-bottom: 60px !important;padding-left: 60px !important;background-color: #075ca1 !important;border-left-color: #f7f7f7 !important;border-left-style: solid !important;border-right-color: #f7f7f7 !important;border-right-style: solid !important;}\u00a0\u00bb]<div class=\"pix_numbers animate-math  vc_custom_1679549971311\"><div><h3 class=\"align-self-center text-center \"><span class=\"font-weight-bold secondary-font text-white\" style=\"\"><\/span><span class=\"number font-weight-bold secondary-font text-white\" style=\"\" data-duration=\"2000\" data-to=\"37\">0<\/span><span class=\"font-weight-bold secondary-font text-white\" style=\"\"><\/span><\/h3><\/div><div class=\"w-100 text-center\"><h5 class=\"mt-0 text-white font-weight-bold secondary-font\" style=\"\">\u00c2ge<br \/>\nMoyen<\/h5><\/div><\/div>\n[\/vc_column][vc_column width=\u00a0\u00bb1\/4&Prime; responsive_css=\u00a0\u00bb{\u00ab\u00a0pix_res_sm_mt\u00ab\u00a0:\u00ab\u00a010px\u00ab\u00a0,\u00ab\u00a0pix_res_sm_mr\u00ab\u00a0:\u00ab\u00a00\u00ab\u00a0,\u00ab\u00a0pix_res_sm_ml\u00ab\u00a0:\u00ab\u00a00\u00ab\u00a0}\u00a0\u00bb css=\u00a0\u00bb.vc_custom_1668761231922{border-right-width: 5px !important;border-left-width: 5px !important;padding-right: 60px !important;padding-bottom: 75px !important;padding-left: 60px !important;background-color: #075ca1 !important;border-left-color: #f7f7f7 !important;border-left-style: solid !important;border-right-color: #f7f7f7 !important;border-right-style: solid !important;}\u00a0\u00bb]<div class=\"pix_numbers animate-math \"><div><h3 class=\"align-self-center text-center \"><span class=\"font-weight-bold secondary-font text-white\" style=\"\">%<\/span><span class=\"number font-weight-bold secondary-font text-white\" style=\"\" data-duration=\"2000\" data-to=\"70\">0<\/span><span class=\"font-weight-bold secondary-font text-white\" style=\"\"><\/span><\/h3><\/div><div class=\"w-100 text-center\"><h6 class=\"mt-0 text-white font-weight-bold secondary-font\" style=\"\">Ratio Exportations<br \/>\n\/Importations<\/h6><\/div><\/div>\n[\/vc_column][vc_column width=\u00a0\u00bb1\/4&Prime; responsive_css=\u00a0\u00bb{\u00ab\u00a0pix_res_sm_mt\u00ab\u00a0:\u00ab\u00a010px\u00ab\u00a0,\u00ab\u00a0pix_res_sm_ml\u00ab\u00a0:\u00ab\u00a00\u00ab\u00a0}\u00a0\u00bb css=\u00a0\u00bb.vc_custom_1679550100165{border-right-width: 5px !important;border-left-width: 5px !important;padding-right: 60px !important;padding-bottom: 52px !important;padding-left: 60px !important;background-color: #075ca1 !important;border-left-color: #f7f7f7 !important;border-left-style: solid !important;border-right-color: #f7f7f7 !important;border-right-style: solid !important;}\u00a0\u00bb]<div class=\"pix_numbers animate-math \"><div><h3 class=\"align-self-center text-center \"><span class=\"font-weight-bold secondary-font text-white\" style=\"\"><\/span><span class=\"number font-weight-bold secondary-font text-white\" style=\"\" data-duration=\"2000\" data-to=\"22\">0<\/span><span class=\"font-weight-bold secondary-font text-white\" style=\"\"><\/span><\/h3><\/div><div class=\"w-100 text-center\"><h6 class=\"mt-0 text-white font-weight-bold secondary-font\" style=\"\">Marques Internationales que Nous Desservons<\/h6><\/div><\/div>\n[\/vc_column][\/vc_row][vc_row pix_particles_check=\u00a0\u00bb\u00a0\u00bb][vc_column]<div id=\"el1665123286361-456df2b4-af54\" class=\"w-100 d-block \"><\/div>[\/vc_column][\/vc_row][\/vc_section][vc_section full_width=\u00a0\u00bbstretch_row\u00a0\u00bb pix_over_visibility=\u00a0\u00bb\u00a0\u00bb css=\u00a0\u00bb.vc_custom_1665120927186{background-color: #ffffff !important;}\u00a0\u00bb][vc_row content_placement=\u00a0\u00bbmiddle\u00a0\u00bb pix_particles_check=\u00a0\u00bb\u00a0\u00bb responsive_css=\u00a0\u00bb{\u00ab\u00a0pix_res_sm_pt\u00ab\u00a0:\u00ab\u00a00\u00ab\u00a0,\u00ab\u00a0pix_res_sm_pb\u00ab\u00a0:\u00ab\u00a00\u00ab\u00a0,\u00ab\u00a0pix_res_md_pt\u00ab\u00a0:\u00ab\u00a00\u00ab\u00a0,\u00ab\u00a0pix_res_md_pb\u00ab\u00a0:\u00ab\u00a00\u00ab\u00a0}\u00a0\u00bb css=\u00a0\u00bb.vc_custom_1666266175166{padding-top: 75px !important;padding-bottom: 75px !important;}\u00a0\u00bb][vc_column]<a href=\"https:\/\/www.kariyer.net\/firma-profil\/flomak-tekstil-makine-muhendislik-mum-taah-san-v-16008-6590\" target=\"_blank\"><div id=\"1607913718036-af97d663-59d8\" class=\"media  vc_custom_1679484607048\"><div class=\"mr-3 text-primary \"   style=\"width:90px;height:90px;position:relative;line-height:90px;text-align:center;\"><svg width=\"100%\" height=\"100%\" viewBox=\"0 0 24 24\" version=\"1.1\" xmlns=\"http:\/\/www.w3.org\/2000\/svg\" xmlns:xlink=\"http:\/\/www.w3.org\/1999\/xlink\"> <defs><\/defs> <g stroke=\"none\" stroke-width=\"1\" fill=\"none\" fill-rule=\"evenodd\"> <rect fill=\"#000000\" opacity=\"0.3\" transform=\"translate(12.000000, 12.000000) rotate(-90.000000) translate(-12.000000, -12.000000) \" x=\"11\" y=\"5\" width=\"2\" height=\"14\" rx=\"1\"><\/rect> <path d=\"M9.70710318,15.7071045 C9.31657888,16.0976288 8.68341391,16.0976288 8.29288961,15.7071045 C7.90236532,15.3165802 7.90236532,14.6834152 8.29288961,14.2928909 L14.2928896,8.29289093 C14.6714686,7.914312 15.281055,7.90106637 15.675721,8.26284357 L21.675721,13.7628436 C22.08284,14.136036 22.1103429,14.7686034 21.7371505,15.1757223 C21.3639581,15.5828413 20.7313908,15.6103443 20.3242718,15.2371519 L15.0300721,10.3841355 L9.70710318,15.7071045 Z\" fill=\"#000000\" fill-rule=\"nonzero\" transform=\"translate(14.999999, 11.999997) scale(1, -1) rotate(90.000000) translate(-14.999999, -11.999997) \"><\/path> <\/g> <\/svg><\/div><div class=\"media-body text-left\"><h5 class=\"font-weight-bold  secondary-font text-heading-default  \" style=\"\"  >Opportunit\u00e9s de Carri\u00e8re<\/h5><div class=\"text-body-default text-18     \" style=\"padding-top:5px;\"  >Consultez nos offres d&#8217;emploi actuelles ici.<\/div><\/div><\/div><\/a>[\/vc_column][\/vc_row][\/vc_section]<\/p>\n","protected":false},"excerpt":{"rendered":"[vc_section full_width=\u00a0\u00bbstretch_row_content\u00a0\u00bb pix_over_visibility=\u00a0\u00bb\u00a0\u00bb css=\u00a0\u00bb.vc_custom_1664959937783{margin-bottom: 50px !important;}\u00a0\u00bb][vc_row full_width=\u00a0\u00bbstretch_row_content_no_spaces\u00a0\u00bb content_placement=\u00a0\u00bbmiddle\u00a0\u00bb pix_particles_check=\u00a0\u00bb\u00a0\u00bb css=\u00a0\u00bb.vc_custom_1664519325962{margin-top: 0px !important;margin-bottom: 0px !important;}\u00a0\u00bb][vc_column offset=\u00a0\u00bbvc_hidden-md vc_hidden-sm vc_hidden-xs\u00a0\u00bb][\/vc_column][\/vc_row][\/vc_section][vc_section full_width=\u00a0\u00bbstretch_row\u00a0\u00bb pix_over_visibility=\u00a0\u00bb\u00a0\u00bb css=\u00a0\u00bb.vc_custom_1665120245453{background-color: #f7f7f7 !important;}\u00a0\u00bb][vc_row pix_particles_check=\u00a0\u00bb\u00a0\u00bb css=\u00a0\u00bb.vc_custom_1664965679182{padding-bottom: 50px !important;}\u00a0\u00bb][vc_column offset=\u00a0\u00bbvc_hidden-xs\u00a0\u00bb][vc_custom_heading text=\u00a0\u00bbCarri\u00e8res\u00a0\u00bb font_container=\u00a0\u00bbtag:h1|font_size:10vh|text_align:left|color:%23000000&Prime; google_fonts=\u00a0\u00bbfont_family:quarto-medium%3Aregular|font_style:400%20regular%3A400%3Anormal\u00a0\u00bb css_animation=\u00a0\u00bbslideInLeft\u00a0\u00bb][\/vc_column][vc_column offset=\u00a0\u00bbvc_hidden-lg vc_hidden-md vc_hidden-sm\u00a0\u00bb][vc_custom_heading text=\u00a0\u00bbCarri\u00e8res\u00a0\u00bb font_container=\u00a0\u00bbtag:h1|font_size:55px|text_align:left|color:%23000000&Prime; google_fonts=\u00a0\u00bbfont_family:quarto-medium%3Aregular|font_style:400%20regular%3A400%3Anormal\u00a0\u00bb css_animation=\u00a0\u00bbslideInLeft\u00a0\u00bb][\/vc_column][vc_column width=\u00a0\u00bb1\/2&Prime; css=\u00a0\u00bb.vc_custom_1664976677248{padding-right:&#8230;","protected":false},"author":2,"featured_media":0,"parent":0,"menu_order":0,"comment_status":"closed","ping_status":"closed","template":"","meta":{"om_disable_all_campaigns":false,"_monsterinsights_skip_tracking":false,"_monsterinsights_sitenote_active":false,"_monsterinsights_sitenote_note":"","_monsterinsights_sitenote_category":0,"footnotes":""},"class_list":["post-14242","page","type-page","status-publish","hentry"],"aioseo_notices":[],"_links":{"self":[{"href":"https:\/\/flomak.com\/fr\/wp-json\/wp\/v2\/pages\/14242","targetHints":{"allow":["GET"]}}],"collection":[{"href":"https:\/\/flomak.com\/fr\/wp-json\/wp\/v2\/pages"}],"about":[{"href":"https:\/\/flomak.com\/fr\/wp-json\/wp\/v2\/types\/page"}],"author":[{"embeddable":true,"href":"https:\/\/flomak.com\/fr\/wp-json\/wp\/v2\/users\/2"}],"replies":[{"embeddable":true,"href":"https:\/\/flomak.com\/fr\/wp-json\/wp\/v2\/comments?post=14242"}],"version-history":[{"count":54,"href":"https:\/\/flomak.com\/fr\/wp-json\/wp\/v2\/pages\/14242\/revisions"}],"predecessor-version":[{"id":15604,"href":"https:\/\/flomak.com\/fr\/wp-json\/wp\/v2\/pages\/14242\/revisions\/15604"}],"wp:attachment":[{"href":"https:\/\/flomak.com\/fr\/wp-json\/wp\/v2\/media?parent=14242"}],"curies":[{"name":"wp","href":"https:\/\/api.w.org\/{rel}","templated":true}]}}