{"id":4,"date":"2020-06-03T04:11:08","date_gmt":"2020-06-03T04:11:08","guid":{"rendered":"https:\/\/essentials.pixfort.com\/business\/?page_id=4"},"modified":"2023-04-03T13:17:52","modified_gmt":"2023-04-03T12:17:52","slug":"homepage","status":"publish","type":"page","link":"https:\/\/flomak.com\/fr\/","title":{"rendered":"Flomak Group"},"content":{"rendered":"<p>[vc_section full_width=\u00a0\u00bbstretch_row_content\u00a0\u00bb pix_over_visibility=\u00a0\u00bb\u00a0\u00bb css=\u00a0\u00bb.vc_custom_1666168706631{padding-top: 0px !important;}\u00a0\u00bb][vc_row full_width=\u00a0\u00bbstretch_row_content_no_spaces\u00a0\u00bb pix_particles_check=\u00a0\u00bb\u00a0\u00bb css=\u00a0\u00bb.vc_custom_1666168821704{padding-top: 0px !important;}\u00a0\u00bb][vc_column offset=\u00a0\u00bbvc_hidden-lg\u00a0\u00bb css=\u00a0\u00bb.vc_custom_1666168809517{padding-top: 0px !important;}\u00a0\u00bb][vc_raw_html]JTVCbGF5ZXJzbGlkZXIlMjBpZCUzRCUyMjI4JTIyJTVE[\/vc_raw_html][\/vc_column][\/vc_row][\/vc_section][vc_section full_width=\u00a0\u00bbstretch_row_content\u00a0\u00bb pix_over_visibility=\u00a0\u00bb\u00a0\u00bb][vc_row full_width=\u00a0\u00bbstretch_row_content_no_spaces\u00a0\u00bb pix_particles_check=\u00a0\u00bb\u00a0\u00bb][vc_column][vc_raw_html]JTVCbGF5ZXJzbGlkZXIlMjBpZCUzRCUyMjI5JTIyJTVE[\/vc_raw_html][\/vc_column][\/vc_row][\/vc_section][vc_section full_width=\u00a0\u00bbstretch_row\u00a0\u00bb pix_over_visibility=\u00a0\u00bb\u00a0\u00bb css=\u00a0\u00bb.vc_custom_1668003172893{padding-top: 75px !important;padding-bottom: 75px !important;background-color: #f7f7f7 !important;}\u00a0\u00bb][vc_row pix_particles_check=\u00a0\u00bb\u00a0\u00bb css=\u00a0\u00bb.vc_custom_1668003106540{background-color: #f7f7f7 !important;}\u00a0\u00bb][vc_column width=\u00a0\u00bb1\/4&Prime; css=\u00a0\u00bb.vc_custom_1663914771604{padding-top: 25px !important;padding-bottom: 25px !important;}\u00a0\u00bb]<div class=\"pix_numbers animate-math \"><div><h2 class=\"align-self-center text-center \"><span class=\"font-weight-bold text-heading-default\" style=\"\"><\/span><span class=\"number font-weight-bold text-heading-default\" style=\"\" data-duration=\"3000\" data-to=\"330\">0<\/span><span class=\"font-weight-bold text-heading-default\" style=\"\">+<\/span><\/h2><\/div><div class=\"w-100 text-center\"><h6 class=\"mt-0 text-primary font-weight-bold\" style=\"\">Personnes<\/h6><\/div><\/div>\n[\/vc_column][vc_column width=\u00a0\u00bb1\/4&Prime; css=\u00a0\u00bb.vc_custom_1663914790593{padding-top: 25px !important;padding-bottom: 25px !important;}\u00a0\u00bb]<div class=\"pix_numbers animate-math \"><div><h2 class=\"align-self-center text-center \"><span class=\"font-weight-bold secondary-font text-heading-default\" style=\"\"><\/span><span class=\"number font-weight-bold text-heading-default\" style=\"\" data-duration=\"3000\" data-to=\"4\">0<\/span><span class=\"font-weight-bold text-heading-default\" style=\"\"><\/span><\/h2><\/div><div class=\"w-100 text-center\"><h6 class=\"mt-0 text-primary font-weight-bold\" style=\"\">Secteurs<\/h6><\/div><\/div>\n[\/vc_column][vc_column width=\u00a0\u00bb1\/4&Prime; css=\u00a0\u00bb.vc_custom_1663914800682{padding-top: 25px !important;padding-bottom: 25px !important;}\u00a0\u00bb]<div class=\"pix_numbers animate-math \"><div><h2 class=\"align-self-center text-center \"><span class=\"font-weight-bold secondary-font text-heading-default\" style=\"\"><\/span><span class=\"number font-weight-bold text-heading-default\" style=\"\" data-duration=\"3000\" data-to=\"20\">0<\/span><span class=\"font-weight-bold text-heading-default\" style=\"\">+<\/span><\/h2><\/div><div class=\"w-100 text-center\"><h6 class=\"mt-0 text-primary font-weight-bold\" style=\"\">Ann\u00e9es de croissance<\/h6><\/div><\/div>\n[\/vc_column][vc_column width=\u00a0\u00bb1\/4&Prime; css=\u00a0\u00bb.vc_custom_1663914810213{padding-top: 25px !important;padding-bottom: 25px !important;}\u00a0\u00bb]<div class=\"pix_numbers animate-math \"><div><h2 class=\"align-self-center text-center \"><span class=\"font-weight-bold secondary-font text-heading-default\" style=\"\"><\/span><span class=\"number font-weight-bold text-heading-default\" style=\"\" data-duration=\"3000\" data-to=\"60\">0<\/span><span class=\"font-weight-bold text-heading-default\" style=\"\">+<\/span><\/h2><\/div><div class=\"w-100 text-center\"><h6 class=\"mt-0 text-primary font-weight-bold\" style=\"\">March\u00e9s de Consommation<\/h6><\/div><\/div>\n[\/vc_column][\/vc_row][\/vc_section][vc_section full_width=\u00a0\u00bbstretch_row\u00a0\u00bb pix_over_visibility=\u00a0\u00bb\u00a0\u00bb css=\u00a0\u00bb.vc_custom_1664261793880{background-color: #ffffff !important;}\u00a0\u00bb][vc_row content_placement=\u00a0\u00bbmiddle\u00a0\u00bb pix_particles_check=\u00a0\u00bb\u00a0\u00bb css=\u00a0\u00bb.vc_custom_1663850483517{padding-top: 75px !important;padding-bottom: 75px !important;}\u00a0\u00bb][vc_column width=\u00a0\u00bb1\/2&Prime; css=\u00a0\u00bb.vc_custom_1670833693507{padding-top: 30px !important;padding-bottom: 30px !important;}\u00a0\u00bb]<div id=\"el1671086128034-8b73d61d-acad\" class=\"w-100 d-block  vc_custom_1671086162081\"><\/div>[\/vc_column][vc_column width=\u00a0\u00bb1\/2&Prime;][vc_custom_heading text=\u00a0\u00bbEntreprises pour une Meilleure Plan\u00e8te\u00a0\u00bb font_container=\u00a0\u00bbtag:h4|text_align:left\u00a0\u00bb google_fonts=\u00a0\u00bbfont_family:quarto-bold%3Aregular|font_style:400%20regular%3A400%3Anormal\u00a0\u00bb]<div id=\"el1664275653671-7240dfac-436c\" class=\"w-100 d-block \"><\/div><div class=\"pix-el-text w-100   vc_custom_1679482628645\" ><div class=\"d-inline-block\" style=\"max-width:600px;\"><p class=\"text-18  text-body-default  \" >Nous visons l&rsquo;excellence dans tous les domaines de  notre activit\u00e9. Nous mettons en pratique les Objectifs de D\u00e9veloppement Durable des Nations Unies, qui font partie d&rsquo;un plan plus large visant \u00e0 cr\u00e9er \u00ab la paix et la prosp\u00e9rit\u00e9 pour les gens et la plan\u00e8te, aujourd&rsquo;hui et dans le futur \u00bb. Dans ce cadre, nous r\u00e9duisons continuellement notre empreinte carbone.<\/p><\/div><\/div>[vc_row_inner][vc_column_inner width=\u00a0\u00bb1\/2&Prime;]<a  href=\"https:\/\/flomak.com\/fr\/une-meilleure-planete\/\" class=\"btn mb-2     btn-primary d-inline-block      btn-md\"     ><span class=\"font-weight-bold \" >En savoir plus<\/span><\/a>[\/vc_column_inner][\/vc_row_inner][\/vc_column][\/vc_row][\/vc_section][vc_section full_width=\u00a0\u00bbstretch_row\u00a0\u00bb pix_over_visibility=\u00a0\u00bb\u00a0\u00bb pix_visibility=\u00a0\u00bb1&Prime; css=\u00a0\u00bb.vc_custom_1664261566841{padding-top: 80px !important;padding-bottom: 80px !important;background-color: #f8f9fa !important;}\u00a0\u00bb b_custom_height=\u00a0\u00bb100px\u00a0\u00bb][vc_row pix_particles_check=\u00a0\u00bb\u00a0\u00bb][vc_column][vc_custom_heading text=\u00a0\u00bbNos Secteurs\u00a0\u00bb font_container=\u00a0\u00bbtag:h4|text_align:center|color:%23000000&Prime; google_fonts=\u00a0\u00bbfont_family:quarto-bold%3Aregular|font_style:400%20regular%3A400%3Anormal\u00a0\u00bb link=\u00a0\u00bburl:https%3A%2F%2Fflomak.com%2Ffr%2Fnos-secteurs%2F\u00a0\u00bb][\/vc_column][\/vc_row][vc_row pix_particles_check=\u00a0\u00bb\u00a0\u00bb][vc_column]<div id=\"el1663853965748-a1cc257f-76cf\" class=\"w-100 d-block \"><\/div>[\/vc_column][\/vc_row][vc_row pix_particles_check=\u00a0\u00bb\u00a0\u00bb css=\u00a0\u00bb.vc_custom_1592306621353{padding-bottom: 60px !important;}\u00a0\u00bb][vc_column width=\u00a0\u00bb1\/4&Prime;]<a href=\"https:\/\/flomak.com\/fr\/textile\/\" ><div id=\"1663832591051-129aa342-13d4\" class=\"media  vc_custom_1679482316773\"><div class=\"feature_img  mr-3 animate-in\" data-anim-type=\"fade-in-up\" data-anim-delay=\"\" style=\"width:50px;height:auto;display:inline-block;position:relative;\"><img decoding=\"async\" style=\"width:50px;height:50px;\" class=\"img-fluid2 pix-fit-cover \" src=\"https:\/\/flomak.com\/fr\/wp-content\/uploads\/sites\/12\/2022\/07\/mavi-3.svg\" alt=\"Textile\"><\/div><div class=\"media-body text-left\"><h5 class=\"font-weight-bold  secondary-font text-heading-default animate-in \" style=\"\" data-anim-type=\"fade-in-up\" data-anim-delay=\"100\">Textile<\/h5><div class=\"text-body-default text-18     animate-in\" style=\"padding-top:10px;\" data-anim-type=\"fade-in-up\" data-anim-delay=\"200\">V\u00eatements performants de nouvelle g\u00e9n\u00e9ration export\u00e9s dans 15 pays sur 3 continents.<\/div><\/div><\/div><\/a>[\/vc_column][vc_column width=\u00a0\u00bb1\/4&Prime;]<a href=\"https:\/\/flomak.com\/fr\/solutions-dimpression\/\" ><div id=\"1663832591307-42b8e87f-9964\" class=\"media  vc_custom_1679488026899\"><div class=\"feature_img  mr-3 animate-in\" data-anim-type=\"fade-in-up\" data-anim-delay=\"\" style=\"width:50px;height:auto;display:inline-block;position:relative;\"><img decoding=\"async\" style=\"width:50px;height:50px;\" class=\"img-fluid2 pix-fit-cover \" src=\"https:\/\/flomak.com\/fr\/wp-content\/uploads\/sites\/12\/2022\/07\/mavi-1.svg\" alt=\"Solutions d'Impression\"><\/div><div class=\"media-body text-left\"><h5 class=\"font-weight-bold  secondary-font text-heading-default animate-in \" style=\"\" data-anim-type=\"fade-in-up\" data-anim-delay=\"100\">Solutions d'Impression<\/h5><div class=\"text-body-default text-18     animate-in\" style=\"padding-top:10px;\" data-anim-type=\"fade-in-up\" data-anim-delay=\"200\">Nos brochures imprim\u00e9es \u00e0 la pointe de la technologie sont diffus\u00e9es dans plus de 60 pays.<\/div><\/div><\/div><\/a>[\/vc_column][vc_column width=\u00a0\u00bb1\/4&Prime;]<a href=\"https:\/\/flomak.com\/fr\/securite-et-soins-de-sante\/\" ><div id=\"1663832591559-42b7fa64-1628\" class=\"media  vc_custom_1679488036015\"><div class=\"feature_img  mr-3 animate-in\" data-anim-type=\"fade-in-up\" data-anim-delay=\"\" style=\"width:50px;height:auto;display:inline-block;position:relative;\"><img decoding=\"async\" style=\"width:50px;height:50px;\" class=\"img-fluid2 pix-fit-cover \" src=\"https:\/\/flomak.com\/fr\/wp-content\/uploads\/sites\/12\/2022\/07\/mavi-2.svg\" alt=\"S\u00e9curit\u00e9 et Soins de Sant\u00e9\"><\/div><div class=\"media-body text-left\"><h5 class=\"font-weight-bold  secondary-font text-heading-default animate-in \" style=\"\" data-anim-type=\"fade-in-up\" data-anim-delay=\"100\">S\u00e9curit\u00e9 et Soins de Sant\u00e9<\/h5><div class=\"text-body-default text-18     animate-in\" style=\"padding-top:10px;\" data-anim-type=\"fade-in-up\" data-anim-delay=\"200\">Des produits de protection de la t\u00eate aux pieds port\u00e9s par plus de 15 millions de travailleurs chaque ann\u00e9e.<\/div><\/div><\/div><\/a>[\/vc_column][vc_column width=\u00a0\u00bb1\/4&Prime;]<a href=\"https:\/\/flomak.com\/fr\/produits-chimiques-industriels\/\" ><div id=\"1663853311423-6cf65dbe-90f6\" class=\"media  vc_custom_1679488043592\"><div class=\"feature_img  mr-3 animate-in\" data-anim-type=\"fade-in-up\" data-anim-delay=\"\" style=\"width:50px;height:auto;display:inline-block;position:relative;\"><img decoding=\"async\" style=\"width:50px;height:50px;\" class=\"img-fluid2 pix-fit-cover \" src=\"https:\/\/flomak.com\/fr\/wp-content\/uploads\/sites\/12\/2022\/07\/mavi4.svg\" alt=\"Produits Chimiques Industriels\"><\/div><div class=\"media-body text-left\"><h5 class=\"font-weight-bold  secondary-font text-heading-default animate-in \" style=\"\" data-anim-type=\"fade-in-up\" data-anim-delay=\"100\">Produits Chimiques Industriels<\/h5><div class=\"text-body-default text-18     animate-in\" style=\"padding-top:10px;\" data-anim-type=\"fade-in-up\" data-anim-delay=\"200\">Des produits chimiques de qualit\u00e9 sup\u00e9rieure vendus dans toute l&rsquo;Europe et l&rsquo;Asie<\/div><\/div><\/div><\/a>[\/vc_column][\/vc_row][vc_row full_width=\u00a0\u00bbstretch_row\u00a0\u00bb content_placement=\u00a0\u00bbmiddle\u00a0\u00bb pix_particles_check=\u00a0\u00bb\u00a0\u00bb][vc_column content_align=\u00a0\u00bbtext-center\u00a0\u00bb offset=\u00a0\u00bbvc_hidden-md vc_hidden-sm vc_hidden-xs\u00a0\u00bb]<div class=\"d-inline-block \" ><a href=\"https:\/\/flomak.com\/fr\/nos-secteurs\/\"  class=\"pix-img-el    scale-sm text-center d-inline-block  rounded-0\" ><img fetchpriority=\"high\" decoding=\"async\" class=\"pix-lazy2 card-img2 rounded-0 h-1002\" src=\"https:\/\/flomak.com\/fr\/wp-content\/uploads\/sites\/12\/2023\/04\/fransizca.svg\" width=\"2346\" height=\"195\" alt=\"\" style=\"width:1200px;max-height:120px;\"\/><\/a><\/div>[\/vc_column][vc_column offset=\u00a0\u00bbvc_hidden-lg\u00a0\u00bb]<div class=\"pix-element-div w-100 text-center\"><h4 class=\"pix-badge-element d-inline-block mr-1 \"  ><span class=\"badge font-weight-bold secondary-font badge-pill bg-gradient-primary  vc_custom_1680524265604  \" style=\" \"><span class=\"text-white\" style=\"\">SYNERGIE DU GROUP \u00c0 TOUS POINT DE VUE<\/span><\/span><\/h4><\/div>[\/vc_column][\/vc_row][\/vc_section][vc_section full_width=\u00a0\u00bbstretch_row\u00a0\u00bb pix_over_visibility=\u00a0\u00bb\u00a0\u00bb css=\u00a0\u00bb.vc_custom_1668003201944{background-color: #ffffff !important;}\u00a0\u00bb][vc_row pix_particles_check=\u00a0\u00bb\u00a0\u00bb][vc_column]<div id=\"el1663859023600-3fdf5ff2-4d2c\" class=\"w-100 d-block  vc_custom_1664193474304\"><\/div>[vc_custom_heading text=\u00a0\u00bbNotre mission est de cr\u00e9er des produits novateurs qui ont un impact positif sur la vie des gens.\u00a0\u00bb font_container=\u00a0\u00bbtag:h3|text_align:center\u00a0\u00bb google_fonts=\u00a0\u00bbfont_family:quarto-light%3Aregular|font_style:400%20regular%3A400%3Anormal\u00a0\u00bb]<div id=\"el1663859008120-83d3b37e-c2d5\" class=\"w-100 d-block \"><\/div><div class=\"pix-el-text w-100 text-center  vc_custom_1664276884232\" ><p class=\"  text-heading-default text-center \" >Alaattin Saz<\/p><\/div><div class=\"pix-el-text w-100 text-center \" ><p class=\"text-sm  text-body-default text-center \" >Pr\u00e9sident du Conseil d&rsquo;Administration<\/p><\/div><div id=\"el1663859194086-0facef7c-b54b\" class=\"w-100 d-block  vc_custom_1664193484436\"><\/div><div id=\"el1664261896298-2bd912c0-73a9\" class=\"w-100 d-block \"><\/div>[\/vc_column][\/vc_row][\/vc_section][vc_section full_width=\u00a0\u00bbstretch_row\u00a0\u00bb pix_over_visibility=\u00a0\u00bb\u00a0\u00bb responsive_css=\u00a0\u00bb{\u00ab\u00a0pix_res_sm_pt\u00ab\u00a0:\u00ab\u00a050\u00ab\u00a0,\u00ab\u00a0pix_res_md_pt\u00ab\u00a0:\u00ab\u00a050\u00ab\u00a0}\u00a0\u00bb css=\u00a0\u00bb.vc_custom_1668003208885{padding-top: 75px !important;background-color: #f7f7f7 !important;}\u00a0\u00bb][vc_row content_placement=\u00a0\u00bbmiddle\u00a0\u00bb pix_particles_check=\u00a0\u00bb\u00a0\u00bb css=\u00a0\u00bb.vc_custom_1663916370242{padding-top: 0px !important;padding-bottom: 0px !important;}\u00a0\u00bb][vc_column width=\u00a0\u00bb1\/2&Prime; css=\u00a0\u00bb.vc_custom_1664261977487{padding-top: 30px !important;padding-bottom: 75px !important;}\u00a0\u00bb]<div class=\"d-inline-block w-100 pix-h-auto \"><div  style=\"\" class=\"  text-left d-inline-block rounded-0\"  ><video class=\"pix-video-bg-element d-block pix-bg-image2 rounded-0 bg-video\" width=\"100%\"  preload=\"metadata\" loop  muted playsinline>\n\t\t\t\t\t\t\t<source src=\"https:\/\/flomak.com\/fr\/wp-content\/uploads\/sites\/12\/2022\/11\/istockphoto-1214987373-640_adpp_is_3.mp4\" type=\"video\/mp4\" \/>\n\t\t\t\t\t\t\t<\/video><\/div><\/div>[\/vc_column][vc_column width=\u00a0\u00bb1\/2&Prime; content_align=\u00a0\u00bbtext-center\u00a0\u00bb responsive_css=\u00a0\u00bb{\u00ab\u00a0pix_res_sm_pb\u00ab\u00a0:\u00ab\u00a025\u00ab\u00a0,\u00ab\u00a0pix_res_md_pb\u00ab\u00a0:\u00ab\u00a025\u00ab\u00a0}\u00a0\u00bb][vc_custom_heading text=\u00a0\u00bbAvan\u00e7ons ensemble vers l&rsquo;avenir\u00a0\u00bb font_container=\u00a0\u00bbtag:h4|text_align:left\u00a0\u00bb google_fonts=\u00a0\u00bbfont_family:quarto-bold%3Aregular|font_style:400%20regular%3A400%3Anormal\u00a0\u00bb]<div id=\"el1669052431693-9630133c-8b9f\" class=\"w-100 d-block \"><\/div><div class=\"pix-el-text w-100 text-left  vc_custom_1679482702145\" ><p class=\"text-18  text-body-default text-left \" >Nous \u00e9largissons constamment notre r\u00e9seau de partenaires qui partagent notre enthousiasme pour les technologies de pointe et notre vision de la production durable.<br \/>\nContactez-nous pour en savoir plus sur le partenariat avec le Groupe Flomak.<\/p><\/div>[vc_row_inner][vc_column_inner width=\u00a0\u00bb1\/2&Prime;]<a  href=\"mailto:info@flomak.com\" class=\"btn mb-2     btn-primary d-inline-block      btn-md\"     ><i class=\"font-weight-bold pixicon-email-1   mr-1\"><\/i> <span class=\"font-weight-bold \" >Nous Contacter<\/span><\/a>[\/vc_column_inner][\/vc_row_inner][\/vc_column][\/vc_row][\/vc_section][vc_section full_width=\u00a0\u00bbstretch_row\u00a0\u00bb pix_over_visibility=\u00a0\u00bb\u00a0\u00bb css=\u00a0\u00bb.vc_custom_1664277452046{padding-top: 40px !important;background-color: #075ca1 !important;}\u00a0\u00bb][vc_row pix_particles_check=\u00a0\u00bb\u00a0\u00bb css=\u00a0\u00bb.vc_custom_1592257122949{padding-bottom: 40px !important;}\u00a0\u00bb][vc_column content_align=\u00a0\u00bbtext-center\u00a0\u00bb]<a class=\"d-inline-block \"  href=\"mailto:info@flomak.com\" target=\"\"><div id=\"duo-icon-143678361\" class=\"pix-icon d-inline-block \"><div class=\"mr-32 d-inline-block text-secondary \"   style=\"width:64.8px;height:64.8px;position:relative;line-height:64.8px;text-align:center;\"><svg width=\"100%\" height=\"100%\" viewBox=\"0 0 24 24\" version=\"1.1\" xmlns=\"http:\/\/www.w3.org\/2000\/svg\" xmlns:xlink=\"http:\/\/www.w3.org\/1999\/xlink\"> <defs><\/defs> <g stroke=\"none\" stroke-width=\"1\" fill=\"none\" fill-rule=\"evenodd\"> <path d=\"M5,6 L19,6 C20.1045695,6 21,6.8954305 21,8 L21,17 C21,18.1045695 20.1045695,19 19,19 L5,19 C3.8954305,19 3,18.1045695 3,17 L3,8 C3,6.8954305 3.8954305,6 5,6 Z M18.1444251,7.83964668 L12,11.1481833 L5.85557487,7.83964668 C5.4908718,7.6432681 5.03602525,7.77972206 4.83964668,8.14442513 C4.6432681,8.5091282 4.77972206,8.96397475 5.14442513,9.16035332 L11.6444251,12.6603533 C11.8664074,12.7798822 12.1335926,12.7798822 12.3555749,12.6603533 L18.8555749,9.16035332 C19.2202779,8.96397475 19.3567319,8.5091282 19.1603533,8.14442513 C18.9639747,7.77972206 18.5091282,7.6432681 18.1444251,7.83964668 Z\" fill=\"#000000\"><\/path> <\/g> <\/svg><\/div><\/div><\/a>[vc_custom_heading text=\u00a0\u00bbComment pouvons-nous vous aider ?\u00a0\u00bb font_container=\u00a0\u00bbtag:h3|text_align:center|color:%23ffffff\u00a0\u00bb google_fonts=\u00a0\u00bbfont_family:quarto-medium%3Aregular|font_style:400%20regular%3A400%3Anormal\u00a0\u00bb][vc_custom_heading text=\u00a0\u00bbPrenez contact avec nous.\u00a0\u00bb font_container=\u00a0\u00bbtag:p|font_size:18px|text_align:center|color:%23ffffff\u00a0\u00bb google_fonts=\u00a0\u00bbfont_family:roobertregular%3Aregular|font_style:400%20regular%3A400%3Anormal\u00a0\u00bb link=\u00a0\u00bburl:mailto%3Ainfo%40flomak.com\u00a0\u00bb][\/vc_column][\/vc_row][\/vc_section][vc_section pix_over_visibility=\u00a0\u00bb\u00a0\u00bb][vc_row pix_particles_check=\u00a0\u00bb\u00a0\u00bb][vc_column][\/vc_column][\/vc_row][\/vc_section]<\/p>\n","protected":false},"excerpt":{"rendered":"[vc_section full_width=\u00a0\u00bbstretch_row_content\u00a0\u00bb pix_over_visibility=\u00a0\u00bb\u00a0\u00bb css=\u00a0\u00bb.vc_custom_1666168706631{padding-top: 0px !important;}\u00a0\u00bb][vc_row full_width=\u00a0\u00bbstretch_row_content_no_spaces\u00a0\u00bb pix_particles_check=\u00a0\u00bb\u00a0\u00bb css=\u00a0\u00bb.vc_custom_1666168821704{padding-top: 0px !important;}\u00a0\u00bb][vc_column offset=\u00a0\u00bbvc_hidden-lg\u00a0\u00bb css=\u00a0\u00bb.vc_custom_1666168809517{padding-top: 0px !important;}\u00a0\u00bb][vc_raw_html]JTVCbGF5ZXJzbGlkZXIlMjBpZCUzRCUyMjI4JTIyJTVE[\/vc_raw_html][\/vc_column][\/vc_row][\/vc_section][vc_section full_width=\u00a0\u00bbstretch_row_content\u00a0\u00bb pix_over_visibility=\u00a0\u00bb\u00a0\u00bb][vc_row full_width=\u00a0\u00bbstretch_row_content_no_spaces\u00a0\u00bb pix_particles_check=\u00a0\u00bb\u00a0\u00bb][vc_column][vc_raw_html]JTVCbGF5ZXJzbGlkZXIlMjBpZCUzRCUyMjI5JTIyJTVE[\/vc_raw_html][\/vc_column][\/vc_row][\/vc_section][vc_section full_width=\u00a0\u00bbstretch_row\u00a0\u00bb pix_over_visibility=\u00a0\u00bb\u00a0\u00bb css=\u00a0\u00bb.vc_custom_1668003172893{padding-top: 75px !important;padding-bottom: 75px !important;background-color: #f7f7f7 !important;}\u00a0\u00bb][vc_row pix_particles_check=\u00a0\u00bb\u00a0\u00bb css=\u00a0\u00bb.vc_custom_1668003106540{background-color: #f7f7f7 !important;}\u00a0\u00bb][vc_column width=\u00a0\u00bb1\/4&Prime; css=\u00a0\u00bb.vc_custom_1663914771604{padding-top: 25px !important;padding-bottom: 25px !important;}\u00a0\u00bb][\/vc_column][vc_column width=\u00a0\u00bb1\/4&Prime; css=\u00a0\u00bb.vc_custom_1663914790593{padding-top:&#8230;","protected":false},"author":1,"featured_media":15447,"parent":0,"menu_order":0,"comment_status":"closed","ping_status":"closed","template":"","meta":{"om_disable_all_campaigns":false,"_monsterinsights_skip_tracking":false,"_monsterinsights_sitenote_active":false,"_monsterinsights_sitenote_note":"","_monsterinsights_sitenote_category":0,"footnotes":""},"class_list":["post-4","page","type-page","status-publish","has-post-thumbnail","hentry"],"aioseo_notices":[],"_links":{"self":[{"href":"https:\/\/flomak.com\/fr\/wp-json\/wp\/v2\/pages\/4","targetHints":{"allow":["GET"]}}],"collection":[{"href":"https:\/\/flomak.com\/fr\/wp-json\/wp\/v2\/pages"}],"about":[{"href":"https:\/\/flomak.com\/fr\/wp-json\/wp\/v2\/types\/page"}],"author":[{"embeddable":true,"href":"https:\/\/flomak.com\/fr\/wp-json\/wp\/v2\/users\/1"}],"replies":[{"embeddable":true,"href":"https:\/\/flomak.com\/fr\/wp-json\/wp\/v2\/comments?post=4"}],"version-history":[{"count":230,"href":"https:\/\/flomak.com\/fr\/wp-json\/wp\/v2\/pages\/4\/revisions"}],"predecessor-version":[{"id":15613,"href":"https:\/\/flomak.com\/fr\/wp-json\/wp\/v2\/pages\/4\/revisions\/15613"}],"wp:featuredmedia":[{"embeddable":true,"href":"https:\/\/flomak.com\/fr\/wp-json\/wp\/v2\/media\/15447"}],"wp:attachment":[{"href":"https:\/\/flomak.com\/fr\/wp-json\/wp\/v2\/media?parent=4"}],"curies":[{"name":"wp","href":"https:\/\/api.w.org\/{rel}","templated":true}]}}