{"id":14151,"date":"2022-10-06T12:33:56","date_gmt":"2022-10-06T11:33:56","guid":{"rendered":"http:\/\/flomak.com\/it\/?page_id=14151"},"modified":"2023-03-22T13:10:55","modified_gmt":"2023-03-22T13:10:55","slug":"tessuti","status":"publish","type":"page","link":"https:\/\/flomak.com\/it\/tessuti\/","title":{"rendered":"Tessuti"},"content":{"rendered":"<p>[vc_section full_width=&#8221;stretch_row_content&#8221; pix_over_visibility=&#8221;&#8221; css=&#8221;.vc_custom_1664959937783{margin-bottom: 50px !important;}&#8221;][vc_row full_width=&#8221;stretch_row_content_no_spaces&#8221; content_placement=&#8221;middle&#8221; pix_particles_check=&#8221;&#8221; css=&#8221;.vc_custom_1664519325962{margin-top: 0px !important;margin-bottom: 0px !important;}&#8221;][vc_column offset=&#8221;vc_hidden-md vc_hidden-sm vc_hidden-xs&#8221;]<div id=\"el1664364363834-b02f3bad-74d3\" class=\"w-100 d-block  vc_custom_1664959738779\"><\/div>[\/vc_column][\/vc_row][\/vc_section][vc_section full_width=&#8221;stretch_row&#8221; pix_over_visibility=&#8221;&#8221; css=&#8221;.vc_custom_1664868703580{background-color: #f7f7f7 !important;}&#8221;][vc_row pix_particles_check=&#8221;&#8221; css=&#8221;.vc_custom_1664965679182{padding-bottom: 50px !important;}&#8221;][vc_column offset=&#8221;vc_hidden-xs&#8221;]<div id=\"el1664523541714-f64c441e-3cc7\" class=\"w-100 d-block \"><\/div>[vc_custom_heading text=&#8221;Tessuti&#8221; font_container=&#8221;tag:h1|font_size:10vh|text_align:left|color:%23000000&#8243; google_fonts=&#8221;font_family:quarto-medium%3Aregular|font_style:400%20regular%3A400%3Anormal&#8221; css_animation=&#8221;slideInLeft&#8221;]<div id=\"el1664522643767-36f65bd1-4632\" class=\"w-100 d-block \"><\/div>[\/vc_column][vc_column offset=&#8221;vc_hidden-lg vc_hidden-md vc_hidden-sm&#8221;]<div id=\"el1664523246068-489a5d63-5bc7\" class=\"w-100 d-block \"><\/div>[vc_custom_heading text=&#8221;Tessuti&#8221; font_container=&#8221;tag:h1|font_size:55px|text_align:left|color:%23000000&#8243; google_fonts=&#8221;font_family:quarto-medium%3Aregular|font_style:400%20regular%3A400%3Anormal&#8221; css_animation=&#8221;slideInLeft&#8221;]<div id=\"el1664519405317-aff99e2a-a11f\" class=\"w-100 d-block \"><\/div>[\/vc_column][vc_column width=&#8221;1\/2&#8243; css=&#8221;.vc_custom_1664976677248{padding-right: 50px !important;}&#8221;][vc_custom_heading text=&#8221;Abbigliamento ad alte prestazioni di nuova generazione per marchi leader a livello mondiale&#8221; font_container=&#8221;tag:h4|text_align:left|color:%23000000&#8243; google_fonts=&#8221;font_family:quarto-bold%3Aregular|font_style:400%20regular%3A400%3Anormal&#8221; css_animation=&#8221;slideInRight&#8221;]<div id=\"el1664520131794-1fd779c4-721f\" class=\"w-100 d-block \"><\/div>[vc_custom_heading text=&#8221;Tessuti di Flomak<br \/>\nsono noti per le loro caratteristiche di innovazione tecnologica. Proponiamo prodotti all&#8217;avanguardia, con livelli di conformit\u00e0 ineguagliabili nel mondo dell&#8217;abbigliamento in continua evoluzione.<br \/>\n&#8221; font_container=&#8221;tag:p|font_size:18|text_align:left|color:%23075ca1&#8243; google_fonts=&#8221;font_family:roobertregular%3Aregular|font_style:400%20regular%3A400%3Anormal&#8221; css_animation=&#8221;slideInLeft&#8221;][\/vc_column][vc_column width=&#8221;1\/2&#8243;]<div id=\"el1670835165413-7285049d-8d2c\" class=\"w-100 d-block  vc_custom_1671087232705\"><\/div>[\/vc_column][vc_column content_align=&#8221;text-center&#8221;]<div class=\"pix-el-text w-100   vc_custom_1679490630713\" ><p class=\"  text-body-default  \" >Abbiamo clienti in tutto il mondo. Grazie alla nostra esperienza siamo in grado di fornire abbigliamento ad alte prestazioni in tutto il mondo. I brand di abbigliamento per lo sport, l&#8217;outdoor e il tempo libero rientrano tutti nella nostra offerta completa &#8220;dall&#8217;idea allo scaffale&#8221;. Con i servizi specializzati Flomak Renews\u2122 e Flomak Creates\u2122 proponiamo tecniche all&#8217;avanguardia come incollaggio, cucitura a ultrasuoni, modellazione senza cuciture e 3D con un design versatile e con la conversione sostenibile dei prodotti.<\/p><\/div><div class=\"pix-el-text w-100  \" ><p class=\"  text-body-default  \" >La nostra dedizione all&#8217;eccellenza va di pari passo con l&#8217;impegno nei confronti del pianeta e delle persone che lo abitano. \u00c8 per questo che abbiamo integrato gli obiettivi di sviluppo sostenibile delle Nazioni Unite nella nostra attivit\u00e0, al fine di garantire che le nostre operazioni favoriscano sempre una maggiore sostenibilit\u00e0 e responsabilit\u00e0 sociale.<\/p><\/div>[\/vc_column][\/vc_row][\/vc_section][vc_section full_width=&#8221;stretch_row&#8221; pix_over_visibility=&#8221;&#8221; css=&#8221;.vc_custom_1669722768918{background-color: #ffffff !important;}&#8221;][vc_row content_placement=&#8221;middle&#8221; pix_particles_check=&#8221;&#8221; responsive_css=&#8221;{&#8220;pix_res_sm_pt&#8220;:&#8220;0&#8220;,&#8220;pix_res_sm_pb&#8220;:&#8220;0&#8220;,&#8220;pix_res_md_pt&#8220;:&#8220;0&#8220;,&#8220;pix_res_md_pb&#8220;:&#8220;0&#8220;}&#8221; css=&#8221;.vc_custom_1668162797779{padding-top: 50px !important;padding-bottom: 75px !important;}&#8221;][vc_column]<a href=\"https:\/\/flomaktextile.com\/\" target=\"_blank\"><div id=\"1607913718036-af97d663-59d8\" class=\"pix-feature-el text-center  vc_custom_1679490649710\"><div class=\"d-inline-block text-primary \"   style=\"width:90px;height:90px;position:relative;line-height:90px;text-align:center;\"><span style=\"display:inline-block;font-size:50px;line-height:50px;\"><svg width=\"100%\" height=\"100%\" viewBox=\"0 0 24 24\" version=\"1.1\" xmlns=\"http:\/\/www.w3.org\/2000\/svg\" xmlns:xlink=\"http:\/\/www.w3.org\/1999\/xlink\"> <defs><\/defs> <g stroke=\"none\" stroke-width=\"1\" fill=\"none\" fill-rule=\"evenodd\"> <rect fill=\"#000000\" opacity=\"0.3\" transform=\"translate(12.000000, 12.000000) rotate(-90.000000) translate(-12.000000, -12.000000) \" x=\"11\" y=\"5\" width=\"2\" height=\"14\" rx=\"1\"><\/rect> <path d=\"M9.70710318,15.7071045 C9.31657888,16.0976288 8.68341391,16.0976288 8.29288961,15.7071045 C7.90236532,15.3165802 7.90236532,14.6834152 8.29288961,14.2928909 L14.2928896,8.29289093 C14.6714686,7.914312 15.281055,7.90106637 15.675721,8.26284357 L21.675721,13.7628436 C22.08284,14.136036 22.1103429,14.7686034 21.7371505,15.1757223 C21.3639581,15.5828413 20.7313908,15.6103443 20.3242718,15.2371519 L15.0300721,10.3841355 L9.70710318,15.7071045 Z\" fill=\"#000000\" fill-rule=\"nonzero\" transform=\"translate(14.999999, 11.999997) scale(1, -1) rotate(90.000000) translate(-14.999999, -11.999997) \"><\/path> <\/g> <\/svg><\/span><\/div><h5 class=\"font-weight-bold  secondary-font text-heading-default \" style=\"\"  >Ulteriori informazioni<\/h5><div class=\"text-body-default text-18     \" style=\"padding-top:5px;\"  >www.flomaktextile.com<\/div><\/div><\/a>[\/vc_column][\/vc_row][\/vc_section]<\/p>\n","protected":false},"excerpt":{"rendered":"[vc_section full_width=&#8221;stretch_row_content&#8221; pix_over_visibility=&#8221;&#8221; css=&#8221;.vc_custom_1664959937783{margin-bottom: 50px !important;}&#8221;][vc_row full_width=&#8221;stretch_row_content_no_spaces&#8221; content_placement=&#8221;middle&#8221; pix_particles_check=&#8221;&#8221; css=&#8221;.vc_custom_1664519325962{margin-top: 0px !important;margin-bottom: 0px !important;}&#8221;][vc_column offset=&#8221;vc_hidden-md vc_hidden-sm vc_hidden-xs&#8221;][\/vc_column][\/vc_row][\/vc_section][vc_section full_width=&#8221;stretch_row&#8221; pix_over_visibility=&#8221;&#8221; css=&#8221;.vc_custom_1664868703580{background-color: #f7f7f7 !important;}&#8221;][vc_row pix_particles_check=&#8221;&#8221; css=&#8221;.vc_custom_1664965679182{padding-bottom: 50px !important;}&#8221;][vc_column offset=&#8221;vc_hidden-xs&#8221;][vc_custom_heading text=&#8221;Tessuti&#8221; font_container=&#8221;tag:h1|font_size:10vh|text_align:left|color:%23000000&#8243; google_fonts=&#8221;font_family:quarto-medium%3Aregular|font_style:400%20regular%3A400%3Anormal&#8221; css_animation=&#8221;slideInLeft&#8221;][\/vc_column][vc_column offset=&#8221;vc_hidden-lg vc_hidden-md vc_hidden-sm&#8221;][vc_custom_heading text=&#8221;Tessuti&#8221; font_container=&#8221;tag:h1|font_size:55px|text_align:left|color:%23000000&#8243; google_fonts=&#8221;font_family:quarto-medium%3Aregular|font_style:400%20regular%3A400%3Anormal&#8221; css_animation=&#8221;slideInLeft&#8221;][\/vc_column][vc_column width=&#8221;1\/2&#8243; css=&#8221;.vc_custom_1664976677248{padding-right:&#8230;","protected":false},"author":2,"featured_media":0,"parent":0,"menu_order":0,"comment_status":"closed","ping_status":"closed","template":"","meta":{"om_disable_all_campaigns":false,"_monsterinsights_skip_tracking":false,"_monsterinsights_sitenote_active":false,"_monsterinsights_sitenote_note":"","_monsterinsights_sitenote_category":0,"footnotes":""},"class_list":["post-14151","page","type-page","status-publish","hentry"],"aioseo_notices":[],"_links":{"self":[{"href":"https:\/\/flomak.com\/it\/wp-json\/wp\/v2\/pages\/14151","targetHints":{"allow":["GET"]}}],"collection":[{"href":"https:\/\/flomak.com\/it\/wp-json\/wp\/v2\/pages"}],"about":[{"href":"https:\/\/flomak.com\/it\/wp-json\/wp\/v2\/types\/page"}],"author":[{"embeddable":true,"href":"https:\/\/flomak.com\/it\/wp-json\/wp\/v2\/users\/2"}],"replies":[{"embeddable":true,"href":"https:\/\/flomak.com\/it\/wp-json\/wp\/v2\/comments?post=14151"}],"version-history":[{"count":105,"href":"https:\/\/flomak.com\/it\/wp-json\/wp\/v2\/pages\/14151\/revisions"}],"predecessor-version":[{"id":15549,"href":"https:\/\/flomak.com\/it\/wp-json\/wp\/v2\/pages\/14151\/revisions\/15549"}],"wp:attachment":[{"href":"https:\/\/flomak.com\/it\/wp-json\/wp\/v2\/media?parent=14151"}],"curies":[{"name":"wp","href":"https:\/\/api.w.org\/{rel}","templated":true}]}}