{"id":4,"date":"2020-06-03T04:11:08","date_gmt":"2020-06-03T04:11:08","guid":{"rendered":"https:\/\/essentials.pixfort.com\/business\/?page_id=4"},"modified":"2023-04-03T13:12:53","modified_gmt":"2023-04-03T12:12:53","slug":"homepage","status":"publish","type":"page","link":"https:\/\/flomak.com\/it\/","title":{"rendered":"Flomak Group"},"content":{"rendered":"<p>[vc_section full_width=&#8221;stretch_row_content&#8221; pix_over_visibility=&#8221;&#8221; css=&#8221;.vc_custom_1666168706631{padding-top: 0px !important;}&#8221;][vc_row full_width=&#8221;stretch_row_content_no_spaces&#8221; pix_particles_check=&#8221;&#8221; css=&#8221;.vc_custom_1666168821704{padding-top: 0px !important;}&#8221;][vc_column offset=&#8221;vc_hidden-lg&#8221; css=&#8221;.vc_custom_1666168809517{padding-top: 0px !important;}&#8221;][vc_raw_html]JTVCbGF5ZXJzbGlkZXIlMjBpZCUzRCUyMjI4JTIyJTVE[\/vc_raw_html][\/vc_column][\/vc_row][\/vc_section][vc_section full_width=&#8221;stretch_row_content&#8221; pix_over_visibility=&#8221;&#8221;][vc_row full_width=&#8221;stretch_row_content_no_spaces&#8221; pix_particles_check=&#8221;&#8221;][vc_column][vc_raw_html]JTVCbGF5ZXJzbGlkZXIlMjBpZCUzRCUyMjI5JTIyJTVE[\/vc_raw_html][\/vc_column][\/vc_row][\/vc_section][vc_section full_width=&#8221;stretch_row&#8221; pix_over_visibility=&#8221;&#8221; css=&#8221;.vc_custom_1668003172893{padding-top: 75px !important;padding-bottom: 75px !important;background-color: #f7f7f7 !important;}&#8221;][vc_row pix_particles_check=&#8221;&#8221; css=&#8221;.vc_custom_1668003106540{background-color: #f7f7f7 !important;}&#8221;][vc_column width=&#8221;1\/4&#8243; css=&#8221;.vc_custom_1663914771604{padding-top: 25px !important;padding-bottom: 25px !important;}&#8221;]<div class=\"pix_numbers animate-math \"><div><h2 class=\"align-self-center text-center \"><span class=\"font-weight-bold text-heading-default\" style=\"\"><\/span><span class=\"number font-weight-bold text-heading-default\" style=\"\" data-duration=\"3000\" data-to=\"330\">0<\/span><span class=\"font-weight-bold text-heading-default\" style=\"\">+<\/span><\/h2><\/div><div class=\"w-100 text-center\"><h6 class=\"mt-0 text-primary font-weight-bold\" style=\"\">Persone<\/h6><\/div><\/div>\n[\/vc_column][vc_column width=&#8221;1\/4&#8243; css=&#8221;.vc_custom_1663914790593{padding-top: 25px !important;padding-bottom: 25px !important;}&#8221;]<div class=\"pix_numbers animate-math \"><div><h2 class=\"align-self-center text-center \"><span class=\"font-weight-bold secondary-font text-heading-default\" style=\"\"><\/span><span class=\"number font-weight-bold text-heading-default\" style=\"\" data-duration=\"3000\" data-to=\"4\">0<\/span><span class=\"font-weight-bold text-heading-default\" style=\"\"><\/span><\/h2><\/div><div class=\"w-100 text-center\"><h6 class=\"mt-0 text-primary font-weight-bold\" style=\"\">Settori<\/h6><\/div><\/div>\n[\/vc_column][vc_column width=&#8221;1\/4&#8243; css=&#8221;.vc_custom_1663914800682{padding-top: 25px !important;padding-bottom: 25px !important;}&#8221;]<div class=\"pix_numbers animate-math \"><div><h2 class=\"align-self-center text-center \"><span class=\"font-weight-bold secondary-font text-heading-default\" style=\"\"><\/span><span class=\"number font-weight-bold text-heading-default\" style=\"\" data-duration=\"3000\" data-to=\"20\">0<\/span><span class=\"font-weight-bold text-heading-default\" style=\"\">+<\/span><\/h2><\/div><div class=\"w-100 text-center\"><h6 class=\"mt-0 text-primary font-weight-bold\" style=\"\">Anni di crescita<\/h6><\/div><\/div>\n[\/vc_column][vc_column width=&#8221;1\/4&#8243; css=&#8221;.vc_custom_1663914810213{padding-top: 25px !important;padding-bottom: 25px !important;}&#8221;]<div class=\"pix_numbers animate-math \"><div><h2 class=\"align-self-center text-center \"><span class=\"font-weight-bold secondary-font text-heading-default\" style=\"\"><\/span><span class=\"number font-weight-bold text-heading-default\" style=\"\" data-duration=\"3000\" data-to=\"60\">0<\/span><span class=\"font-weight-bold text-heading-default\" style=\"\">+<\/span><\/h2><\/div><div class=\"w-100 text-center\"><h6 class=\"mt-0 text-primary font-weight-bold\" style=\"\">Mercati di consumo<\/h6><\/div><\/div>\n[\/vc_column][\/vc_row][\/vc_section][vc_section full_width=&#8221;stretch_row&#8221; pix_over_visibility=&#8221;&#8221; css=&#8221;.vc_custom_1664261793880{background-color: #ffffff !important;}&#8221;][vc_row content_placement=&#8221;middle&#8221; pix_particles_check=&#8221;&#8221; css=&#8221;.vc_custom_1663850483517{padding-top: 75px !important;padding-bottom: 75px !important;}&#8221;][vc_column width=&#8221;1\/2&#8243; css=&#8221;.vc_custom_1670833693507{padding-top: 30px !important;padding-bottom: 30px !important;}&#8221;]<div id=\"el1671086128034-8b73d61d-acad\" class=\"w-100 d-block  vc_custom_1671086162081\"><\/div>[\/vc_column][vc_column width=&#8221;1\/2&#8243;][vc_custom_heading text=&#8221;Lavoriamo per un pianeta migliore&#8221; font_container=&#8221;tag:h4|text_align:left&#8221; google_fonts=&#8221;font_family:quarto-bold%3Aregular|font_style:400%20regular%3A400%3Anormal&#8221;]<div id=\"el1664275653671-7240dfac-436c\" class=\"w-100 d-block \"><\/div><div class=\"pix-el-text w-100   vc_custom_1679489004374\" ><div class=\"d-inline-block\" style=\"max-width:600px;\"><p class=\"text-18  text-body-default  \" >Ci dedichiamo all&#8217;eccellenza in tutte le aree della nostra attivit\u00e0. Perseguiamo gli obiettivi di sviluppo sostenibile delle Nazioni Unite, nell&#8217;ambito di un piano pi\u00f9 esteso volto a creare &#8220;pace e prosperit\u00e0 per le persone e per il pianeta, oggi e in futuro&#8221;. Nell&#8217;ambito di questo impegno stiamo progressivamente riducendo la nostra impronta di carbonio.<\/p><\/div><\/div>[vc_row_inner][vc_column_inner width=&#8221;1\/2&#8243;]<a  href=\"https:\/\/flomak.com\/it\/un-pianeta-migliore\/\" class=\"btn mb-2     btn-primary d-inline-block      btn-md\"     ><span class=\"font-weight-bold \" >Ulteriori informazioni<\/span><\/a>[\/vc_column_inner][\/vc_row_inner][\/vc_column][\/vc_row][\/vc_section][vc_section full_width=&#8221;stretch_row&#8221; pix_over_visibility=&#8221;&#8221; pix_visibility=&#8221;1&#8243; css=&#8221;.vc_custom_1664261566841{padding-top: 80px !important;padding-bottom: 80px !important;background-color: #f8f9fa !important;}&#8221; b_custom_height=&#8221;100px&#8221;][vc_row pix_particles_check=&#8221;&#8221;][vc_column][vc_custom_heading text=&#8221;I nostri settori&#8221; font_container=&#8221;tag:h4|text_align:center|color:%23000000&#8243; google_fonts=&#8221;font_family:quarto-bold%3Aregular|font_style:400%20regular%3A400%3Anormal&#8221; link=&#8221;url:https%3A%2F%2Fflomak.com%2Fit%2Fi-nostri-settori%2F|title:I%20nostri%20settori&#8221;][\/vc_column][\/vc_row][vc_row pix_particles_check=&#8221;&#8221;][vc_column]<div id=\"el1663853965748-a1cc257f-76cf\" class=\"w-100 d-block \"><\/div>[\/vc_column][\/vc_row][vc_row pix_particles_check=&#8221;&#8221; css=&#8221;.vc_custom_1592306621353{padding-bottom: 60px !important;}&#8221;][vc_column width=&#8221;1\/4&#8243;]<a href=\"https:\/\/flomak.com\/it\/tessuti\/\" ><div id=\"1663832591051-129aa342-13d4\" class=\"media  vc_custom_1679492993437\"><div class=\"feature_img  mr-3 animate-in\" data-anim-type=\"fade-in-up\" data-anim-delay=\"\" style=\"width:50px;height:auto;display:inline-block;position:relative;\"><img decoding=\"async\" style=\"width:50px;height:50px;\" class=\"img-fluid2 pix-fit-cover \" src=\"https:\/\/flomak.com\/it\/wp-content\/uploads\/sites\/11\/2022\/07\/mavi-3.svg\" alt=\"Tessuti\"><\/div><div class=\"media-body text-left\"><h5 class=\"font-weight-bold  secondary-font text-heading-default animate-in \" style=\"\" data-anim-type=\"fade-in-up\" data-anim-delay=\"100\">Tessuti<\/h5><div class=\"text-body-default text-18     animate-in\" style=\"padding-top:10px;\" data-anim-type=\"fade-in-up\" data-anim-delay=\"200\">Abbigliamento ad alte prestazioni di nuova generazione esportato in 15 Paesi, in 3 continenti.<\/div><\/div><\/div><\/a>[\/vc_column][vc_column width=&#8221;1\/4&#8243;]<a href=\"https:\/\/flomak.com\/it\/soluzioni-per-la-stampa\/\" ><div id=\"1663832591307-42b8e87f-9964\" class=\"media  vc_custom_1679493001787\"><div class=\"feature_img  mr-3 animate-in\" data-anim-type=\"fade-in-up\" data-anim-delay=\"\" style=\"width:50px;height:auto;display:inline-block;position:relative;\"><img decoding=\"async\" style=\"width:50px;height:50px;\" class=\"img-fluid2 pix-fit-cover \" src=\"https:\/\/flomak.com\/it\/wp-content\/uploads\/sites\/11\/2022\/07\/mavi-1.svg\" alt=\"Soluzioni per la stampa\"><\/div><div class=\"media-body text-left\"><h5 class=\"font-weight-bold  secondary-font text-heading-default animate-in \" style=\"\" data-anim-type=\"fade-in-up\" data-anim-delay=\"100\">Soluzioni per la stampa<\/h5><div class=\"text-body-default text-18     animate-in\" style=\"padding-top:10px;\" data-anim-type=\"fade-in-up\" data-anim-delay=\"200\">Materiali e applicazioni per la stampa all&#8217;avanguardia disponibili in oltre 110 Paesi.<\/div><\/div><\/div><\/a>[\/vc_column][vc_column width=&#8221;1\/4&#8243;]<a href=\"https:\/\/flomak.com\/it\/sicurezza-e-salute\/\" ><div id=\"1663832591559-42b7fa64-1628\" class=\"media  vc_custom_1679493012075\"><div class=\"feature_img  mr-3 animate-in\" data-anim-type=\"fade-in-up\" data-anim-delay=\"\" style=\"width:50px;height:auto;display:inline-block;position:relative;\"><img decoding=\"async\" style=\"width:50px;height:50px;\" class=\"img-fluid2 pix-fit-cover \" src=\"https:\/\/flomak.com\/it\/wp-content\/uploads\/sites\/11\/2022\/07\/mavi-2.svg\" alt=\"Sicurezza e salute\"><\/div><div class=\"media-body text-left\"><h5 class=\"font-weight-bold  secondary-font text-heading-default animate-in \" style=\"\" data-anim-type=\"fade-in-up\" data-anim-delay=\"100\">Sicurezza e salute<\/h5><div class=\"text-body-default text-18     animate-in\" style=\"padding-top:10px;\" data-anim-type=\"fade-in-up\" data-anim-delay=\"200\">Prodotti per la protezione completa indossati da oltre 15 milioni di lavoratori ogni anno.<\/div><\/div><\/div><\/a>[\/vc_column][vc_column width=&#8221;1\/4&#8243;]<a href=\"https:\/\/flomak.com\/it\/prodotti-chimici-per-lindustria\/\" ><div id=\"1663853311423-6cf65dbe-90f6\" class=\"media  vc_custom_1679493021133\"><div class=\"feature_img  mr-3 animate-in\" data-anim-type=\"fade-in-up\" data-anim-delay=\"\" style=\"width:50px;height:auto;display:inline-block;position:relative;\"><img decoding=\"async\" style=\"width:50px;height:50px;\" class=\"img-fluid2 pix-fit-cover \" src=\"https:\/\/flomak.com\/it\/wp-content\/uploads\/sites\/11\/2022\/07\/mavi4.svg\" alt=\"Prodotti chimici per l'industria\"><\/div><div class=\"media-body text-left\"><h5 class=\"font-weight-bold  secondary-font text-heading-default animate-in \" style=\"\" data-anim-type=\"fade-in-up\" data-anim-delay=\"100\">Prodotti chimici per l'industria<\/h5><div class=\"text-body-default text-18     animate-in\" style=\"padding-top:10px;\" data-anim-type=\"fade-in-up\" data-anim-delay=\"200\">Prodotti chimici di qualit\u00e0 superiore per il settore tessile e quello della lavorazione del legno.<\/div><\/div><\/div><\/a>[\/vc_column][\/vc_row][vc_row full_width=&#8221;stretch_row&#8221; content_placement=&#8221;middle&#8221; pix_particles_check=&#8221;&#8221;][vc_column content_align=&#8221;text-center&#8221; offset=&#8221;vc_hidden-md vc_hidden-sm vc_hidden-xs&#8221;]<div class=\"d-inline-block \" ><a href=\"https:\/\/flomak.com\/it\/i-nostri-settori\/\"  class=\"pix-img-el    scale-sm text-center d-inline-block  rounded-0\" ><img fetchpriority=\"high\" decoding=\"async\" class=\"pix-lazy2 card-img2 rounded-0 h-1002\" src=\"https:\/\/flomak.com\/it\/wp-content\/uploads\/sites\/11\/2023\/04\/italyanca.svg\" width=\"2346\" height=\"195\" alt=\"\" style=\"width:1200px;max-height:120px;\"\/><\/a><\/div>[\/vc_column][vc_column offset=&#8221;vc_hidden-lg&#8221;]<div class=\"pix-element-div w-100 text-center\"><h4 class=\"pix-badge-element d-inline-block mr-1 \"  ><span class=\"badge font-weight-bold secondary-font badge-pill bg-gradient-primary  vc_custom_1680523942421  \" style=\" \"><span class=\"text-white\" style=\"\">SINERGIA COMPLETA A LIVELLO DI GRUPPO<\/span><\/span><\/h4><\/div>[\/vc_column][\/vc_row][\/vc_section][vc_section full_width=&#8221;stretch_row&#8221; pix_over_visibility=&#8221;&#8221; css=&#8221;.vc_custom_1668003201944{background-color: #ffffff !important;}&#8221;][vc_row pix_particles_check=&#8221;&#8221;][vc_column]<div id=\"el1663859023600-3fdf5ff2-4d2c\" class=\"w-100 d-block  vc_custom_1664193474304\"><\/div>[vc_custom_heading text=&#8221;La nostra missione \u00e8 realizzare prodotti pionieristici con un impatto positivo sulla vita delle persone.&#8221; font_container=&#8221;tag:h3|text_align:center&#8221; google_fonts=&#8221;font_family:quarto-light%3Aregular|font_style:400%20regular%3A400%3Anormal&#8221;]<div id=\"el1663859008120-83d3b37e-c2d5\" class=\"w-100 d-block \"><\/div><div class=\"pix-el-text w-100 text-center  vc_custom_1664276884232\" ><p class=\"  text-heading-default text-center \" >Alaattin Saz<\/p><\/div><div class=\"pix-el-text w-100 text-center \" ><p class=\"text-sm  text-body-default text-center \" >Presidente del consiglio di amministrazione<\/p><\/div><div id=\"el1663859194086-0facef7c-b54b\" class=\"w-100 d-block  vc_custom_1664193484436\"><\/div><div id=\"el1664261896298-2bd912c0-73a9\" class=\"w-100 d-block \"><\/div>[\/vc_column][\/vc_row][\/vc_section][vc_section full_width=&#8221;stretch_row&#8221; pix_over_visibility=&#8221;&#8221; responsive_css=&#8221;{&#8220;pix_res_sm_pt&#8220;:&#8220;50&#8220;,&#8220;pix_res_md_pt&#8220;:&#8220;50&#8220;}&#8221; css=&#8221;.vc_custom_1676529763392{padding-top: 75px !important;background-color: #f7f7f7 !important;}&#8221;][vc_row content_placement=&#8221;middle&#8221; pix_particles_check=&#8221;&#8221; css=&#8221;.vc_custom_1663916370242{padding-top: 0px !important;padding-bottom: 0px !important;}&#8221;][vc_column width=&#8221;1\/2&#8243; css=&#8221;.vc_custom_1664261977487{padding-top: 30px !important;padding-bottom: 75px !important;}&#8221;]<div class=\"d-inline-block w-100 pix-h-auto \"><div  style=\"\" class=\"  text-left d-inline-block rounded-0\"  ><video class=\"pix-video-bg-element d-block pix-bg-image2 rounded-0 bg-video\" width=\"100%\"  preload=\"metadata\" loop  muted playsinline>\n\t\t\t\t\t\t\t<source src=\"https:\/\/flomak.com\/it\/wp-content\/uploads\/sites\/11\/2022\/11\/istockphoto-1214987373-640_adpp_is_3.mp4\" type=\"video\/mp4\" \/>\n\t\t\t\t\t\t\t<\/video><\/div><\/div>[\/vc_column][vc_column width=&#8221;1\/2&#8243; content_align=&#8221;text-center&#8221; responsive_css=&#8221;{&#8220;pix_res_sm_pb&#8220;:&#8220;25&#8220;,&#8220;pix_res_md_pb&#8220;:&#8220;25&#8220;}&#8221;][vc_custom_heading text=&#8221;Entriamo insieme nel futuro&#8221; font_container=&#8221;tag:h4|text_align:left&#8221; google_fonts=&#8221;font_family:quarto-bold%3Aregular|font_style:400%20regular%3A400%3Anormal&#8221;]<div id=\"el1669052431693-9630133c-8b9f\" class=\"w-100 d-block \"><\/div><div class=\"pix-el-text w-100 text-left  vc_custom_1679489079195\" ><p class=\"text-18  text-body-default text-left \" >Espandiamo costantemente la nostra rete di partner che condividono il nostro entusiasmo per le tecnologie leader a livello mondiale e la nostra visione nei confronti di un&#8217;attivit\u00e0 produttiva sostenibile.<br \/>\nContattaci per informazioni su come avviare una collaborazione con Flomak Group.<\/p><\/div>[vc_row_inner][vc_column_inner width=&#8221;1\/2&#8243;]<a  href=\"mailto:info@flomak.com\" class=\"btn mb-2     btn-primary d-inline-block      btn-md\"     ><i class=\"font-weight-bold pixicon-email-1   mr-1\"><\/i> <span class=\"font-weight-bold \" >Contatti<\/span><\/a>[\/vc_column_inner][\/vc_row_inner][\/vc_column][\/vc_row][\/vc_section][vc_section full_width=&#8221;stretch_row&#8221; pix_over_visibility=&#8221;&#8221; css=&#8221;.vc_custom_1664277452046{padding-top: 40px !important;background-color: #075ca1 !important;}&#8221;][vc_row pix_particles_check=&#8221;&#8221; css=&#8221;.vc_custom_1592257122949{padding-bottom: 40px !important;}&#8221;][vc_column content_align=&#8221;text-center&#8221;]<a class=\"d-inline-block \"  href=\"mailto:info@flomak.com\" target=\"\"><div id=\"duo-icon-69945959\" class=\"pix-icon d-inline-block \"><div class=\"mr-32 d-inline-block text-secondary \"   style=\"width:64.8px;height:64.8px;position:relative;line-height:64.8px;text-align:center;\"><svg width=\"100%\" height=\"100%\" viewBox=\"0 0 24 24\" version=\"1.1\" xmlns=\"http:\/\/www.w3.org\/2000\/svg\" xmlns:xlink=\"http:\/\/www.w3.org\/1999\/xlink\"> <defs><\/defs> <g stroke=\"none\" stroke-width=\"1\" fill=\"none\" fill-rule=\"evenodd\"> <path d=\"M5,6 L19,6 C20.1045695,6 21,6.8954305 21,8 L21,17 C21,18.1045695 20.1045695,19 19,19 L5,19 C3.8954305,19 3,18.1045695 3,17 L3,8 C3,6.8954305 3.8954305,6 5,6 Z M18.1444251,7.83964668 L12,11.1481833 L5.85557487,7.83964668 C5.4908718,7.6432681 5.03602525,7.77972206 4.83964668,8.14442513 C4.6432681,8.5091282 4.77972206,8.96397475 5.14442513,9.16035332 L11.6444251,12.6603533 C11.8664074,12.7798822 12.1335926,12.7798822 12.3555749,12.6603533 L18.8555749,9.16035332 C19.2202779,8.96397475 19.3567319,8.5091282 19.1603533,8.14442513 C18.9639747,7.77972206 18.5091282,7.6432681 18.1444251,7.83964668 Z\" fill=\"#000000\"><\/path> <\/g> <\/svg><\/div><\/div><\/a>[vc_custom_heading text=&#8221;Come possiamo aiutarti?&#8221; font_container=&#8221;tag:h3|text_align:center|color:%23ffffff&#8221; google_fonts=&#8221;font_family:quarto-medium%3Aregular|font_style:400%20regular%3A400%3Anormal&#8221;][vc_custom_heading text=&#8221;Contattaci&#8221; font_container=&#8221;tag:p|font_size:18px|text_align:center|color:%23ffffff&#8221; google_fonts=&#8221;font_family:roobertregular%3Aregular|font_style:400%20regular%3A400%3Anormal&#8221; link=&#8221;url:mailto%3Ainfo%40flomak.com&#8221;][\/vc_column][\/vc_row][\/vc_section][vc_section pix_over_visibility=&#8221;&#8221;][vc_row pix_particles_check=&#8221;&#8221;][vc_column][\/vc_column][\/vc_row][\/vc_section]<\/p>\n","protected":false},"excerpt":{"rendered":"[vc_section full_width=&#8221;stretch_row_content&#8221; pix_over_visibility=&#8221;&#8221; css=&#8221;.vc_custom_1666168706631{padding-top: 0px !important;}&#8221;][vc_row full_width=&#8221;stretch_row_content_no_spaces&#8221; pix_particles_check=&#8221;&#8221; css=&#8221;.vc_custom_1666168821704{padding-top: 0px !important;}&#8221;][vc_column offset=&#8221;vc_hidden-lg&#8221; css=&#8221;.vc_custom_1666168809517{padding-top: 0px !important;}&#8221;][vc_raw_html]JTVCbGF5ZXJzbGlkZXIlMjBpZCUzRCUyMjI4JTIyJTVE[\/vc_raw_html][\/vc_column][\/vc_row][\/vc_section][vc_section full_width=&#8221;stretch_row_content&#8221; pix_over_visibility=&#8221;&#8221;][vc_row full_width=&#8221;stretch_row_content_no_spaces&#8221; pix_particles_check=&#8221;&#8221;][vc_column][vc_raw_html]JTVCbGF5ZXJzbGlkZXIlMjBpZCUzRCUyMjI5JTIyJTVE[\/vc_raw_html][\/vc_column][\/vc_row][\/vc_section][vc_section full_width=&#8221;stretch_row&#8221; pix_over_visibility=&#8221;&#8221; css=&#8221;.vc_custom_1668003172893{padding-top: 75px !important;padding-bottom: 75px !important;background-color: #f7f7f7 !important;}&#8221;][vc_row pix_particles_check=&#8221;&#8221; css=&#8221;.vc_custom_1668003106540{background-color: #f7f7f7 !important;}&#8221;][vc_column width=&#8221;1\/4&#8243; css=&#8221;.vc_custom_1663914771604{padding-top: 25px !important;padding-bottom: 25px !important;}&#8221;][\/vc_column][vc_column width=&#8221;1\/4&#8243; css=&#8221;.vc_custom_1663914790593{padding-top:&#8230;","protected":false},"author":1,"featured_media":15447,"parent":0,"menu_order":0,"comment_status":"closed","ping_status":"closed","template":"","meta":{"om_disable_all_campaigns":false,"_monsterinsights_skip_tracking":false,"_monsterinsights_sitenote_active":false,"_monsterinsights_sitenote_note":"","_monsterinsights_sitenote_category":0,"footnotes":""},"class_list":["post-4","page","type-page","status-publish","has-post-thumbnail","hentry"],"aioseo_notices":[],"_links":{"self":[{"href":"https:\/\/flomak.com\/it\/wp-json\/wp\/v2\/pages\/4","targetHints":{"allow":["GET"]}}],"collection":[{"href":"https:\/\/flomak.com\/it\/wp-json\/wp\/v2\/pages"}],"about":[{"href":"https:\/\/flomak.com\/it\/wp-json\/wp\/v2\/types\/page"}],"author":[{"embeddable":true,"href":"https:\/\/flomak.com\/it\/wp-json\/wp\/v2\/users\/1"}],"replies":[{"embeddable":true,"href":"https:\/\/flomak.com\/it\/wp-json\/wp\/v2\/comments?post=4"}],"version-history":[{"count":228,"href":"https:\/\/flomak.com\/it\/wp-json\/wp\/v2\/pages\/4\/revisions"}],"predecessor-version":[{"id":15604,"href":"https:\/\/flomak.com\/it\/wp-json\/wp\/v2\/pages\/4\/revisions\/15604"}],"wp:featuredmedia":[{"embeddable":true,"href":"https:\/\/flomak.com\/it\/wp-json\/wp\/v2\/media\/15447"}],"wp:attachment":[{"href":"https:\/\/flomak.com\/it\/wp-json\/wp\/v2\/media?parent=4"}],"curies":[{"name":"wp","href":"https:\/\/api.w.org\/{rel}","templated":true}]}}