{"id":15721,"date":"2023-03-15T11:25:51","date_gmt":"2023-03-15T11:25:51","guid":{"rendered":"https:\/\/flomak.com\/tr\/?page_id=15721"},"modified":"2023-03-16T06:06:32","modified_gmt":"2023-03-16T06:06:32","slug":"kvkk","status":"publish","type":"page","link":"https:\/\/flomak.com\/tr\/kvkk\/","title":{"rendered":"KVKK"},"content":{"rendered":"<p>[vc_section full_width=&#8221;stretch_row_content&#8221; pix_over_visibility=&#8221;&#8221; css=&#8221;.vc_custom_1664959937783{margin-bottom: 50px !important;}&#8221;][vc_row full_width=&#8221;stretch_row_content_no_spaces&#8221; content_placement=&#8221;middle&#8221; pix_particles_check=&#8221;&#8221; css=&#8221;.vc_custom_1664519325962{margin-top: 0px !important;margin-bottom: 0px !important;}&#8221;][vc_column offset=&#8221;vc_hidden-md vc_hidden-sm vc_hidden-xs&#8221;]<div id=\"el1664364363834-b02f3bad-74d3\" class=\"w-100 d-block  vc_custom_1664959738779\"><\/div>[\/vc_column][\/vc_row][\/vc_section][vc_section full_width=&#8221;stretch_row&#8221; pix_over_visibility=&#8221;&#8221; css=&#8221;.vc_custom_1664868703580{background-color: #f7f7f7 !important;}&#8221;][vc_row pix_particles_check=&#8221;&#8221; css=&#8221;.vc_custom_1664965679182{padding-bottom: 50px !important;}&#8221;][vc_column offset=&#8221;vc_hidden-xs&#8221;]<div id=\"el1664523541714-f64c441e-3cc7\" class=\"w-100 d-block \"><\/div>[vc_custom_heading text=&#8221;KVKK&#8221; font_container=&#8221;tag:h1|font_size:10vh|text_align:left|color:%23000000&#8243; google_fonts=&#8221;font_family:quarto-medium%3Aregular|font_style:400%20regular%3A400%3Anormal&#8221; css_animation=&#8221;slideInLeft&#8221;]<div id=\"el1664522643767-36f65bd1-4632\" class=\"w-100 d-block \"><\/div>[\/vc_column][vc_column offset=&#8221;vc_hidden-lg vc_hidden-md vc_hidden-sm&#8221;]<div id=\"el1664523246068-489a5d63-5bc7\" class=\"w-100 d-block \"><\/div>[vc_custom_heading text=&#8221;KVKK&#8221; font_container=&#8221;tag:h1|font_size:55px|text_align:left|color:%23000000&#8243; google_fonts=&#8221;font_family:quarto-medium%3Aregular|font_style:400%20regular%3A400%3Anormal&#8221; css_animation=&#8221;slideInLeft&#8221;]<div id=\"el1664519405317-aff99e2a-a11f\" class=\"w-100 d-block \"><\/div>[\/vc_column][\/vc_row][\/vc_section][vc_section full_width=&#8221;stretch_row&#8221; pix_over_visibility=&#8221;&#8221; css=&#8221;.vc_custom_1678946784501{padding-top: 100px !important;padding-bottom: 100px !important;background-color: #ffffff !important;}&#8221;][vc_row pix_particles_check=&#8221;&#8221; css=&#8221;.vc_custom_1665068643261{margin-bottom: 15px !important;background-color: #075ca1 !important;}&#8221;][vc_column]<div id=\"el1665068487643-154cf0a7-9bf1\" class=\"w-100 d-block \"><\/div>[\/vc_column][vc_column width=&#8221;1\/3&#8243; responsive_css=&#8221;{&#8220;pix_res_sm_pr&#8220;:&#8220;15&#8220;,&#8220;pix_res_sm_pl&#8220;:&#8220;15&#8220;,&#8220;pix_res_sm_mb&#8220;:&#8220;25px&#8220;,&#8220;pix_res_md_pr&#8220;:&#8220;15&#8220;,&#8220;pix_res_md_pl&#8220;:&#8220;15&#8220;}&#8221; css=&#8221;.vc_custom_1665122892308{padding-right: 50px !important;padding-left: 50px !important;}&#8221;][vc_custom_heading text=&#8221;Ayd\u0131nlatma Metni&#8221; font_container=&#8221;tag:h2|font_size:44px|text_align:left|color:%23ffffff&#8221; google_fonts=&#8221;font_family:quarto-medium%3Aregular|font_style:400%20regular%3A400%3Anormal&#8221; css_animation=&#8221;fadeInLeft&#8221;][\/vc_column][vc_column width=&#8221;2\/3&#8243; responsive_css=&#8221;{&#8220;pix_res_sm_pr&#8220;:&#8220;15px&#8220;,&#8220;pix_res_md_pr&#8220;:&#8220;15px&#8220;}&#8221; css=&#8221;.vc_custom_1665137798836{padding-right: 50px !important;}&#8221;]<a  href=\"https:\/\/flomak.com\/tr\/aydinlatma-metni\/\" class=\"btn mb-2    vc_custom_1678889775669  btn-link text-white d-block w-100  pix-hover-item   text-left    btn-md\" target=\"_blank\" rel=\"noopener\"    ><span class=\"font-weight-bold \" >G\u00f6r\u00fcnt\u00fcle<\/span> <i class=\"font-weight-bold pixicon-arrow-right2  pix-hover-right  ml-1\"><\/i><\/a>[\/vc_column][vc_column]<div id=\"el1665068375154-7d1a365e-98fc\" class=\"w-100 d-block \"><\/div>[\/vc_column][\/vc_row][vc_row pix_particles_check=&#8221;&#8221; css=&#8221;.vc_custom_1665068675501{margin-bottom: 15px !important;background-color: #075ca1 !important;}&#8221;][vc_column]<div id=\"el1665068510773-76030baa-18e8\" class=\"w-100 d-block \"><\/div>[\/vc_column][vc_column width=&#8221;1\/3&#8243; responsive_css=&#8221;{&#8220;pix_res_sm_pr&#8220;:&#8220;15&#8220;,&#8220;pix_res_sm_pl&#8220;:&#8220;15&#8220;,&#8220;pix_res_sm_mb&#8220;:&#8220;25px&#8220;,&#8220;pix_res_md_pr&#8220;:&#8220;15&#8220;,&#8220;pix_res_md_pl&#8220;:&#8220;15&#8220;}&#8221; css=&#8221;.vc_custom_1665122943087{padding-right: 50px !important;padding-left: 50px !important;}&#8221;][vc_custom_heading text=&#8221;KVKK Politikas\u0131&#8221; font_container=&#8221;tag:h2|font_size:44px|text_align:left|color:%23ffffff&#8221; google_fonts=&#8221;font_family:quarto-medium%3Aregular|font_style:400%20regular%3A400%3Anormal&#8221; css_animation=&#8221;fadeInLeft&#8221;][\/vc_column][vc_column width=&#8221;2\/3&#8243; responsive_css=&#8221;{&#8220;pix_res_sm_pr&#8220;:&#8220;15px&#8220;,&#8220;pix_res_md_pr&#8220;:&#8220;15px&#8220;}&#8221; css=&#8221;.vc_custom_1665136810659{padding-right: 50px !important;}&#8221;]<a  href=\"https:\/\/flomak.com\/tr\/kvkk-politikasi\/\" class=\"btn mb-2    vc_custom_1678891448626  btn-link text-white d-block w-100  pix-hover-item   text-left    btn-md\" target=\"_blank\" rel=\"noopener\"    ><span class=\"font-weight-bold \" >G\u00f6r\u00fcnt\u00fcle<\/span> <i class=\"font-weight-bold pixicon-arrow-right2  pix-hover-right  ml-1\"><\/i><\/a>[\/vc_column][vc_column]<div id=\"el1665068510780-804bf37a-9a33\" class=\"w-100 d-block \"><\/div>[\/vc_column][\/vc_row][vc_row pix_particles_check=&#8221;&#8221; css=&#8221;.vc_custom_1665068666502{margin-bottom: 15px !important;background-color: #075ca1 !important;}&#8221;][vc_column]<div id=\"el1665068547198-d2a3e86e-669b\" class=\"w-100 d-block \"><\/div>[\/vc_column][vc_column width=&#8221;1\/3&#8243; responsive_css=&#8221;{&#8220;pix_res_sm_pr&#8220;:&#8220;15&#8220;,&#8220;pix_res_sm_pl&#8220;:&#8220;15&#8220;,&#8220;pix_res_sm_mb&#8220;:&#8220;25px&#8220;,&#8220;pix_res_md_pr&#8220;:&#8220;15&#8220;,&#8220;pix_res_md_pl&#8220;:&#8220;15&#8220;}&#8221; css=&#8221;.vc_custom_1665122955770{padding-right: 50px !important;padding-left: 50px !important;}&#8221;][vc_custom_heading text=&#8221;Saklama \u0130mha ve Politikas\u0131&#8221; font_container=&#8221;tag:h2|font_size:44px|text_align:left|color:%23ffffff&#8221; google_fonts=&#8221;font_family:quarto-medium%3Aregular|font_style:400%20regular%3A400%3Anormal&#8221; css_animation=&#8221;fadeInLeft&#8221;][\/vc_column][vc_column width=&#8221;2\/3&#8243; responsive_css=&#8221;{&#8220;pix_res_sm_pr&#8220;:&#8220;15px&#8220;,&#8220;pix_res_md_pr&#8220;:&#8220;15px&#8220;}&#8221; css=&#8221;.vc_custom_1665136787421{padding-right: 50px !important;}&#8221;]<a  href=\"https:\/\/flomak.com\/tr\/kvkk-saklama-ve-imha-politikasi\/\" class=\"btn mb-2    vc_custom_1678891110550  btn-link text-white d-block w-100  pix-hover-item   text-left    btn-md\" target=\"_blank\" rel=\"noopener\"    ><span class=\"font-weight-bold \" >G\u00f6r\u00fcnt\u00fcle<\/span> <i class=\"font-weight-bold pixicon-arrow-right2  pix-hover-right  ml-1\"><\/i><\/a>[\/vc_column][vc_column]<div id=\"el1665068547203-1ec6424c-c51b\" class=\"w-100 d-block \"><\/div>[\/vc_column][\/vc_row][vc_row pix_particles_check=&#8221;&#8221; css=&#8221;.vc_custom_1665068682995{margin-bottom: 15px !important;background-color: #075ca1 !important;}&#8221;][vc_column]<div id=\"el1665068554752-002172a7-e8bf\" class=\"w-100 d-block \"><\/div>[\/vc_column][vc_column width=&#8221;1\/3&#8243; responsive_css=&#8221;{&#8220;pix_res_sm_pr&#8220;:&#8220;15&#8220;,&#8220;pix_res_sm_pl&#8220;:&#8220;15&#8220;,&#8220;pix_res_sm_mb&#8220;:&#8220;25px&#8220;,&#8220;pix_res_md_pr&#8220;:&#8220;15&#8220;,&#8220;pix_res_md_pl&#8220;:&#8220;15&#8220;}&#8221; css=&#8221;.vc_custom_1665122973785{padding-right: 50px !important;padding-left: 50px !important;}&#8221;][vc_custom_heading text=&#8221;Veri Sahibi Ba\u015fvuru Formu&#8221; font_container=&#8221;tag:h2|font_size:44px|text_align:left|color:%23ffffff&#8221; google_fonts=&#8221;font_family:quarto-medium%3Aregular|font_style:400%20regular%3A400%3Anormal&#8221; css_animation=&#8221;fadeInLeft&#8221;][\/vc_column][vc_column width=&#8221;2\/3&#8243; responsive_css=&#8221;{&#8220;pix_res_sm_pr&#8220;:&#8220;15px&#8220;,&#8220;pix_res_md_pr&#8220;:&#8220;15px&#8220;}&#8221; css=&#8221;.vc_custom_1665136826227{padding-right: 50px !important;}&#8221;]<a  href=\"http:\/\/flomak.com\/tr\/wp-content\/uploads\/sites\/17\/2023\/03\/verisahibibasvuruform.pdf\" class=\"btn mb-2    vc_custom_1678891494559  btn-link text-white d-block w-100  pix-hover-item   text-left    btn-md\" target=\"_blank\" rel=\"noopener\"    ><span class=\"font-weight-bold \" >\u0130ndir<\/span> <i class=\"font-weight-bold pixicon-arrow-right2  pix-hover-right  ml-1\"><\/i><\/a>[\/vc_column][vc_column]<div id=\"el1665068554755-8c9dd0e8-e705\" class=\"w-100 d-block \"><\/div>[\/vc_column][\/vc_row][\/vc_section]<\/p>\n","protected":false},"excerpt":{"rendered":"[vc_section full_width=&#8221;stretch_row_content&#8221; pix_over_visibility=&#8221;&#8221; css=&#8221;.vc_custom_1664959937783{margin-bottom: 50px !important;}&#8221;][vc_row full_width=&#8221;stretch_row_content_no_spaces&#8221; content_placement=&#8221;middle&#8221; pix_particles_check=&#8221;&#8221; css=&#8221;.vc_custom_1664519325962{margin-top: 0px !important;margin-bottom: 0px !important;}&#8221;][vc_column offset=&#8221;vc_hidden-md vc_hidden-sm vc_hidden-xs&#8221;][\/vc_column][\/vc_row][\/vc_section][vc_section full_width=&#8221;stretch_row&#8221; pix_over_visibility=&#8221;&#8221; css=&#8221;.vc_custom_1664868703580{background-color: #f7f7f7 !important;}&#8221;][vc_row pix_particles_check=&#8221;&#8221; css=&#8221;.vc_custom_1664965679182{padding-bottom: 50px !important;}&#8221;][vc_column offset=&#8221;vc_hidden-xs&#8221;][vc_custom_heading text=&#8221;KVKK&#8221; font_container=&#8221;tag:h1|font_size:10vh|text_align:left|color:%23000000&#8243; google_fonts=&#8221;font_family:quarto-medium%3Aregular|font_style:400%20regular%3A400%3Anormal&#8221; css_animation=&#8221;slideInLeft&#8221;][\/vc_column][vc_column offset=&#8221;vc_hidden-lg vc_hidden-md vc_hidden-sm&#8221;][vc_custom_heading text=&#8221;KVKK&#8221; font_container=&#8221;tag:h1|font_size:55px|text_align:left|color:%23000000&#8243; google_fonts=&#8221;font_family:quarto-medium%3Aregular|font_style:400%20regular%3A400%3Anormal&#8221; css_animation=&#8221;slideInLeft&#8221;][\/vc_column][\/vc_row][\/vc_section][vc_section full_width=&#8221;stretch_row&#8221; pix_over_visibility=&#8221;&#8221;&#8230;","protected":false},"author":1,"featured_media":0,"parent":0,"menu_order":0,"comment_status":"closed","ping_status":"closed","template":"","meta":{"om_disable_all_campaigns":false,"_monsterinsights_skip_tracking":false,"_monsterinsights_sitenote_active":false,"_monsterinsights_sitenote_note":"","_monsterinsights_sitenote_category":0,"footnotes":""},"class_list":["post-15721","page","type-page","status-publish","hentry"],"aioseo_notices":[],"_links":{"self":[{"href":"https:\/\/flomak.com\/tr\/wp-json\/wp\/v2\/pages\/15721","targetHints":{"allow":["GET"]}}],"collection":[{"href":"https:\/\/flomak.com\/tr\/wp-json\/wp\/v2\/pages"}],"about":[{"href":"https:\/\/flomak.com\/tr\/wp-json\/wp\/v2\/types\/page"}],"author":[{"embeddable":true,"href":"https:\/\/flomak.com\/tr\/wp-json\/wp\/v2\/users\/1"}],"replies":[{"embeddable":true,"href":"https:\/\/flomak.com\/tr\/wp-json\/wp\/v2\/comments?post=15721"}],"version-history":[{"count":9,"href":"https:\/\/flomak.com\/tr\/wp-json\/wp\/v2\/pages\/15721\/revisions"}],"predecessor-version":[{"id":15758,"href":"https:\/\/flomak.com\/tr\/wp-json\/wp\/v2\/pages\/15721\/revisions\/15758"}],"wp:attachment":[{"href":"https:\/\/flomak.com\/tr\/wp-json\/wp\/v2\/media?parent=15721"}],"curies":[{"name":"wp","href":"https:\/\/api.w.org\/{rel}","templated":true}]}}