{"id":15725,"date":"2023-03-15T13:56:11","date_gmt":"2023-03-15T13:56:11","guid":{"rendered":"https:\/\/flomak.com\/tr\/?page_id=15725"},"modified":"2023-03-28T20:14:17","modified_gmt":"2023-03-28T19:14:17","slug":"aydinlatma-metni","status":"publish","type":"page","link":"https:\/\/flomak.com\/tr\/aydinlatma-metni\/","title":{"rendered":"KVKK Ayd\u0131nlatma Metni"},"content":{"rendered":"<p>[vc_section full_width=&#8221;stretch_row_content&#8221; pix_over_visibility=&#8221;&#8221; css=&#8221;.vc_custom_1664959937783{margin-bottom: 50px !important;}&#8221;][vc_row full_width=&#8221;stretch_row_content_no_spaces&#8221; content_placement=&#8221;middle&#8221; pix_particles_check=&#8221;&#8221; css=&#8221;.vc_custom_1664519325962{margin-top: 0px !important;margin-bottom: 0px !important;}&#8221;][vc_column offset=&#8221;vc_hidden-md vc_hidden-sm vc_hidden-xs&#8221;]<div id=\"el1664364363834-b02f3bad-74d3\" class=\"w-100 d-block  vc_custom_1664959738779\"><\/div>[\/vc_column][\/vc_row][\/vc_section][vc_section full_width=&#8221;stretch_row&#8221; pix_over_visibility=&#8221;&#8221; css=&#8221;.vc_custom_1664868703580{background-color: #f7f7f7 !important;}&#8221;][vc_row pix_particles_check=&#8221;&#8221; css=&#8221;.vc_custom_1664965679182{padding-bottom: 50px !important;}&#8221;][vc_column offset=&#8221;vc_hidden-xs&#8221;]<div id=\"el1664523541714-f64c441e-3cc7\" class=\"w-100 d-block \"><\/div>[vc_custom_heading text=&#8221;KVKK Ayd\u0131nlatma Metni&#8221; font_container=&#8221;tag:h1|font_size:10vh|text_align:left|color:%23000000&#8243; google_fonts=&#8221;font_family:quarto-medium%3Aregular|font_style:400%20regular%3A400%3Anormal&#8221; css_animation=&#8221;slideInLeft&#8221;]<div id=\"el1664522643767-36f65bd1-4632\" class=\"w-100 d-block \"><\/div>[\/vc_column][vc_column offset=&#8221;vc_hidden-lg vc_hidden-md vc_hidden-sm&#8221;]<div id=\"el1664523246068-489a5d63-5bc7\" class=\"w-100 d-block \"><\/div>[vc_custom_heading text=&#8221;KVKK Ayd\u0131nlatma Metni&#8221; font_container=&#8221;tag:h1|font_size:55px|text_align:left|color:%23000000&#8243; google_fonts=&#8221;font_family:quarto-medium%3Aregular|font_style:400%20regular%3A400%3Anormal&#8221; css_animation=&#8221;slideInLeft&#8221;]<div id=\"el1664519405317-aff99e2a-a11f\" class=\"w-100 d-block \"><\/div>[\/vc_column][\/vc_row][\/vc_section][vc_section pix_over_visibility=&#8221;&#8221;][vc_row pix_particles_check=&#8221;&#8221;][vc_column]<div id=\"el1680030656159-d229859f-9024\" class=\"pix-el-text   w-100  \" ><p class=\"\"><p><strong>FLOMAK TEKST\u0130L MAK\u0130NE M\u00dcH.M\u00dcM.TAAH.SAN. VE T\u0130C. LTD. \u015eT\u0130. <\/strong><strong>K\u0130\u015e\u0130SEL VER\u0130LER\u0130N \u0130\u015eLENMES\u0130NE \u0130L\u0130\u015eK\u0130N AYDINLATMA METN\u0130 <\/strong><\/p>\n<p><strong>\u00a0<\/strong><\/p>\n<p>6698 say\u0131l\u0131 Ki\u015fisel Verilerin Korunmas\u0131 Kanunu\u2019nun (\u201cKVKK\u201d) 10\u2019uncu maddesi \u2018Veri Sorumlusunun Ayd\u0131nlatma Y\u00fck\u00fcml\u00fcl\u00fc\u011f\u00fc\u2019 madde ba\u015fl\u0131\u011f\u0131 ile \u2018veri sorumlusu\u2019 olan <strong>Flomak Tekstil Makine M\u00fch.M\u00fcm.Taah.San. Ve Tic. Ltd. \u015eti.<\/strong>(\u201c<strong>\u015eirket<\/strong>\u201d) ilgili ki\u015fileri (di\u011fer ifadeyle \u2018veri sahiplerini\u2019) veri sorumlusunun kimli\u011fi, ki\u015fisel veri i\u015fleme ama\u00e7lar\u0131, ki\u015fisel verilerin aktar\u0131ld\u0131\u011f\u0131 ki\u015filer ve aktarma ama\u00e7lar\u0131, ki\u015fisel verilerin toplanmas\u0131n\u0131n hukuki sebepleri ve y\u00f6ntemleri, ki\u015fisel veri sahibinin veri sorumlusuna y\u00f6neltece\u011fi KVKK\u2019n\u0131n 11\u2019inci maddesinde say\u0131lan haklar\u0131 konusunda bilgilendirme y\u00fck\u00fcml\u00fcl\u00fc\u011f\u00fc getirmi\u015ftir.<\/p>\n<p>\u0130\u015fbu Ayd\u0131nlatma Metni ile KVKK\u2019n\u0131n 10\u2019uncu maddesi h\u00fckm\u00fc uyar\u0131nca veri sahipleri bilgilendirilmekte ve ayd\u0131nlat\u0131lmaktad\u0131r.<\/p>\n<p>Ayd\u0131nlatma metninde kullan\u0131lan ki\u015fisel veri, \u00f6zel nitelikli ki\u015fisel veri ve veri i\u015fleme kavramlar\u0131 KVKK \u2018da yap\u0131lan tan\u0131mlara istinaden kullan\u0131lm\u0131\u015ft\u0131r. KVKK\u2018da ge\u00e7en \u201c<strong>ki\u015fisel veri\u201d<\/strong>\u00a0kavram\u0131 kimli\u011fi belirli veya belirlenebilir ger\u00e7ek ki\u015fiye ili\u015fkin her t\u00fcrl\u00fc bilgiyi, \u201c<strong>ki\u015fisel verilerin i\u015flenmesi<\/strong>\u201d kavram\u0131 ise, ki\u015fisel verilerin tamamen veya k\u0131smen otomatik olan ya da herhangi bir veri kay\u0131t sisteminin par\u00e7as\u0131 olmak kayd\u0131yla otomatik olmayan yollarla elde edilmesi, kaydedilmesi, depolanmas\u0131, muhafaza edilmesi, de\u011fi\u015ftirilmesi, yeniden d\u00fczenlenmesi, a\u00e7\u0131klanmas\u0131, aktar\u0131lmas\u0131, devral\u0131nmas\u0131, elde edilebilir h\u00e2le getirilmesi, s\u0131n\u0131fland\u0131r\u0131lmas\u0131 ya da kullan\u0131lmas\u0131n\u0131n engellenmesi gibi veriler \u00fczerinde ger\u00e7ekle\u015ftirilen her t\u00fcrl\u00fc i\u015flemi ifade eder.<\/p>\n<p>&nbsp;<\/p>\n<ol>\n<li><strong> Veri Sorumlusunun Kimli\u011fi: <\/strong><\/li>\n<\/ol>\n<p>\u2018Veri Sorumlusunun Ayd\u0131nlatma Y\u00fck\u00fcml\u00fcl\u00fc\u011f\u00fc\u2019 ba\u015fl\u0131kl\u0131 KVKK\u2019n\u0131n 10\u2019uncu maddesinin 1\u2019inci f\u0131kras\u0131n\u0131n (a) bendi veri sorumlusunun kimli\u011fi konusunda bilgi verilmesi y\u00fck\u00fcml\u00fcl\u00fc\u011f\u00fcn\u00fc getirmi\u015ftir. KVKK\u2019n\u0131n 3\u2019\u00fcnc\u00fc maddesinin 1\u2019inci f\u0131kras\u0131n\u0131n (\u0131) bendinde veri sorumlusu, \u2018Ki\u015fisel verilerin i\u015fleme ama\u00e7lar\u0131n\u0131 ve vas\u0131talar\u0131n\u0131 belirleyen, veri kay\u0131t sisteminin kurulmas\u0131ndan ve y\u00f6netilmesinden sorumlu olan ger\u00e7ek veya t\u00fczel ki\u015filer\u2019 olarak tan\u0131mlanm\u0131\u015ft\u0131r. KVKK\u2019n\u0131n uygulanmas\u0131 bak\u0131m\u0131ndan \u015eirket \u2018veri sorumlusu\u2019 olabilir. Bu \u00e7er\u00e7evede \u2018veri sorumlusunun kimli\u011fi\u2019, T\u00fcrkiye Cumhuriyeti kanunlar\u0131na uygun \u015fekilde anonim \u015firket olarak kurulmu\u015f ve fas\u0131las\u0131z bir \u015fekilde varl\u0131\u011f\u0131n\u0131 s\u00fcrd\u00fcren, \u0130stanbul Ticaret Sicil Memurlu\u011fu nezdinde 494290 &#8211; 0 Ticaret Sicil numaras\u0131 ile kay\u0131tl\u0131, \u015firket merkezi Beysan San.Sitesi. Birlik Cad. No:24 Beylikd\u00fcz\u00fc\/\u0130stanbul adresinde bulunan <strong>Flomak Tekstil Makine M\u00fch. M\u00fcm. Taah. San. Ve Tic. Ltd. \u015eti.<\/strong>\u2019dir.<\/p>\n<p>&nbsp;<\/p>\n<blockquote><p>\n<strong>2.Ki\u015fisel Verilerin \u0130\u015flenme Ama\u00e7lar\u0131<\/strong><strong>:<\/strong>\n<\/p><\/blockquote>\n<p>Ki\u015fisel Verileriniz KVKK\u2019n\u0131n 5\u2019inci maddesinde belirtilen ki\u015fisel veri i\u015fleme \u015fartlar\u0131ndan bir veya birka\u00e7\u0131na dayal\u0131 olarak, KVKK\u2019n\u0131n 4\u2019\u00fcnc\u00fc maddesinde belirtilen ki\u015fisel veri i\u015fleme ilkelerine uygun \u015fekilde i\u015flenmektedir. Ki\u015fisel verilerinizin i\u015flenme ama\u00e7lar\u0131 KVKK\u2019n\u0131n 5. ve 6. maddelerinde belirtilen ki\u015fisel veri i\u015fleme \u015fartlar\u0131 ve ama\u00e7lar\u0131 dahilinde, \u015eirket\u2019in insan kaynaklar\u0131 politikalar\u0131n\u0131n y\u00fcr\u00fct\u00fclmesinin temini, \u015eirketimizin ve \u015eirketimizle i\u015f ili\u015fkisi i\u00e7erisinde olan ki\u015filerin hukuki ve ticari g\u00fcvenli\u011finin temini ve \u015eirketimizin idaresi, i\u015fin y\u00fcr\u00fct\u00fclmesi ve \u015firket politikalar\u0131n\u0131n belirlenmesi ve uygulanmas\u0131d\u0131r. Ki\u015fisel verilerinizin \u015eirketimiz taraf\u0131ndan i\u015flenme ama\u00e7lar\u0131 konusunda detayl\u0131 bilgilere, www.flomak.com\/tr <strong>in<\/strong>ternet adresinden ula\u015fabilece\u011finiz <strong>Flomak Tekstil Makine M\u00fch. M\u00fcm. Taah. San. Ve Tic. Ltd. \u015eti. <\/strong>Ki\u015fisel Verilerin \u0130\u015flenmesi ve Korunmas\u0131 Politikas\u0131\u2019nda yer verilmi\u015ftir.<\/p>\n<p>&nbsp;<\/p>\n<blockquote><p>\n<strong>3.\u0130\u015flenen Ki\u015fisel Verilerin Kimlere ve Hangi Ama\u00e7la Aktar\u0131labilece\u011fi:<\/strong>\n<\/p><\/blockquote>\n<p>Toplanan ki\u015fisel verileriniz, insan kaynaklar\u0131 s\u00fcre\u00e7lerinin y\u00f6netimi, s\u00f6zle\u015fmeden ve kanunlardan do\u011fan y\u00fck\u00fcml\u00fcl\u00fcklerin yerine getirilmesi, i\u015f g\u00fcvenli\u011finin sa\u011flanmas\u0131 ve geli\u015ftirilmesi ama\u00e7lar\u0131yla ve ayr\u0131ca \u015eirketimizin ve \u015eirketimizle i\u015f ili\u015fkisi i\u00e7erisinde olan ki\u015filerin hukuki ve ticari g\u00fcvenli\u011finin temini; \u015eirketimizin idaresi, i\u015fin y\u00fcr\u00fct\u00fclmesi ve \u015firket politikalar\u0131n\u0131n belirlenmesi ve uygulanmas\u0131 ama\u00e7lar\u0131yla; kanunlarda a\u00e7\u0131k\u00e7a \u00f6ng\u00f6r\u00fclmesi, bir s\u00f6zle\u015fmenin kurulmas\u0131 veya ifas\u0131, hukuki y\u00fck\u00fcml\u00fcl\u00fcklerimizin yerine getirilmesi, bir hakk\u0131n tesisi, kullan\u0131lmas\u0131 veya korunmas\u0131 i\u00e7in zorunlu olmas\u0131 ve me\u015fru menfaat hukuki sebeplerine dayal\u0131 olarak tedarik\u00e7ilerimiz, hizmet sa\u011flay\u0131c\u0131lar\u0131, i\u015f ortaklar\u0131m\u0131z, i\u015ftiraklerimiz, hissedarlar\u0131m\u0131z, denet\u00e7ilerimiz ve grup \u015firketlerimiz ile kanunen yetkili kamu kurumlar\u0131 ile \u00f6zel ki\u015filerle KVKK\u2019n\u0131n 8. ve 9. maddelerinde belirtilen ki\u015fisel veri i\u015fleme \u015fartlar\u0131 ve ama\u00e7lar\u0131 \u00e7er\u00e7evesinde www.flomak.com\/tr internet adresinden ula\u015fabilece\u011finiz <strong>Flomak Tekstil Makine M\u00fch. M\u00fcm. Taah. San. Ve Tic. Ltd. \u015eti.<\/strong>Ki\u015fisel Verilerin \u0130\u015flenmesi ve Korunmas\u0131 Politikas\u0131 \u00e7er\u00e7evesinde payla\u015f\u0131labilecektir. Ki\u015fisel verilerinizin payla\u015f\u0131lmas\u0131 halinde gerekli g\u00fcvenlik \u00f6nlemleri al\u0131nmaktad\u0131r.<\/p>\n<p>&nbsp;<\/p>\n<blockquote><p>\n<strong>4.Ki\u015fisel Verilerinizi Toplanma Y\u00f6ntemi ve Hukuki Sebebi:<\/strong>\n<\/p><\/blockquote>\n<p>Ki\u015fisel verileriniz ticari faaliyetlerimizi y\u00fcr\u00fctmek ve hukuki y\u00fck\u00fcml\u00fcl\u00fcklerimizi yerine getirmek amac\u0131yla \u015eirket taraf\u0131ndan farkl\u0131 kanallarla kanunlarda a\u00e7\u0131k\u00e7a \u00f6ng\u00f6r\u00fclmesi, bir s\u00f6zle\u015fmenin kurulmas\u0131 veya ifas\u0131, hukuki y\u00fck\u00fcml\u00fcl\u00fcklerimizin yerine getirilmesi, bir hakk\u0131n tesisi, kullan\u0131lmas\u0131 veya korunmas\u0131 i\u00e7in zorunlu olmas\u0131 ve me\u015fru menfaat hukuki sebeplerine dayanarak toplanmaktad\u0131r. Ki\u015fisel verileriniz KVKK\u2019n\u0131n 5. ve 6. maddelerinde belirtilen ki\u015fisel veri i\u015fleme \u015fartlar\u0131 ve ama\u00e7lar\u0131 kapsam\u0131nda i\u015fbu Ayd\u0131nlatma Metni\u2019nde belirtilen ama\u00e7larla da i\u015flenebilmekte ve aktar\u0131labilmektedir.<\/p>\n<p>&nbsp;<\/p>\n<blockquote><p>\n<strong>5.Ki\u015fisel Veri Sahibinin KVKK\u2019n\u0131n 11. Maddesinde Say\u0131lan Haklar\u0131:<\/strong>\n<\/p><\/blockquote>\n<p>Ki\u015fisel veri sahipleri olarak, haklar\u0131n\u0131za ili\u015fkin taleplerinizi www.flomak.com\/tr internet adresinden kamuoyu ile payla\u015f\u0131lm\u0131\u015f olan <strong>Flomak Tekstil Makine M\u00fch. M\u00fcm. Taah. San. Ve Tic. Ltd. \u015eti. <\/strong>Ki\u015fisel Verilerin \u0130\u015flenmesi ve Korunmas\u0131 Politikas\u0131\u2019nda d\u00fczenlenen y\u00f6ntemlerle Veri Sahibi Ba\u015fvuru Formu ile taraf\u0131m\u0131za iletebilirsiniz.\u00a0 \u015eirket, talebin niteli\u011fine g\u00f6re talebi en k\u0131sa s\u00fcrede ve en ge\u00e7 otuz (30) g\u00fcn i\u00e7inde \u00fccretsiz olarak sonu\u00e7land\u0131racakt\u0131r. Ancak, i\u015flemin ayr\u0131ca bir maliyeti gerektirmesi h\u00e2linde, taraf\u0131m\u0131zca Ki\u015fisel Verileri Koruma Kurulunca belirlenen tarifedeki \u00fccret al\u0131nacakt\u0131r. Ki\u015fisel verisi i\u015flenen ger\u00e7ek ki\u015filerin KVKK\u2019n\u0131n 11. maddesi uyar\u0131ca sahip oldu\u011fu haklar a\u015fa\u011f\u0131daki gibidir:<\/p>\n<ul>\n<li>Ki\u015fisel veri i\u015flenip i\u015flenmedi\u011fini \u00f6\u011frenme,<\/li>\n<li>Ki\u015fisel verileri i\u015flenmi\u015fse buna ili\u015fkin bilgi talep etme,<\/li>\n<li>Ki\u015fisel verilerin i\u015flenme amac\u0131n\u0131 ve bunlar\u0131n amac\u0131na uygun kullan\u0131l\u0131p kullan\u0131lmad\u0131\u011f\u0131n\u0131 \u00f6\u011frenme,<\/li>\n<li>Yurt i\u00e7inde veya yurt d\u0131\u015f\u0131nda ki\u015fisel verilerin aktar\u0131ld\u0131\u011f\u0131 \u00fc\u00e7\u00fcnc\u00fc ki\u015fileri bilme,<\/li>\n<li>Ki\u015fisel verilerin eksik veya yanl\u0131\u015f i\u015flenmi\u015f olmas\u0131 h\u00e2linde bunlar\u0131n d\u00fczeltilmesini isteme ve bu kapsamda yap\u0131lan i\u015flemin ki\u015fisel verilerin aktar\u0131ld\u0131\u011f\u0131 \u00fc\u00e7\u00fcnc\u00fc ki\u015filere bildirilmesini isteme,<\/li>\n<li>KVKK ve ilgili di\u011fer kanun h\u00fck\u00fcmlerine uygun olarak i\u015flenmi\u015f olmas\u0131na ra\u011fmen, i\u015flenmesini gerektiren sebeplerin ortadan kalkmas\u0131 h\u00e2linde ki\u015fisel verilerin silinmesini veya yok edilmesini isteme ve bu kapsamda yap\u0131lan i\u015flemin ki\u015fisel verilerin aktar\u0131ld\u0131\u011f\u0131 \u00fc\u00e7\u00fcnc\u00fc ki\u015filere bildirilmesini isteme,<\/li>\n<li>\u0130\u015flenen verilerin m\u00fcnhas\u0131ran otomatik sistemler vas\u0131tas\u0131yla analiz edilmesi suretiyle ki\u015finin kendisi aleyhine bir sonucun ortaya \u00e7\u0131kmas\u0131na itiraz etme,<\/li>\n<li>Ki\u015fisel verilerin kanuna ayk\u0131r\u0131 olarak i\u015flenmesi sebebiyle zarara u\u011framas\u0131 h\u00e2linde zarar\u0131n giderilmesini talep etme.<\/li>\n<\/ul>\n<\/p><\/div>[\/vc_column][\/vc_row][\/vc_section]<\/p>\n","protected":false},"excerpt":{"rendered":"[vc_section full_width=&#8221;stretch_row_content&#8221; pix_over_visibility=&#8221;&#8221; css=&#8221;.vc_custom_1664959937783{margin-bottom: 50px !important;}&#8221;][vc_row full_width=&#8221;stretch_row_content_no_spaces&#8221; content_placement=&#8221;middle&#8221; pix_particles_check=&#8221;&#8221; css=&#8221;.vc_custom_1664519325962{margin-top: 0px !important;margin-bottom: 0px !important;}&#8221;][vc_column offset=&#8221;vc_hidden-md vc_hidden-sm vc_hidden-xs&#8221;][\/vc_column][\/vc_row][\/vc_section][vc_section full_width=&#8221;stretch_row&#8221; pix_over_visibility=&#8221;&#8221; css=&#8221;.vc_custom_1664868703580{background-color: #f7f7f7 !important;}&#8221;][vc_row pix_particles_check=&#8221;&#8221; css=&#8221;.vc_custom_1664965679182{padding-bottom: 50px !important;}&#8221;][vc_column offset=&#8221;vc_hidden-xs&#8221;][vc_custom_heading text=&#8221;KVKK Ayd\u0131nlatma Metni&#8221; font_container=&#8221;tag:h1|font_size:10vh|text_align:left|color:%23000000&#8243; google_fonts=&#8221;font_family:quarto-medium%3Aregular|font_style:400%20regular%3A400%3Anormal&#8221; css_animation=&#8221;slideInLeft&#8221;][\/vc_column][vc_column offset=&#8221;vc_hidden-lg vc_hidden-md vc_hidden-sm&#8221;][vc_custom_heading text=&#8221;KVKK Ayd\u0131nlatma Metni&#8221; font_container=&#8221;tag:h1|font_size:55px|text_align:left|color:%23000000&#8243;&#8230;","protected":false},"author":1,"featured_media":0,"parent":0,"menu_order":0,"comment_status":"closed","ping_status":"closed","template":"","meta":{"om_disable_all_campaigns":false,"_monsterinsights_skip_tracking":false,"_monsterinsights_sitenote_active":false,"_monsterinsights_sitenote_note":"","_monsterinsights_sitenote_category":0,"footnotes":""},"class_list":["post-15725","page","type-page","status-publish","hentry"],"aioseo_notices":[],"_links":{"self":[{"href":"https:\/\/flomak.com\/tr\/wp-json\/wp\/v2\/pages\/15725","targetHints":{"allow":["GET"]}}],"collection":[{"href":"https:\/\/flomak.com\/tr\/wp-json\/wp\/v2\/pages"}],"about":[{"href":"https:\/\/flomak.com\/tr\/wp-json\/wp\/v2\/types\/page"}],"author":[{"embeddable":true,"href":"https:\/\/flomak.com\/tr\/wp-json\/wp\/v2\/users\/1"}],"replies":[{"embeddable":true,"href":"https:\/\/flomak.com\/tr\/wp-json\/wp\/v2\/comments?post=15725"}],"version-history":[{"count":8,"href":"https:\/\/flomak.com\/tr\/wp-json\/wp\/v2\/pages\/15725\/revisions"}],"predecessor-version":[{"id":15799,"href":"https:\/\/flomak.com\/tr\/wp-json\/wp\/v2\/pages\/15725\/revisions\/15799"}],"wp:attachment":[{"href":"https:\/\/flomak.com\/tr\/wp-json\/wp\/v2\/media?parent=15725"}],"curies":[{"name":"wp","href":"https:\/\/api.w.org\/{rel}","templated":true}]}}