{"id":4,"date":"2020-06-03T04:11:08","date_gmt":"2020-06-03T03:11:08","guid":{"rendered":"https:\/\/essentials.pixfort.com\/business\/?page_id=4"},"modified":"2023-03-10T11:20:08","modified_gmt":"2023-03-10T11:20:08","slug":"homepage","status":"publish","type":"page","link":"https:\/\/flomak.com\/tr\/","title":{"rendered":"Flomak Grup"},"content":{"rendered":"<p>[vc_section full_width=&#8221;stretch_row_content&#8221; pix_over_visibility=&#8221;&#8221; css=&#8221;.vc_custom_1666168706631{padding-top: 0px !important;}&#8221;][vc_row full_width=&#8221;stretch_row_content_no_spaces&#8221; pix_particles_check=&#8221;&#8221; css=&#8221;.vc_custom_1666168821704{padding-top: 0px !important;}&#8221;][vc_column offset=&#8221;vc_hidden-lg vc_hidden-md vc_hidden-sm&#8221; css=&#8221;.vc_custom_1677236817044{padding-top: 0px !important;}&#8221;][vc_raw_html]JTVCbGF5ZXJzbGlkZXIlMjBpZCUzRCUyMjMwJTIyJTVE[\/vc_raw_html][\/vc_column][\/vc_row][\/vc_section][vc_section full_width=&#8221;stretch_row_content&#8221; pix_over_visibility=&#8221;&#8221;][vc_row full_width=&#8221;stretch_row_content_no_spaces&#8221; pix_particles_check=&#8221;&#8221;][vc_column][vc_raw_html]JTVCbGF5ZXJzbGlkZXIlMjBpZCUzRCUyMjI5JTIyJTVE[\/vc_raw_html][\/vc_column][\/vc_row][\/vc_section][vc_section full_width=&#8221;stretch_row&#8221; pix_over_visibility=&#8221;&#8221; css=&#8221;.vc_custom_1668003172893{padding-top: 75px !important;padding-bottom: 75px !important;background-color: #f7f7f7 !important;}&#8221;][vc_row pix_particles_check=&#8221;&#8221; css=&#8221;.vc_custom_1668003106540{background-color: #f7f7f7 !important;}&#8221;][vc_column width=&#8221;1\/4&#8243; css=&#8221;.vc_custom_1663914771604{padding-top: 25px !important;padding-bottom: 25px !important;}&#8221;]<div class=\"pix_numbers animate-math \"><div><h2 class=\"align-self-center text-center \"><span class=\"font-weight-bold text-heading-default\" style=\"\"><\/span><span class=\"number font-weight-bold text-heading-default\" style=\"\" data-duration=\"3000\" data-to=\"330\">0<\/span><span class=\"font-weight-bold text-heading-default\" style=\"\">+<\/span><\/h2><\/div><div class=\"w-100 text-center\"><h6 class=\"mt-0 text-primary font-weight-bold\" style=\"\">\u00c7al\u0131\u015fan<\/h6><\/div><\/div>\n[\/vc_column][vc_column width=&#8221;1\/4&#8243; css=&#8221;.vc_custom_1663914790593{padding-top: 25px !important;padding-bottom: 25px !important;}&#8221;]<div class=\"pix_numbers animate-math \"><div><h2 class=\"align-self-center text-center \"><span class=\"font-weight-bold secondary-font text-heading-default\" style=\"\"><\/span><span class=\"number font-weight-bold text-heading-default\" style=\"\" data-duration=\"3000\" data-to=\"4\">0<\/span><span class=\"font-weight-bold text-heading-default\" style=\"\"><\/span><\/h2><\/div><div class=\"w-100 text-center\"><h6 class=\"mt-0 text-primary font-weight-bold\" style=\"\">Sekt\u00f6r<\/h6><\/div><\/div>\n[\/vc_column][vc_column width=&#8221;1\/4&#8243; css=&#8221;.vc_custom_1663914800682{padding-top: 25px !important;padding-bottom: 25px !important;}&#8221;]<div class=\"pix_numbers animate-math \"><div><h2 class=\"align-self-center text-center \"><span class=\"font-weight-bold secondary-font text-heading-default\" style=\"\"><\/span><span class=\"number font-weight-bold text-heading-default\" style=\"\" data-duration=\"3000\" data-to=\"20\">0<\/span><span class=\"font-weight-bold text-heading-default\" style=\"\">+<\/span><\/h2><\/div><div class=\"w-100 text-center\"><h6 class=\"mt-0 text-primary font-weight-bold\" style=\"\">Y\u0131ll\u0131k Geli\u015fim<\/h6><\/div><\/div>\n[\/vc_column][vc_column width=&#8221;1\/4&#8243; css=&#8221;.vc_custom_1663914810213{padding-top: 25px !important;padding-bottom: 25px !important;}&#8221;]<div class=\"pix_numbers animate-math \"><div><h2 class=\"align-self-center text-center \"><span class=\"font-weight-bold secondary-font text-heading-default\" style=\"\"><\/span><span class=\"number font-weight-bold text-heading-default\" style=\"\" data-duration=\"3000\" data-to=\"60\">0<\/span><span class=\"font-weight-bold text-heading-default\" style=\"\">+<\/span><\/h2><\/div><div class=\"w-100 text-center\"><h6 class=\"mt-0 text-primary font-weight-bold\" style=\"\">T\u00fcketici Pazar\u0131<\/h6><\/div><\/div>\n[\/vc_column][\/vc_row][\/vc_section][vc_section full_width=&#8221;stretch_row&#8221; pix_over_visibility=&#8221;&#8221; css=&#8221;.vc_custom_1664261793880{background-color: #ffffff !important;}&#8221;][vc_row content_placement=&#8221;middle&#8221; pix_particles_check=&#8221;&#8221; css=&#8221;.vc_custom_1663850483517{padding-top: 75px !important;padding-bottom: 75px !important;}&#8221;][vc_column width=&#8221;1\/2&#8243; css=&#8221;.vc_custom_1670833693507{padding-top: 30px !important;padding-bottom: 30px !important;}&#8221;]<div id=\"el1671086128034-8b73d61d-acad\" class=\"w-100 d-block  vc_custom_1671086162081\"><\/div>[\/vc_column][vc_column width=&#8221;1\/2&#8243;][vc_custom_heading text=&#8221;Daha \u0130yi Bir D\u00fcnya \u0130\u00e7in \u00c7al\u0131\u015f\u0131yoruz&#8221; font_container=&#8221;tag:h4|text_align:left&#8221; google_fonts=&#8221;font_family:leitura%3Aregular|font_style:400%20regular%3A400%3Anormal&#8221;]<div id=\"el1664275653671-7240dfac-436c\" class=\"w-100 d-block \"><\/div><div class=\"pix-el-text w-100   vc_custom_1677047160423\" ><div class=\"d-inline-block\" style=\"max-width:600px;\"><p class=\"text-18  text-body-default  \" >T\u00fcm faaliyet alanlar\u0131m\u0131zda m\u00fckemmelli\u011fi ilke edindik. \u015eimdi ve gelecekte insanlar\u0131m\u0131z ve gezegenimiz i\u00e7in bar\u0131\u015f ve refah sa\u011flamaya y\u00f6nelik b\u00fcy\u00fck bir plan\u0131n par\u00e7as\u0131 olan BM S\u00fcrd\u00fcr\u00fclebilir Kalk\u0131nma Hedeflerini takip ediyoruz. Bu ba\u011flamda karbon ayak izimizi giderek azaltmaya devam ediyoruz.<\/p><\/div><\/div>[vc_row_inner][vc_column_inner width=&#8221;1\/2&#8243;]<a  href=\"https:\/\/flomak.com\/tr\/a-better-planet\/\" class=\"btn mb-2     btn-primary d-inline-block      btn-md\"     ><span class=\"font-weight-bold \" >Detayl\u0131 Bilgi<\/span><\/a>[\/vc_column_inner][\/vc_row_inner][\/vc_column][\/vc_row][\/vc_section][vc_section full_width=&#8221;stretch_row&#8221; pix_over_visibility=&#8221;&#8221; pix_visibility=&#8221;1&#8243; css=&#8221;.vc_custom_1664261566841{padding-top: 80px !important;padding-bottom: 80px !important;background-color: #f8f9fa !important;}&#8221; b_custom_height=&#8221;100px&#8221;][vc_row pix_particles_check=&#8221;&#8221;][vc_column][vc_custom_heading text=&#8221;Sekt\u00f6rlerimiz&#8221; font_container=&#8221;tag:h4|text_align:center|color:%23000000&#8243; google_fonts=&#8221;font_family:leitura%3Aregular|font_style:400%20regular%3A400%3Anormal&#8221; link=&#8221;url:https%3A%2F%2Fflomak.com%2Ftr%2Fsektorlerimiz%2F|title:Sekt%C3%B6rlerimiz&#8221;][\/vc_column][\/vc_row][vc_row pix_particles_check=&#8221;&#8221;][vc_column]<div id=\"el1663853965748-a1cc257f-76cf\" class=\"w-100 d-block \"><\/div>[\/vc_column][\/vc_row][vc_row pix_particles_check=&#8221;&#8221; css=&#8221;.vc_custom_1592306621353{padding-bottom: 60px !important;}&#8221;][vc_column width=&#8221;1\/4&#8243;]<a href=\"https:\/\/flomak.com\/tr\/tekstil\/\" ><div id=\"1663832591051-129aa342-13d4\" class=\"media  vc_custom_1678447174800\"><div class=\"feature_img  mr-3 animate-in\" data-anim-type=\"fade-in-up\" data-anim-delay=\"\" style=\"width:50px;height:auto;display:inline-block;position:relative;\"><img decoding=\"async\" style=\"width:50px;height:50px;\" class=\"img-fluid2 pix-fit-cover \" src=\"https:\/\/flomak.com\/tr\/wp-content\/uploads\/sites\/17\/2022\/07\/mavi-3.svg\" alt=\"Tekstil\"><\/div><div class=\"media-body text-left\"><h5 class=\"font-weight-bold  secondary-font text-heading-default animate-in \" style=\"\" data-anim-type=\"fade-in-up\" data-anim-delay=\"100\">Tekstil<\/h5><div class=\"text-body-default text-18     animate-in\" style=\"padding-top:10px;\" data-anim-type=\"fade-in-up\" data-anim-delay=\"200\">3 k\u0131tada 15 \u00fclkeye ihra\u00e7 edilen yeni nesil performans giyim \u00fcr\u00fcnleri.<\/div><\/div><\/div><\/a>[\/vc_column][vc_column width=&#8221;1\/4&#8243;]<a href=\"https:\/\/flomak.com\/tr\/baski-cozumleri\/\" ><div id=\"1663832591307-42b8e87f-9964\" class=\"media  vc_custom_1678447183907\"><div class=\"feature_img  mr-3 animate-in\" data-anim-type=\"fade-in-up\" data-anim-delay=\"\" style=\"width:50px;height:auto;display:inline-block;position:relative;\"><img decoding=\"async\" style=\"width:50px;height:50px;\" class=\"img-fluid2 pix-fit-cover \" src=\"https:\/\/flomak.com\/tr\/wp-content\/uploads\/sites\/17\/2022\/07\/mavi-1.svg\" alt=\"Bask\u0131 \u00c7\u00f6z\u00fcmleri\"><\/div><div class=\"media-body text-left\"><h5 class=\"font-weight-bold  secondary-font text-heading-default animate-in \" style=\"\" data-anim-type=\"fade-in-up\" data-anim-delay=\"100\">Bask\u0131 \u00c7\u00f6z\u00fcmleri<\/h5><div class=\"text-body-default text-18     animate-in\" style=\"padding-top:10px;\" data-anim-type=\"fade-in-up\" data-anim-delay=\"200\">60&#8217;dan fazla \u00fclkede kullan\u0131lan son teknoloji bask\u0131 malzemeleri ve uygulamalar\u0131.<\/div><\/div><\/div><\/a>[\/vc_column][vc_column width=&#8221;1\/4&#8243;]<a href=\"https:\/\/flomak.com\/tr\/koruyucu-donanim\/\" ><div id=\"1663832591559-42b7fa64-1628\" class=\"media  vc_custom_1678447193615\"><div class=\"feature_img  mr-3 animate-in\" data-anim-type=\"fade-in-up\" data-anim-delay=\"\" style=\"width:50px;height:auto;display:inline-block;position:relative;\"><img decoding=\"async\" style=\"width:50px;height:50px;\" class=\"img-fluid2 pix-fit-cover \" src=\"https:\/\/flomak.com\/tr\/wp-content\/uploads\/sites\/17\/2022\/07\/mavi-2.svg\" alt=\"Ki\u015fisel Koruyucu Donan\u0131m\"><\/div><div class=\"media-body text-left\"><h5 class=\"font-weight-bold  secondary-font text-heading-default animate-in \" style=\"\" data-anim-type=\"fade-in-up\" data-anim-delay=\"100\">Ki\u015fisel Koruyucu Donan\u0131m<\/h5><div class=\"text-body-default text-18     animate-in\" style=\"padding-top:10px;\" data-anim-type=\"fade-in-up\" data-anim-delay=\"200\">Milyonlarca \u00e7al\u0131\u015fan, tepeden t\u0131rna\u011fa koruyucu \u00fcr\u00fcnlerimizle korunuyor.<\/div><\/div><\/div><\/a>[\/vc_column][vc_column width=&#8221;1\/4&#8243;]<a href=\"https:\/\/flomak.com\/tr\/endustriyel-kimyasallar\/\" ><div id=\"1663853311423-6cf65dbe-90f6\" class=\"media  vc_custom_1678447201303\"><div class=\"feature_img  mr-3 animate-in\" data-anim-type=\"fade-in-up\" data-anim-delay=\"\" style=\"width:50px;height:auto;display:inline-block;position:relative;\"><img decoding=\"async\" style=\"width:50px;height:50px;\" class=\"img-fluid2 pix-fit-cover \" src=\"https:\/\/flomak.com\/tr\/wp-content\/uploads\/sites\/17\/2022\/07\/mavi4.svg\" alt=\"End\u00fcstriyel Kimyasallar\"><\/div><div class=\"media-body text-left\"><h5 class=\"font-weight-bold  secondary-font text-heading-default animate-in \" style=\"\" data-anim-type=\"fade-in-up\" data-anim-delay=\"100\">End\u00fcstriyel Kimyasallar<\/h5><div class=\"text-body-default text-18     animate-in\" style=\"padding-top:10px;\" data-anim-type=\"fade-in-up\" data-anim-delay=\"200\">Tekstil ve Ah\u015fap \u0130\u015fleme end\u00fcstrilerine y\u00f6nelik \u00fcst\u00fcn kaliteli kimyasallar.<\/div><\/div><\/div><\/a>[\/vc_column][\/vc_row][vc_row full_width=&#8221;stretch_row&#8221; content_placement=&#8221;middle&#8221; pix_particles_check=&#8221;&#8221;][vc_column content_align=&#8221;text-center&#8221; offset=&#8221;vc_hidden-md vc_hidden-sm vc_hidden-xs&#8221;]<div class=\"d-inline-block \" ><a href=\"https:\/\/flomak.com\/tr\/sektorlerimiz\/\"  class=\"pix-img-el    scale-sm text-center d-inline-block  rounded-0\" ><img fetchpriority=\"high\" decoding=\"async\" class=\"pix-lazy2 card-img2 rounded-0 h-1002\" src=\"https:\/\/flomak.com\/tr\/wp-content\/uploads\/sites\/17\/2023\/03\/Artboard-1.svg\" width=\"2346\" height=\"195\" alt=\"\" style=\"width:1200px;max-height:120px;\"\/><\/a><\/div>[\/vc_column][vc_column offset=&#8221;vc_hidden-lg&#8221;]<div class=\"pix-element-div w-100 text-center\"><h4 class=\"pix-badge-element d-inline-block mr-1 \"  ><span class=\"badge font-weight-bold secondary-font badge-pill bg-gradient-primary  vc_custom_1678369432436  \" style=\" \"><span class=\"text-white\" style=\"\">GRUP S\u0130NERJ\u0130S\u0130<\/span><\/span><\/h4><\/div>[\/vc_column][\/vc_row][\/vc_section][vc_section full_width=&#8221;stretch_row&#8221; pix_over_visibility=&#8221;&#8221; css=&#8221;.vc_custom_1668003201944{background-color: #ffffff !important;}&#8221;][vc_row pix_particles_check=&#8221;&#8221;][vc_column]<div id=\"el1663859023600-3fdf5ff2-4d2c\" class=\"w-100 d-block  vc_custom_1664193474304\"><\/div>[vc_custom_heading text=&#8221;Misyonumuz, insan hayat\u0131nda olumlu bir etki yaratan \u00f6nc\u00fc \u00fcr\u00fcnler tasarlamakt\u0131r.&#8221; font_container=&#8221;tag:h3|text_align:center&#8221; google_fonts=&#8221;font_family:quarto-light%3Aregular|font_style:400%20regular%3A400%3Anormal&#8221;]<div id=\"el1663859008120-83d3b37e-c2d5\" class=\"w-100 d-block \"><\/div><div class=\"pix-el-text w-100 text-center  vc_custom_1664276884232\" ><p class=\"  text-heading-default text-center \" >Alaattin Saz<\/p><\/div><div class=\"pix-el-text w-100 text-center \" ><p class=\"text-sm  text-body-default text-center \" >Y\u00f6netim Kurulu Ba\u015fkan\u0131<\/p><\/div><div id=\"el1663859194086-0facef7c-b54b\" class=\"w-100 d-block  vc_custom_1664193484436\"><\/div><div id=\"el1664261896298-2bd912c0-73a9\" class=\"w-100 d-block \"><\/div>[\/vc_column][\/vc_row][\/vc_section][vc_section full_width=&#8221;stretch_row&#8221; pix_over_visibility=&#8221;&#8221; responsive_css=&#8221;{&#8220;pix_res_sm_pt&#8220;:&#8220;50&#8220;,&#8220;pix_res_md_pt&#8220;:&#8220;50&#8220;}&#8221; css=&#8221;.vc_custom_1668003208885{padding-top: 75px !important;background-color: #f7f7f7 !important;}&#8221;][vc_row content_placement=&#8221;middle&#8221; pix_particles_check=&#8221;&#8221; css=&#8221;.vc_custom_1663916370242{padding-top: 0px !important;padding-bottom: 0px !important;}&#8221;][vc_column width=&#8221;1\/2&#8243; css=&#8221;.vc_custom_1664261977487{padding-top: 30px !important;padding-bottom: 75px !important;}&#8221;]<div class=\"d-inline-block w-100 pix-h-auto \"><div  style=\"\" class=\"  text-left d-inline-block rounded-0\"  ><video class=\"pix-video-bg-element d-block pix-bg-image2 rounded-0 bg-video\" width=\"100%\"  preload=\"metadata\" loop  muted playsinline>\n\t\t\t\t\t\t\t<source src=\"https:\/\/flomak.com\/tr\/wp-content\/uploads\/sites\/17\/2022\/11\/istockphoto-1214987373-640_adpp_is_3.mp4\" type=\"video\/mp4\" \/>\n\t\t\t\t\t\t\t<\/video><\/div><\/div>[\/vc_column][vc_column width=&#8221;1\/2&#8243; content_align=&#8221;text-center&#8221; responsive_css=&#8221;{&#8220;pix_res_sm_pb&#8220;:&#8220;25&#8220;,&#8220;pix_res_md_pb&#8220;:&#8220;25&#8220;}&#8221;][vc_custom_heading text=&#8221;Gelece\u011fe birlikte ad\u0131m atal\u0131m&#8221; font_container=&#8221;tag:h4|text_align:left&#8221; google_fonts=&#8221;font_family:leitura%3Aregular|font_style:400%20regular%3A400%3Anormal&#8221;]<div id=\"el1669052431693-9630133c-8b9f\" class=\"w-100 d-block \"><\/div><div class=\"pix-el-text w-100 text-left  vc_custom_1677047410230\" ><p class=\"text-18  text-body-default text-left \" >D\u00fcnya lideri teknolojilere y\u00f6nelik merak\u0131m\u0131z\u0131 ve s\u00fcrd\u00fcr\u00fclebilir \u00fcretime ili\u015fkin vizyonumuzu payla\u015fan ortaklarla a\u011f\u0131m\u0131z\u0131 s\u00fcrekli geli\u015ftirmeye devam ediyoruz.<br \/>\nFlomak Grubu ile ortakl\u0131k kurma hakk\u0131nda daha fazla bilgi almak i\u00e7in bizimle ileti\u015fime ge\u00e7in<\/p><\/div>[vc_row_inner][vc_column_inner width=&#8221;1\/2&#8243;]<a  href=\"mailto:info@flomak.com\" class=\"btn mb-2     btn-primary d-inline-block      btn-md\"     ><i class=\"font-weight-bold pixicon-email-1   mr-1\"><\/i> <span class=\"font-weight-bold \" >Bize Ula\u015f\u0131n<\/span><\/a>[\/vc_column_inner][\/vc_row_inner][\/vc_column][\/vc_row][\/vc_section][vc_section full_width=&#8221;stretch_row&#8221; pix_over_visibility=&#8221;&#8221; css=&#8221;.vc_custom_1664277452046{padding-top: 40px !important;background-color: #075ca1 !important;}&#8221;][vc_row pix_particles_check=&#8221;&#8221; css=&#8221;.vc_custom_1592257122949{padding-bottom: 40px !important;}&#8221;][vc_column content_align=&#8221;text-center&#8221;]<a class=\"d-inline-block \"  href=\"mailto:info@flomak.com\" target=\"\"><div id=\"duo-icon-119754549\" class=\"pix-icon d-inline-block \"><div class=\"mr-32 d-inline-block text-secondary \"   style=\"width:64.8px;height:64.8px;position:relative;line-height:64.8px;text-align:center;\"><svg width=\"100%\" height=\"100%\" viewBox=\"0 0 24 24\" version=\"1.1\" xmlns=\"http:\/\/www.w3.org\/2000\/svg\" xmlns:xlink=\"http:\/\/www.w3.org\/1999\/xlink\"> <defs><\/defs> <g stroke=\"none\" stroke-width=\"1\" fill=\"none\" fill-rule=\"evenodd\"> <path d=\"M5,6 L19,6 C20.1045695,6 21,6.8954305 21,8 L21,17 C21,18.1045695 20.1045695,19 19,19 L5,19 C3.8954305,19 3,18.1045695 3,17 L3,8 C3,6.8954305 3.8954305,6 5,6 Z M18.1444251,7.83964668 L12,11.1481833 L5.85557487,7.83964668 C5.4908718,7.6432681 5.03602525,7.77972206 4.83964668,8.14442513 C4.6432681,8.5091282 4.77972206,8.96397475 5.14442513,9.16035332 L11.6444251,12.6603533 C11.8664074,12.7798822 12.1335926,12.7798822 12.3555749,12.6603533 L18.8555749,9.16035332 C19.2202779,8.96397475 19.3567319,8.5091282 19.1603533,8.14442513 C18.9639747,7.77972206 18.5091282,7.6432681 18.1444251,7.83964668 Z\" fill=\"#000000\"><\/path> <\/g> <\/svg><\/div><\/div><\/a>[vc_custom_heading text=&#8221;Size nas\u0131l yard\u0131mc\u0131 olabiliriz?&#8221; font_container=&#8221;tag:h3|text_align:center|color:%23ffffff&#8221; google_fonts=&#8221;font_family:quarto-medium%3Aregular|font_style:400%20regular%3A400%3Anormal&#8221;][vc_custom_heading text=&#8221;Bizimle ileti\u015fime ge\u00e7in&#8221; font_container=&#8221;tag:p|font_size:18px|text_align:center|color:%23ffffff&#8221; google_fonts=&#8221;font_family:roobertregular%3Aregular|font_style:400%20regular%3A400%3Anormal&#8221; link=&#8221;url:mailto%3Ainfo%40flomak.com&#8221;][\/vc_column][\/vc_row][\/vc_section][vc_section pix_over_visibility=&#8221;&#8221;][vc_row pix_particles_check=&#8221;&#8221;][vc_column][\/vc_column][\/vc_row][\/vc_section]<\/p>\n","protected":false},"excerpt":{"rendered":"[vc_section full_width=&#8221;stretch_row_content&#8221; pix_over_visibility=&#8221;&#8221; css=&#8221;.vc_custom_1666168706631{padding-top: 0px !important;}&#8221;][vc_row full_width=&#8221;stretch_row_content_no_spaces&#8221; pix_particles_check=&#8221;&#8221; css=&#8221;.vc_custom_1666168821704{padding-top: 0px !important;}&#8221;][vc_column offset=&#8221;vc_hidden-lg vc_hidden-md vc_hidden-sm&#8221; css=&#8221;.vc_custom_1677236817044{padding-top: 0px !important;}&#8221;][vc_raw_html]JTVCbGF5ZXJzbGlkZXIlMjBpZCUzRCUyMjMwJTIyJTVE[\/vc_raw_html][\/vc_column][\/vc_row][\/vc_section][vc_section full_width=&#8221;stretch_row_content&#8221; pix_over_visibility=&#8221;&#8221;][vc_row full_width=&#8221;stretch_row_content_no_spaces&#8221; pix_particles_check=&#8221;&#8221;][vc_column][vc_raw_html]JTVCbGF5ZXJzbGlkZXIlMjBpZCUzRCUyMjI5JTIyJTVE[\/vc_raw_html][\/vc_column][\/vc_row][\/vc_section][vc_section full_width=&#8221;stretch_row&#8221; pix_over_visibility=&#8221;&#8221; css=&#8221;.vc_custom_1668003172893{padding-top: 75px !important;padding-bottom: 75px !important;background-color: #f7f7f7 !important;}&#8221;][vc_row pix_particles_check=&#8221;&#8221; css=&#8221;.vc_custom_1668003106540{background-color: #f7f7f7 !important;}&#8221;][vc_column width=&#8221;1\/4&#8243; css=&#8221;.vc_custom_1663914771604{padding-top: 25px !important;padding-bottom: 25px !important;}&#8221;][\/vc_column][vc_column&#8230;","protected":false},"author":1,"featured_media":15447,"parent":0,"menu_order":0,"comment_status":"closed","ping_status":"closed","template":"","meta":{"om_disable_all_campaigns":false,"_monsterinsights_skip_tracking":false,"_monsterinsights_sitenote_active":false,"_monsterinsights_sitenote_note":"","_monsterinsights_sitenote_category":0,"footnotes":""},"class_list":["post-4","page","type-page","status-publish","has-post-thumbnail","hentry"],"aioseo_notices":[],"_links":{"self":[{"href":"https:\/\/flomak.com\/tr\/wp-json\/wp\/v2\/pages\/4","targetHints":{"allow":["GET"]}}],"collection":[{"href":"https:\/\/flomak.com\/tr\/wp-json\/wp\/v2\/pages"}],"about":[{"href":"https:\/\/flomak.com\/tr\/wp-json\/wp\/v2\/types\/page"}],"author":[{"embeddable":true,"href":"https:\/\/flomak.com\/tr\/wp-json\/wp\/v2\/users\/1"}],"replies":[{"embeddable":true,"href":"https:\/\/flomak.com\/tr\/wp-json\/wp\/v2\/comments?post=4"}],"version-history":[{"count":250,"href":"https:\/\/flomak.com\/tr\/wp-json\/wp\/v2\/pages\/4\/revisions"}],"predecessor-version":[{"id":15709,"href":"https:\/\/flomak.com\/tr\/wp-json\/wp\/v2\/pages\/4\/revisions\/15709"}],"wp:featuredmedia":[{"embeddable":true,"href":"https:\/\/flomak.com\/tr\/wp-json\/wp\/v2\/media\/15447"}],"wp:attachment":[{"href":"https:\/\/flomak.com\/tr\/wp-json\/wp\/v2\/media?parent=4"}],"curies":[{"name":"wp","href":"https:\/\/api.w.org\/{rel}","templated":true}]}}